{"id":168397,"date":"2026-03-07T14:49:53","date_gmt":"2026-03-07T14:49:53","guid":{"rendered":"https:\/\/modesthanim.com\/product\/fiyonk-detayli-pamuklu-uzun-kollu-oversize-bebe-yaka-gomlek\/"},"modified":"2026-04-11T02:08:20","modified_gmt":"2026-04-11T02:08:20","slug":"fiyonk-detayli-pamuklu-uzun-kollu-oversize-bebe-yaka-gomlek","status":"publish","type":"product","link":"https:\/\/mod.wisdar.net\/tr\/urun\/fiyonk-detayli-pamuklu-uzun-kollu-oversize-bebe-yaka-gomlek\/","title":{"rendered":"Fiyonk Detayl\u0131 Pamuklu Uzun Kollu Oversize Bebe Yaka G\u00f6mlek"},"content":{"rendered":"<p>Pamuklu g\u00f6mlek, miniklerin sevimli ve konforlu bir tarz yakalamas\u0131na olanak tan\u0131yor. Uzun kollu yap\u0131s\u0131 ile her mevsim rahat kullan\u0131m sa\u011flarken, oversize kesimi ile g\u00fcn boyu konfor sunuyor. Bebe yaka tasar\u0131m\u0131 ve minimal yap\u0131s\u0131yla bebe\u011finizin gard\u0131robuna tazelik kat\u0131yor.<\/p>\n<p>\u00dcr\u00fcn \u00d6zellikleri<br \/>\nKol Tipi: Uzun Kol<br \/>\nYaka Tipi: Bebe Yaka<br \/>\nKuma\u015f: %100 Pamuk<br \/>\nKullan\u0131m Alan\u0131: G\u00fcnl\u00fck Giyim, \u00d6zel G\u00fcnler<\/p>\n<p>Koton k\u0131z bebek g\u00f6mlek modelleri her mevsim \u015f\u0131kl\u0131k ve rahatl\u0131k sa\u011fl\u0131yor! Miniklerin enerjisine uyum sa\u011flayan tasar\u0131mlar\u0131yla Koton Kids koleksiyonu dikkat \u00e7ekiyor!<\/p>\n<p>\u00dcr\u00fcnlerimiz kimyasallara kar\u015f\u0131 test edilerek, t\u00fcm g\u00fcvenlik kurallar\u0131na uygun olarak \u00fcretilir. \u00dcr\u00fcnlerimizde sa\u011fl\u0131\u011fa zararl\u0131 boyalar ve a\u011f\u0131r metaller, tehlikeli yutulabilecek k\u00fc\u00e7\u00fck ve keskin par\u00e7alar, kordon ve ba\u011fc\u0131klar bulunmamaktad\u0131r.<\/p>\n<p>\u2014 Technical Details \u2014<br \/>\nKol Tipi: Uzun Kol<br \/>\nYaka Tipi: Bebe Yaka<br \/>\nKuma\u015f: %100 Pamuk<br \/>\nKullan\u0131m Alan\u0131: G\u00fcnl\u00fck Giyim, \u00d6zel G\u00fcnler<br \/>\nSil\u00fcet: Oversize<br \/>\n\u00dcr\u00fcn Tipi \/ Stil: Oversize<br \/>\n\u00dcr\u00fcn\u00fcn Alt Markas\u0131: Kidswear<\/p>\n","protected":false},"excerpt":{"rendered":"<p>Pamuklu g\u00f6mlek, miniklerin sevimli ve konforlu bir tarz yakalamas\u0131na olanak tan\u0131yor. Uzun kollu yap\u0131s\u0131 ile her mevsim rahat kullan\u0131m sa\u011flarken, oversize kesimi ile g\u00fcn boyu konfor sunuyor. Bebe yaka tasar\u0131m\u0131 ve minimal yap\u0131s\u0131yla bebe\u011finizin gard\u0131robuna tazelik kat\u0131yor. \u00dcr\u00fcn \u00d6zellikleri Kol Tipi: Uzun Kol Yaka Tipi: Bebe Yaka Kuma\u015f: %100 Pamuk Kullan\u0131m Alan\u0131: G\u00fcnl\u00fck Giyim, \u00d6zel [&hellip;]<\/p>\n","protected":false},"featured_media":168392,"comment_status":"open","ping_status":"closed","template":"","meta":[],"product_brand":[],"product_cat":[8715,8694,8724,8697,8700],"product_tag":[7354,7423,6768],"class_list":{"0":"post-168397","1":"product","2":"type-product","3":"status-publish","4":"has-post-thumbnail","6":"product_cat-kiz-cocuklari-2-14-yas","7":"product_cat-cocuklar","8":"product_cat-tisortler-bluzlar","9":"product_cat-yenidogan-0-12-ay","10":"product_cat-yenidogan-giyim","11":"product_tag-gunluk-giyim-2","12":"product_tag-oversize-2","13":"product_tag-uzun-kol","14":"pa_brand-koton","15":"pa_color-ekru","16":"pa_size-12-18-ay-2","17":"pa_size-18-24-ay-2","18":"pa_size-24-36-ay-2","19":"pa_size-3-4-yas-2","20":"pa_size-4-5-yas-2","21":"pa_size-9-12-ay-3","23":"first","24":"instock","25":"sale","26":"shipping-taxable","27":"purchasable","28":"product-type-variable"},"_links":{"self":[{"href":"https:\/\/mod.wisdar.net\/tr\/wp-json\/wp\/v2\/product\/168397","targetHints":{"allow":["GET"]}}],"collection":[{"href":"https:\/\/mod.wisdar.net\/tr\/wp-json\/wp\/v2\/product"}],"about":[{"href":"https:\/\/mod.wisdar.net\/tr\/wp-json\/wp\/v2\/types\/product"}],"replies":[{"embeddable":true,"href":"https:\/\/mod.wisdar.net\/tr\/wp-json\/wp\/v2\/comments?post=168397"}],"wp:featuredmedia":[{"embeddable":true,"href":"https:\/\/mod.wisdar.net\/tr\/wp-json\/wp\/v2\/media\/168392"}],"wp:attachment":[{"href":"https:\/\/mod.wisdar.net\/tr\/wp-json\/wp\/v2\/media?parent=168397"}],"wp:term":[{"taxonomy":"product_brand","embeddable":true,"href":"https:\/\/mod.wisdar.net\/tr\/wp-json\/wp\/v2\/product_brand?post=168397"},{"taxonomy":"product_cat","embeddable":true,"href":"https:\/\/mod.wisdar.net\/tr\/wp-json\/wp\/v2\/product_cat?post=168397"},{"taxonomy":"product_tag","embeddable":true,"href":"https:\/\/mod.wisdar.net\/tr\/wp-json\/wp\/v2\/product_tag?post=168397"}],"curies":[{"name":"wp","href":"https:\/\/api.w.org\/{rel}","templated":true}]}}