{"id":168405,"date":"2026-03-07T14:49:38","date_gmt":"2026-03-07T14:49:38","guid":{"rendered":"https:\/\/modesthanim.com\/product\/kiz-bebek-kisa-kollu-bisiklet-yaka-pamuklu-baskili-tisort-ve-tayt-seti-_-2li-takim\/"},"modified":"2026-04-11T02:12:03","modified_gmt":"2026-04-11T02:12:03","slug":"kiz-bebek-kisa-kollu-bisiklet-yaka-pamuklu-baskili-tisort-ve-tayt-seti-_-2li-takim","status":"publish","type":"product","link":"https:\/\/mod.wisdar.net\/tr\/urun\/kiz-bebek-kisa-kollu-bisiklet-yaka-pamuklu-baskili-tisort-ve-tayt-seti-_-2li-takim\/","title":{"rendered":"K\u0131z Bebek K\u0131sa Kollu Bisiklet Yaka Pamuklu Bask\u0131l\u0131 Ti\u015f\u00f6rt ve Tayt Seti _ 2&#8217;li Tak\u0131m"},"content":{"rendered":"<p>Ti\u015f\u00f6rt seti, sevimli bask\u0131lar\u0131yla bebeklerin enerjisine ne\u015fe kat\u0131yor. Pamuklu kuma\u015f\u0131 sayesinde konfor sunarken, k\u0131sa kollu ve bisiklet yaka tasar\u0131m\u0131 ile yaz aylar\u0131n\u0131n favorisi haline geliyor. Desenli ve renkli yap\u0131s\u0131yla miniklere konfor sa\u011flayan 2&#8217;lli set, minikler i\u00e7in pratik bir kullan\u0131m sa\u011fl\u0131yor.<\/p>\n<p>\u00dcr\u00fcn \u00d6zellikleri<br \/>\nKol Tipi: K\u0131sa Kol<br \/>\nYaka Tipi: Bisiklet Yaka<br \/>\nDetay: Bask\u0131l\u0131<br \/>\nKuma\u015f: %95 Pamuk, %5 Elastan<br \/>\nKullan\u0131m Alan\u0131: G\u00fcnl\u00fck Giyim<\/p>\n<p>Koton k\u0131z bebek giyim koleksiyonu, miniklerin enerjisine uyum sa\u011fl\u0131yor! E\u011flenceli ve konforlu tasar\u0131mlar\u0131yla Koton Kids, miniklerin favorisi olacak!<\/p>\n<p>\u00dcr\u00fcnlerimiz kimyasallara kar\u015f\u0131 test edilerek, t\u00fcm g\u00fcvenlik kurallar\u0131na uygun olarak \u00fcretilir. \u00dcr\u00fcnlerimizde sa\u011fl\u0131\u011fa zararl\u0131 boyalar ve a\u011f\u0131r metaller, tehlikeli yutulabilecek k\u00fc\u00e7\u00fck ve keskin par\u00e7alar, kordon ve ba\u011fc\u0131klar bulunmamaktad\u0131r.<br \/>\n\u00c7oklu paketlerimizde, \u00fcr\u00fcnlerin kuma\u015f bilgileri farkl\u0131l\u0131k g\u00f6sterebilir.<\/p>\n<p>\u2014 Technical Details \u2014<br \/>\nKol Boyu: K\u0131sa Kol<br \/>\nKol Tipi: D\u00fc\u015f\u00fck Omuz<br \/>\nYaka Tipi: Bisiklet Yaka<br \/>\nSil\u00fcet: Basic<br \/>\n\u00dcr\u00fcn Tipi \/ Stil: Basic<br \/>\n\u00dcr\u00fcn\u00fcn Alt Markas\u0131: Kidswear<\/p>\n","protected":false},"excerpt":{"rendered":"<p>Ti\u015f\u00f6rt seti, sevimli bask\u0131lar\u0131yla bebeklerin enerjisine ne\u015fe kat\u0131yor. Pamuklu kuma\u015f\u0131 sayesinde konfor sunarken, k\u0131sa kollu ve bisiklet yaka tasar\u0131m\u0131 ile yaz aylar\u0131n\u0131n favorisi haline geliyor. Desenli ve renkli yap\u0131s\u0131yla miniklere konfor sa\u011flayan 2&#8217;lli set, minikler i\u00e7in pratik bir kullan\u0131m sa\u011fl\u0131yor. \u00dcr\u00fcn \u00d6zellikleri Kol Tipi: K\u0131sa Kol Yaka Tipi: Bisiklet Yaka Detay: Bask\u0131l\u0131 Kuma\u015f: %95 Pamuk, [&hellip;]<\/p>\n","protected":false},"featured_media":168383,"comment_status":"open","ping_status":"closed","template":"","meta":[],"product_brand":[],"product_cat":[8703,8721,8715,8694,8730,8697],"product_tag":[8022,8110,7488,7480],"class_list":{"0":"post-168405","1":"product","2":"type-product","3":"status-publish","4":"has-post-thumbnail","6":"product_cat-bebek-setleri","7":"product_cat-kiz-cocuk-takimlari","8":"product_cat-kiz-cocuklari-2-14-yas","9":"product_cat-cocuklar","10":"product_cat-pijama","11":"product_cat-yenidogan-0-12-ay","12":"product_tag-baskili-2","13":"product_tag-bisiklet-yaka-2","14":"product_tag-pamuk","15":"product_tag-tayt","16":"pa_brand-koton","17":"pa_color-ekru-desenli","18":"pa_size-12-18-ay-2","19":"pa_size-18-24-ay-2","20":"pa_size-24-36-ay-2","21":"pa_size-3-4-yas-2","22":"pa_size-4-5-yas-2","23":"pa_size-9-12-ay-3","25":"first","26":"outofstock","27":"shipping-taxable","28":"product-type-variable"},"_links":{"self":[{"href":"https:\/\/mod.wisdar.net\/tr\/wp-json\/wp\/v2\/product\/168405","targetHints":{"allow":["GET"]}}],"collection":[{"href":"https:\/\/mod.wisdar.net\/tr\/wp-json\/wp\/v2\/product"}],"about":[{"href":"https:\/\/mod.wisdar.net\/tr\/wp-json\/wp\/v2\/types\/product"}],"replies":[{"embeddable":true,"href":"https:\/\/mod.wisdar.net\/tr\/wp-json\/wp\/v2\/comments?post=168405"}],"wp:featuredmedia":[{"embeddable":true,"href":"https:\/\/mod.wisdar.net\/tr\/wp-json\/wp\/v2\/media\/168383"}],"wp:attachment":[{"href":"https:\/\/mod.wisdar.net\/tr\/wp-json\/wp\/v2\/media?parent=168405"}],"wp:term":[{"taxonomy":"product_brand","embeddable":true,"href":"https:\/\/mod.wisdar.net\/tr\/wp-json\/wp\/v2\/product_brand?post=168405"},{"taxonomy":"product_cat","embeddable":true,"href":"https:\/\/mod.wisdar.net\/tr\/wp-json\/wp\/v2\/product_cat?post=168405"},{"taxonomy":"product_tag","embeddable":true,"href":"https:\/\/mod.wisdar.net\/tr\/wp-json\/wp\/v2\/product_tag?post=168405"}],"curies":[{"name":"wp","href":"https:\/\/api.w.org\/{rel}","templated":true}]}}