{"id":168493,"date":"2026-03-07T14:52:48","date_gmt":"2026-03-07T14:52:48","guid":{"rendered":"https:\/\/modesthanim.com\/product\/kiz-bebek-kurdele-detayli-kisa-kollu-bisiklet-yaka-elbise\/"},"modified":"2026-04-04T01:40:50","modified_gmt":"2026-04-04T01:40:50","slug":"kiz-bebek-kurdele-detayli-kisa-kollu-bisiklet-yaka-elbise","status":"publish","type":"product","link":"https:\/\/mod.wisdar.net\/tr\/urun\/kiz-bebek-kurdele-detayli-kisa-kollu-bisiklet-yaka-elbise\/","title":{"rendered":"K\u0131z Bebek Kurdele Detayl\u0131 K\u0131sa Kollu Bisiklet Yaka Elbise"},"content":{"rendered":"<p>F\u0131rf\u0131r detayl\u0131, k\u0131sa kollu elbise ile miniklerin gard\u0131robuna zarif bir dokunu\u015f kat\u0131yor. Bisiklet yaka tasar\u0131m\u0131 ve diz \u00fcst\u00fc boyu ile rahat bir kullan\u0131m sunuyor. Sevimli fiyonk detaylar\u0131, elbiseye tatl\u0131 bir hava katarken, d\u00fc\u011fme kapamal\u0131 yap\u0131s\u0131 ile kolay giyip \u00e7\u0131karma imkan\u0131 sa\u011fl\u0131yor. Yumu\u015fak dokusu ve esnek yap\u0131s\u0131yla g\u00fcn boyu konfor sunuyor.<br \/>\n\u00dcr\u00fcn \u00d6zellikleri<br \/>\nKol Tipi: K\u0131sa Kol<br \/>\nYaka Tipi: Bisiklet Yaka<br \/>\nBoy: Diz \u00dcst\u00fc<br \/>\nKullan\u0131m Alan\u0131: G\u00fcnl\u00fck Giyim, \u00d6zel G\u00fcnler<br \/>\nKoton k\u0131z bebek giyim koleksiyonu, tatl\u0131 ve zarif tasar\u0131m\u0131yla miniklerin kalbini kazan\u0131yor! Koton\u2019un kaliteli ve sevimli tasar\u0131mlar\u0131 ile gard\u0131roplar\u0131n\u0131 canland\u0131r\u0131n!<br \/>\n\u00dcr\u00fcnlerimiz kimyasallara kar\u015f\u0131 test edilerek, t\u00fcm g\u00fcvenlik kurallar\u0131na uygun olarak \u00fcretilir. \u00dcr\u00fcnlerimizde sa\u011fl\u0131\u011fa zararl\u0131 boyalar ve a\u011f\u0131r metaller, tehlikeli yutulabilecek k\u00fc\u00e7\u00fck ve keskin par\u00e7alar, kordon ve ba\u011fc\u0131klar bulunmamaktad\u0131r.<\/p>\n","protected":false},"excerpt":{"rendered":"<p>F\u0131rf\u0131r detayl\u0131, k\u0131sa kollu elbise ile miniklerin gard\u0131robuna zarif bir dokunu\u015f kat\u0131yor. Bisiklet yaka tasar\u0131m\u0131 ve diz \u00fcst\u00fc boyu ile rahat bir kullan\u0131m sunuyor. Sevimli fiyonk detaylar\u0131, elbiseye tatl\u0131 bir hava katarken, d\u00fc\u011fme kapamal\u0131 yap\u0131s\u0131 ile kolay giyip \u00e7\u0131karma imkan\u0131 sa\u011fl\u0131yor. Yumu\u015fak dokusu ve esnek yap\u0131s\u0131yla g\u00fcn boyu konfor sunuyor. \u00dcr\u00fcn \u00d6zellikleri Kol Tipi: K\u0131sa [&hellip;]<\/p>\n","protected":false},"featured_media":168489,"comment_status":"open","ping_status":"closed","template":"","meta":[],"product_brand":[],"product_cat":[8712,8718,8715,8694,8697],"product_tag":[8110,7426,8186,6772,7488],"class_list":{"0":"post-168493","1":"product","2":"type-product","3":"status-publish","4":"has-post-thumbnail","6":"product_cat-bebek-elbiseleri","7":"product_cat-elbiseler-etekler","8":"product_cat-kiz-cocuklari-2-14-yas","9":"product_cat-cocuklar","10":"product_cat-yenidogan-0-12-ay","11":"product_tag-bisiklet-yaka-2","12":"product_tag-gunluk-giyim-3","13":"product_tag-kurdele-detayi","14":"product_tag-ozel-gun","15":"product_tag-pamuk","16":"pa_brand-koton","17":"pa_color-pembe","18":"pa_size-12-18-ay-2","19":"pa_size-18-24-ay-2","20":"pa_size-24-36-ay-2","21":"pa_size-3-4-yas-2","22":"pa_size-4-5-yas-2","23":"pa_size-9-12-ay-3","25":"first","26":"outofstock","27":"shipping-taxable","28":"product-type-variable"},"_links":{"self":[{"href":"https:\/\/mod.wisdar.net\/tr\/wp-json\/wp\/v2\/product\/168493","targetHints":{"allow":["GET"]}}],"collection":[{"href":"https:\/\/mod.wisdar.net\/tr\/wp-json\/wp\/v2\/product"}],"about":[{"href":"https:\/\/mod.wisdar.net\/tr\/wp-json\/wp\/v2\/types\/product"}],"replies":[{"embeddable":true,"href":"https:\/\/mod.wisdar.net\/tr\/wp-json\/wp\/v2\/comments?post=168493"}],"wp:featuredmedia":[{"embeddable":true,"href":"https:\/\/mod.wisdar.net\/tr\/wp-json\/wp\/v2\/media\/168489"}],"wp:attachment":[{"href":"https:\/\/mod.wisdar.net\/tr\/wp-json\/wp\/v2\/media?parent=168493"}],"wp:term":[{"taxonomy":"product_brand","embeddable":true,"href":"https:\/\/mod.wisdar.net\/tr\/wp-json\/wp\/v2\/product_brand?post=168493"},{"taxonomy":"product_cat","embeddable":true,"href":"https:\/\/mod.wisdar.net\/tr\/wp-json\/wp\/v2\/product_cat?post=168493"},{"taxonomy":"product_tag","embeddable":true,"href":"https:\/\/mod.wisdar.net\/tr\/wp-json\/wp\/v2\/product_tag?post=168493"}],"curies":[{"name":"wp","href":"https:\/\/api.w.org\/{rel}","templated":true}]}}