{"id":168530,"date":"2026-03-07T15:09:01","date_gmt":"2026-03-07T15:09:01","guid":{"rendered":"https:\/\/modesthanim.com\/product\/kiz-bebek-bisiklet-yaka-pamuklu-a-form-firfir-detayli-kolsuz-cicek-desenli-elbise\/"},"modified":"2026-04-15T20:46:09","modified_gmt":"2026-04-15T20:46:09","slug":"kiz-bebek-bisiklet-yaka-pamuklu-a-form-firfir-detayli-kolsuz-cicek-desenli-elbise","status":"publish","type":"product","link":"https:\/\/mod.wisdar.net\/tr\/urun\/kiz-bebek-bisiklet-yaka-pamuklu-a-form-firfir-detayli-kolsuz-cicek-desenli-elbise\/","title":{"rendered":"K\u0131z Bebek Bisiklet Yaka Pamuklu A Form F\u0131rf\u0131r Detayl\u0131 Kolsuz \u00c7i\u00e7ek Desenli Elbise"},"content":{"rendered":"<p>\u00c7i\u00e7ek desenli kolsuz elbise, miniklerin favorisi oluyor. Ka\u015fkorse kuma\u015f\u0131 sayesinde g\u00fcn boyu konfor sa\u011flarken \u00e7i\u00e7ek desenleriyle \u015firin bir stil sunuyor. Elbise, bisiklet yaka tasar\u0131m\u0131 ve f\u0131rf\u0131r detaylar\u0131 ile dikkat \u00e7eken \u015firin bir tercih oluyor. Pamuklu dokusu ve rahatl\u0131\u011f\u0131 sayesinde \u00f6zg\u00fcrce oynamalar\u0131na imkan tan\u0131yor.<br \/>\n\u00dcr\u00fcn \u00d6zellikleri<br \/>\nKol Tipi: Kolsuz<br \/>\nYaka Tipi: Bisiklet Yaka<br \/>\nDetay: F\u0131rf\u0131r Detayl\u0131<br \/>\nKuma\u015f: %95 Pamuk, %5 Elastan<br \/>\nKullan\u0131m Alan\u0131: G\u00fcnl\u00fck Giyim<br \/>\nKoton k\u0131z bebek giyim koleksiyonu \u015firin tasar\u0131mlar\u0131 ve rahatl\u0131\u011f\u0131 bir araya getiriyor. Miniklere \u00f6zel sevimli ve konforlu tasar\u0131mlar Koton bebek elbise koleksiyonunda sizi bekliyor!<br \/>\n\u00dcr\u00fcnlerimiz kimyasallara kar\u015f\u0131 test edilerek, t\u00fcm g\u00fcvenlik kurallar\u0131na uygun olarak \u00fcretilir. \u00dcr\u00fcnlerimizde sa\u011fl\u0131\u011fa zararl\u0131 boyalar, tehlikeli yutulabilecek k\u00fc\u00e7\u00fck ve keskin par\u00e7alar, kordon ve ba\u011fc\u0131klar bulunmamaktad\u0131r.<\/p>\n","protected":false},"excerpt":{"rendered":"<p>\u00c7i\u00e7ek desenli kolsuz elbise, miniklerin favorisi oluyor. Ka\u015fkorse kuma\u015f\u0131 sayesinde g\u00fcn boyu konfor sa\u011flarken \u00e7i\u00e7ek desenleriyle \u015firin bir stil sunuyor. Elbise, bisiklet yaka tasar\u0131m\u0131 ve f\u0131rf\u0131r detaylar\u0131 ile dikkat \u00e7eken \u015firin bir tercih oluyor. Pamuklu dokusu ve rahatl\u0131\u011f\u0131 sayesinde \u00f6zg\u00fcrce oynamalar\u0131na imkan tan\u0131yor. \u00dcr\u00fcn \u00d6zellikleri Kol Tipi: Kolsuz Yaka Tipi: Bisiklet Yaka Detay: F\u0131rf\u0131r Detayl\u0131 [&hellip;]<\/p>\n","protected":false},"featured_media":168527,"comment_status":"open","ping_status":"closed","template":"","meta":[],"product_brand":[],"product_cat":[8712,8718,8715,8694,8697],"product_tag":[7426],"class_list":{"0":"post-168530","1":"product","2":"type-product","3":"status-publish","4":"has-post-thumbnail","6":"product_cat-bebek-elbiseleri","7":"product_cat-elbiseler-etekler","8":"product_cat-kiz-cocuklari-2-14-yas","9":"product_cat-cocuklar","10":"product_cat-yenidogan-0-12-ay","11":"product_tag-gunluk-giyim-3","12":"pa_brand-koton","13":"pa_color-pembe-desenli","14":"pa_size-12-18-ay-2","15":"pa_size-18-24-ay-2","16":"pa_size-24-36-ay-2","17":"pa_size-3-4-yas-2","18":"pa_size-4-5-yas-2","19":"pa_size-9-12-ay-3","21":"first","22":"instock","23":"sale","24":"shipping-taxable","25":"purchasable","26":"product-type-variable"},"_links":{"self":[{"href":"https:\/\/mod.wisdar.net\/tr\/wp-json\/wp\/v2\/product\/168530","targetHints":{"allow":["GET"]}}],"collection":[{"href":"https:\/\/mod.wisdar.net\/tr\/wp-json\/wp\/v2\/product"}],"about":[{"href":"https:\/\/mod.wisdar.net\/tr\/wp-json\/wp\/v2\/types\/product"}],"replies":[{"embeddable":true,"href":"https:\/\/mod.wisdar.net\/tr\/wp-json\/wp\/v2\/comments?post=168530"}],"wp:featuredmedia":[{"embeddable":true,"href":"https:\/\/mod.wisdar.net\/tr\/wp-json\/wp\/v2\/media\/168527"}],"wp:attachment":[{"href":"https:\/\/mod.wisdar.net\/tr\/wp-json\/wp\/v2\/media?parent=168530"}],"wp:term":[{"taxonomy":"product_brand","embeddable":true,"href":"https:\/\/mod.wisdar.net\/tr\/wp-json\/wp\/v2\/product_brand?post=168530"},{"taxonomy":"product_cat","embeddable":true,"href":"https:\/\/mod.wisdar.net\/tr\/wp-json\/wp\/v2\/product_cat?post=168530"},{"taxonomy":"product_tag","embeddable":true,"href":"https:\/\/mod.wisdar.net\/tr\/wp-json\/wp\/v2\/product_tag?post=168530"}],"curies":[{"name":"wp","href":"https:\/\/api.w.org\/{rel}","templated":true}]}}