{"id":168566,"date":"2026-03-07T15:13:21","date_gmt":"2026-03-07T15:13:21","guid":{"rendered":"https:\/\/modesthanim.com\/product\/kiz-bebek-uzun-kollu-bisiklet-yaka-pamuklu-sardonlu-fiyonklu-sweatshirt\/"},"modified":"2026-04-02T20:42:26","modified_gmt":"2026-04-02T20:42:26","slug":"kiz-bebek-uzun-kollu-bisiklet-yaka-pamuklu-sardonlu-fiyonklu-sweatshirt","status":"publish","type":"product","link":"https:\/\/mod.wisdar.net\/tr\/urun\/kiz-bebek-uzun-kollu-bisiklet-yaka-pamuklu-sardonlu-fiyonklu-sweatshirt\/","title":{"rendered":"K\u0131z Bebek Uzun Kollu Bisiklet Yaka Pamuklu \u015eardonlu Fiyonklu Sweatshirt"},"content":{"rendered":"<p>Pamuklu sweatshirt, minikler i\u00e7in sevimli bir tercih sunuyor. Uzun kollu ve bisiklet yaka tasar\u0131m\u0131 ile konforlu bir giyim deneyimi sa\u011flarken, \u00f6n k\u0131sm\u0131ndaki fiyonk detay\u0131 ise \u00fcr\u00fcne \u015firin bir dokunu\u015f kat\u0131yor. Yumu\u015fak ve pamuklu  dokusuyla miniklere konfor sa\u011fl\u0131yor ve rahat kesimiyle hareket \u00f6zg\u00fcrl\u00fc\u011f\u00fc sunuyor.<br \/>\n\u00dcr\u00fcn \u00d6zellikleri<br \/>\nKol Tipi: Uzun Kol<br \/>\nYaka Tipi: Bisiklet Yaka<br \/>\nDetay: Fiyonklu<br \/>\nKuma\u015f: %100 Pamuk<br \/>\nKullan\u0131m Alan\u0131: G\u00fcnl\u00fck Giyim, Spor Giyim<br \/>\nKoton k\u0131z bebek giyim koleksiyonu, tasar\u0131mlar\u0131yla miniklerin ne\u015fesine ortak oluyor! \u015eirin ve konforlu se\u00e7enekler i\u00e7in Koton Kids\u2019i ke\u015ffedin!<br \/>\n\u00dcr\u00fcnlerimiz kimyasallara kar\u015f\u0131 test edilerek, t\u00fcm g\u00fcvenlik kurallar\u0131na uygun olarak \u00fcretilir. \u00dcr\u00fcnlerimizde sa\u011fl\u0131\u011fa zararl\u0131 boyalar ve a\u011f\u0131r metaller, tehlikeli yutulabilecek k\u00fc\u00e7\u00fck ve keskin par\u00e7alar, kordon ve ba\u011fc\u0131klar bulunmamaktad\u0131r.<\/p>\n","protected":false},"excerpt":{"rendered":"<p>Pamuklu sweatshirt, minikler i\u00e7in sevimli bir tercih sunuyor. Uzun kollu ve bisiklet yaka tasar\u0131m\u0131 ile konforlu bir giyim deneyimi sa\u011flarken, \u00f6n k\u0131sm\u0131ndaki fiyonk detay\u0131 ise \u00fcr\u00fcne \u015firin bir dokunu\u015f kat\u0131yor. Yumu\u015fak ve pamuklu dokusuyla miniklere konfor sa\u011fl\u0131yor ve rahat kesimiyle hareket \u00f6zg\u00fcrl\u00fc\u011f\u00fc sunuyor. \u00dcr\u00fcn \u00d6zellikleri Kol Tipi: Uzun Kol Yaka Tipi: Bisiklet Yaka Detay: Fiyonklu [&hellip;]<\/p>\n","protected":false},"featured_media":168563,"comment_status":"open","ping_status":"closed","template":"","meta":[],"product_brand":[],"product_cat":[8694,8697,8700],"product_tag":[7419,7488,6751,7424,7422,6768],"class_list":{"0":"post-168566","1":"product","2":"type-product","3":"status-publish","4":"has-post-thumbnail","6":"product_cat-cocuklar","7":"product_cat-yenidogan-0-12-ay","8":"product_cat-yenidogan-giyim","9":"product_tag-gunluk","10":"product_tag-pamuk","11":"product_tag-rahat","12":"product_tag-spor-giyim","13":"product_tag-sweatshirt","14":"product_tag-uzun-kol","15":"pa_brand-koton","16":"pa_color-ekru","17":"pa_size-12-18-ay-2","18":"pa_size-18-24-ay-2","19":"pa_size-24-36-ay-2","20":"pa_size-3-4-yas-2","21":"pa_size-4-5-yas-2","22":"pa_size-9-12-ay-3","24":"first","25":"outofstock","26":"shipping-taxable","27":"product-type-variable"},"_links":{"self":[{"href":"https:\/\/mod.wisdar.net\/tr\/wp-json\/wp\/v2\/product\/168566","targetHints":{"allow":["GET"]}}],"collection":[{"href":"https:\/\/mod.wisdar.net\/tr\/wp-json\/wp\/v2\/product"}],"about":[{"href":"https:\/\/mod.wisdar.net\/tr\/wp-json\/wp\/v2\/types\/product"}],"replies":[{"embeddable":true,"href":"https:\/\/mod.wisdar.net\/tr\/wp-json\/wp\/v2\/comments?post=168566"}],"wp:featuredmedia":[{"embeddable":true,"href":"https:\/\/mod.wisdar.net\/tr\/wp-json\/wp\/v2\/media\/168563"}],"wp:attachment":[{"href":"https:\/\/mod.wisdar.net\/tr\/wp-json\/wp\/v2\/media?parent=168566"}],"wp:term":[{"taxonomy":"product_brand","embeddable":true,"href":"https:\/\/mod.wisdar.net\/tr\/wp-json\/wp\/v2\/product_brand?post=168566"},{"taxonomy":"product_cat","embeddable":true,"href":"https:\/\/mod.wisdar.net\/tr\/wp-json\/wp\/v2\/product_cat?post=168566"},{"taxonomy":"product_tag","embeddable":true,"href":"https:\/\/mod.wisdar.net\/tr\/wp-json\/wp\/v2\/product_tag?post=168566"}],"curies":[{"name":"wp","href":"https:\/\/api.w.org\/{rel}","templated":true}]}}