{"id":16858,"date":"2025-11-02T12:51:59","date_gmt":"2025-11-02T12:51:59","guid":{"rendered":"https:\/\/modesthanim.com\/product\/yarim-patli-kusakli-elbise-siyah\/"},"modified":"2026-04-02T20:15:02","modified_gmt":"2026-04-02T20:15:02","slug":"yarim-patli-kusakli-elbise-siyah","status":"publish","type":"product","link":"https:\/\/mod.wisdar.net\/tr\/urun\/yarim-patli-kusakli-elbise-siyah\/","title":{"rendered":"Yar\u0131m Patl\u0131 Ku\u015fakl\u0131 Elbise \u2013 Siyah"},"content":{"rendered":"<p>Bu elbise, zarif yar\u0131m pat ve ku\u015fak detay\u0131 ile klasik ve modern dokunu\u015flar\u0131 harmanlar. Ak\u0131c\u0131 kuma\u015f\u0131, g\u00fcn boyu konfor sunarken, ku\u015fak detay\u0131 \u015f\u0131k bir siluet sa\u011flar.<\/p>\n<p>Kuma\u015f \u0130\u00e7eri\u011fi: %100 Polyester<br \/>\nDesen: D\u00fcz<br \/>\nYaka Tipi: Mandren Yaka<br \/>\nKol Tipi: Raglan Kollar<br \/>\nCep: Gizli Cep<br \/>\nAstar: Astarl\u0131<br \/>\n\u00dcr\u00fcn Uzunlu\u011fu: 140 cm<br \/>\nKal\u0131p: Rahat Kesim<br \/>\nModelin Giydi\u011fi Beden: 38<br \/>\nModel \u00d6l\u00e7\u00fcleri: Boy: 176 cm, G\u00f6\u011f\u00fcs: 75 cm, Bel: 59 cm, Kal\u00e7a: 87 cm<\/p>\n<p>\u2014 Teknik Detaylar \u2014<br \/>\nDesen: D\u00fcz<br \/>\nYaka Tipi: Mandren Yaka<br \/>\nKol Tipi: Raglan Kollar<br \/>\nCep: Gizli Cep<br \/>\nAstar: Astarl\u0131<br \/>\n\u00dcr\u00fcn Uzunlu\u011fu: 140 cm<br \/>\nKal\u0131p: Rahat Kesim<br \/>\nModelin Giydi\u011fi Beden: 38<br \/>\nModel \u00d6l\u00e7\u00fcleri: Boy: 176 cm, G\u00f6\u011f\u00fcs: 75 cm, Bel: 59 cm, Kal\u00e7a: 87 cm<\/p>\n","protected":false},"excerpt":{"rendered":"<p>Bu elbise, zarif yar\u0131m pat ve ku\u015fak detay\u0131 ile klasik ve modern dokunu\u015flar\u0131 harmanlar. Ak\u0131c\u0131 kuma\u015f\u0131, g\u00fcn boyu konfor sunarken, ku\u015fak detay\u0131 \u015f\u0131k bir siluet sa\u011flar. Kuma\u015f \u0130\u00e7eri\u011fi: %100 Polyester Desen: D\u00fcz Yaka Tipi: Mandren Yaka Kol Tipi: Raglan Kollar Cep: Gizli Cep Astar: Astarl\u0131 \u00dcr\u00fcn Uzunlu\u011fu: 140 cm Kal\u0131p: Rahat Kesim Modelin Giydi\u011fi Beden: [&hellip;]<\/p>\n","protected":false},"featured_media":51920,"comment_status":"open","ping_status":"closed","template":"","meta":[],"product_brand":[],"product_cat":[],"product_tag":[],"class_list":{"0":"post-16858","1":"product","2":"type-product","3":"status-publish","4":"has-post-thumbnail","7":"first","8":"outofstock","9":"sale","10":"shipping-taxable","11":"purchasable","12":"product-type-variable"},"_links":{"self":[{"href":"https:\/\/mod.wisdar.net\/tr\/wp-json\/wp\/v2\/product\/16858","targetHints":{"allow":["GET"]}}],"collection":[{"href":"https:\/\/mod.wisdar.net\/tr\/wp-json\/wp\/v2\/product"}],"about":[{"href":"https:\/\/mod.wisdar.net\/tr\/wp-json\/wp\/v2\/types\/product"}],"replies":[{"embeddable":true,"href":"https:\/\/mod.wisdar.net\/tr\/wp-json\/wp\/v2\/comments?post=16858"}],"wp:featuredmedia":[{"embeddable":true,"href":"https:\/\/mod.wisdar.net\/tr\/wp-json\/wp\/v2\/media\/51920"}],"wp:attachment":[{"href":"https:\/\/mod.wisdar.net\/tr\/wp-json\/wp\/v2\/media?parent=16858"}],"wp:term":[{"taxonomy":"product_brand","embeddable":true,"href":"https:\/\/mod.wisdar.net\/tr\/wp-json\/wp\/v2\/product_brand?post=16858"},{"taxonomy":"product_cat","embeddable":true,"href":"https:\/\/mod.wisdar.net\/tr\/wp-json\/wp\/v2\/product_cat?post=16858"},{"taxonomy":"product_tag","embeddable":true,"href":"https:\/\/mod.wisdar.net\/tr\/wp-json\/wp\/v2\/product_tag?post=16858"}],"curies":[{"name":"wp","href":"https:\/\/api.w.org\/{rel}","templated":true}]}}