{"id":168602,"date":"2026-03-07T15:15:46","date_gmt":"2026-03-07T15:15:46","guid":{"rendered":"https:\/\/modesthanim.com\/product\/kiz-bebek-pamuklu-kisa-kollu-bisiklet-yaka-desenli-dusuk-bel-tisort-sort-takim-2li-set\/"},"modified":"2026-04-11T02:10:53","modified_gmt":"2026-04-11T02:10:53","slug":"kiz-bebek-pamuklu-kisa-kollu-bisiklet-yaka-desenli-dusuk-bel-tisort-sort-takim-2li-set","status":"publish","type":"product","link":"https:\/\/mod.wisdar.net\/tr\/urun\/kiz-bebek-pamuklu-kisa-kollu-bisiklet-yaka-desenli-dusuk-bel-tisort-sort-takim-2li-set\/","title":{"rendered":"K\u0131z Bebek Pamuklu K\u0131sa Kollu Bisiklet Yaka Desenli D\u00fc\u015f\u00fck Bel Ti\u015f\u00f6rt \u015eort Tak\u0131m \u2013 2&#8217;li Set"},"content":{"rendered":"<p>Pamuklu ti\u015f\u00f6rt ve \u015fort tak\u0131m\u0131, k\u0131sa kollu tasar\u0131m\u0131yla miniklerin gard\u0131robuna enerji kat\u0131yor. Pamuklu kuma\u015f\u0131yla g\u00fcn boyu konfor sunarken, \u00e7ilek desenli \u015firin tasar\u0131m\u0131yla miniklerin favorilerinden biri oluyor. E\u011flenceli tasar\u0131m\u0131yla dikkat \u00e7eken tak\u0131m, bebe\u011finizin rahat hareket edebilmesine imkan tan\u0131yor.<br \/>\n\u00dcr\u00fcn \u00d6zellikleri<br \/>\nKol Tipi: K\u0131sa Kol<br \/>\nYaka Tipi: Bisiklet Yaka<br \/>\nKuma\u015f: %95 Pamuk, %5 Elastan<br \/>\nDetay: Bask\u0131l\u0131<br \/>\nKullan\u0131m Alan\u0131: G\u00fcnl\u00fck Giyim<br \/>\nKoton k\u0131z bebek koleksiyonu, rahatl\u0131\u011f\u0131 ve \u015firin tasar\u0131mlar\u0131 bir araya getiriyor. Sevimli ve konforlu bu tak\u0131m ile miniklerin d\u00fcnyas\u0131n\u0131 renklendirin!<br \/>\n\u00c7oklu paketlerimizde, \u00fcr\u00fcnlerin kuma\u015f bilgileri farkl\u0131l\u0131k g\u00f6sterebilir.<br \/>\n\u00dcr\u00fcnlerimiz kimyasallara kar\u015f\u0131 test edilerek, t\u00fcm g\u00fcvenlik kurallar\u0131na uygun olarak \u00fcretilir. \u00dcr\u00fcnlerimizde sa\u011fl\u0131\u011fa zararl\u0131 boyalar ve a\u011f\u0131r metaller, tehlikeli yutulabilecek k\u00fc\u00e7\u00fck ve keskin par\u00e7alar, kordon ve ba\u011fc\u0131klar bulunmamaktad\u0131r.<\/p>\n<p>\u2014 Technical Details \u2014<br \/>\nKuma\u015f: %95 PAMUK, %5 ELASTAN<br \/>\nKol Boyu: K\u0131sa Kol<br \/>\nKol Tipi: D\u00fc\u015f\u00fck Omuz<br \/>\nYaka Tipi: Bisiklet Yaka<br \/>\nSil\u00fcet: Basic<br \/>\nBel Y\u00fcksekli\u011fi: D\u00fc\u015f\u00fck Bel<br \/>\n\u00dcr\u00fcn Tipi \/ Stil: Basic<br \/>\n\u00dcr\u00fcn\u00fcn Alt Markas\u0131: Kidswear<\/p>\n","protected":false},"excerpt":{"rendered":"<p>Pamuklu ti\u015f\u00f6rt ve \u015fort tak\u0131m\u0131, k\u0131sa kollu tasar\u0131m\u0131yla miniklerin gard\u0131robuna enerji kat\u0131yor. Pamuklu kuma\u015f\u0131yla g\u00fcn boyu konfor sunarken, \u00e7ilek desenli \u015firin tasar\u0131m\u0131yla miniklerin favorilerinden biri oluyor. E\u011flenceli tasar\u0131m\u0131yla dikkat \u00e7eken tak\u0131m, bebe\u011finizin rahat hareket edebilmesine imkan tan\u0131yor. \u00dcr\u00fcn \u00d6zellikleri Kol Tipi: K\u0131sa Kol Yaka Tipi: Bisiklet Yaka Kuma\u015f: %95 Pamuk, %5 Elastan Detay: Bask\u0131l\u0131 Kullan\u0131m [&hellip;]<\/p>\n","protected":false},"featured_media":168599,"comment_status":"open","ping_status":"closed","template":"","meta":[],"product_brand":[],"product_cat":[8703,8721,8715,8694,8730,8697],"product_tag":[8110,7354,7425,6751],"class_list":{"0":"post-168602","1":"product","2":"type-product","3":"status-publish","4":"has-post-thumbnail","6":"product_cat-bebek-setleri","7":"product_cat-kiz-cocuk-takimlari","8":"product_cat-kiz-cocuklari-2-14-yas","9":"product_cat-cocuklar","10":"product_cat-pijama","11":"product_cat-yenidogan-0-12-ay","12":"product_tag-bisiklet-yaka-2","13":"product_tag-gunluk-giyim-2","14":"product_tag-pamuk-karisimi","15":"product_tag-rahat","16":"pa_brand-koton","17":"pa_color-pembe","18":"pa_size-12-18-ay-2","19":"pa_size-18-24-ay-2","20":"pa_size-24-36-ay-2","21":"pa_size-3-4-yas-2","22":"pa_size-4-5-yas-2","23":"pa_size-9-12-ay-3","25":"first","26":"instock","27":"sale","28":"shipping-taxable","29":"purchasable","30":"product-type-variable"},"_links":{"self":[{"href":"https:\/\/mod.wisdar.net\/tr\/wp-json\/wp\/v2\/product\/168602","targetHints":{"allow":["GET"]}}],"collection":[{"href":"https:\/\/mod.wisdar.net\/tr\/wp-json\/wp\/v2\/product"}],"about":[{"href":"https:\/\/mod.wisdar.net\/tr\/wp-json\/wp\/v2\/types\/product"}],"replies":[{"embeddable":true,"href":"https:\/\/mod.wisdar.net\/tr\/wp-json\/wp\/v2\/comments?post=168602"}],"wp:featuredmedia":[{"embeddable":true,"href":"https:\/\/mod.wisdar.net\/tr\/wp-json\/wp\/v2\/media\/168599"}],"wp:attachment":[{"href":"https:\/\/mod.wisdar.net\/tr\/wp-json\/wp\/v2\/media?parent=168602"}],"wp:term":[{"taxonomy":"product_brand","embeddable":true,"href":"https:\/\/mod.wisdar.net\/tr\/wp-json\/wp\/v2\/product_brand?post=168602"},{"taxonomy":"product_cat","embeddable":true,"href":"https:\/\/mod.wisdar.net\/tr\/wp-json\/wp\/v2\/product_cat?post=168602"},{"taxonomy":"product_tag","embeddable":true,"href":"https:\/\/mod.wisdar.net\/tr\/wp-json\/wp\/v2\/product_tag?post=168602"}],"curies":[{"name":"wp","href":"https:\/\/api.w.org\/{rel}","templated":true}]}}