{"id":168638,"date":"2026-03-07T15:17:00","date_gmt":"2026-03-07T15:17:00","guid":{"rendered":"https:\/\/modesthanim.com\/product\/kiz-bebek-kisa-kollu-bisiklet-yaka-fiyonk-baskili-pamuklu-elbise\/"},"modified":"2026-04-04T01:32:51","modified_gmt":"2026-04-04T01:32:51","slug":"kiz-bebek-kisa-kollu-bisiklet-yaka-fiyonk-baskili-pamuklu-elbise","status":"publish","type":"product","link":"https:\/\/mod.wisdar.net\/tr\/urun\/kiz-bebek-kisa-kollu-bisiklet-yaka-fiyonk-baskili-pamuklu-elbise\/","title":{"rendered":"K\u0131z Bebek K\u0131sa Kollu Bisiklet Yaka Fiyonk Bask\u0131l\u0131 Pamuklu Elbise"},"content":{"rendered":"<p>Fiyonk bask\u0131l\u0131 sevimli elbise, yumu\u015fak dokusuyla miniklere rahatl\u0131k sunuyor. K\u0131sa kollu ve bisiklet yaka tasar\u0131m\u0131 sayesinde hareket \u00f6zg\u00fcrl\u00fc\u011f\u00fc sa\u011fl\u0131yor. \u015eirin fiyonk detaylar\u0131yla dikkat \u00e7eken elbise, g\u00fcnl\u00fck kullan\u0131ma uygun bir se\u00e7enek olarak \u00f6ne \u00e7\u0131k\u0131yor.<\/p>\n<p>\u00dcr\u00fcn \u00d6zellikleri<br \/>\nKol Tipi: K\u0131sa Kol<br \/>\nYaka Tipi: Bisiklet Yaka<br \/>\nDetay: Fiyonk Bask\u0131l\u0131<br \/>\nKuma\u015f: %96 Pamuk, %4 Elastan<br \/>\nKullan\u0131m Alan\u0131: G\u00fcnl\u00fck Giyim<\/p>\n<p>Koton k\u0131z bebek koleksiyonu, renkli ve e\u011flenceli tasar\u0131mlar\u0131yla dikkat \u00e7ekiyor! Koton&#8217;un sevimli ve rahat elbiseleriyle miniklerin g\u00fcn\u00fcn\u00fc renklendirin!<\/p>\n<p>\u00dcr\u00fcnlerimiz kimyasallara kar\u015f\u0131 test edilerek, t\u00fcm g\u00fcvenlik kurallar\u0131na uygun olarak \u00fcretilir. \u00dcr\u00fcnlerimizde sa\u011fl\u0131\u011fa zararl\u0131 boyalar ve a\u011f\u0131r metaller, tehlikeli yutulabilecek k\u00fc\u00e7\u00fck ve keskin par\u00e7alar, kordon ve ba\u011fc\u0131klar bulunmamaktad\u0131r.<\/p>\n","protected":false},"excerpt":{"rendered":"<p>Fiyonk bask\u0131l\u0131 sevimli elbise, yumu\u015fak dokusuyla miniklere rahatl\u0131k sunuyor. K\u0131sa kollu ve bisiklet yaka tasar\u0131m\u0131 sayesinde hareket \u00f6zg\u00fcrl\u00fc\u011f\u00fc sa\u011fl\u0131yor. \u015eirin fiyonk detaylar\u0131yla dikkat \u00e7eken elbise, g\u00fcnl\u00fck kullan\u0131ma uygun bir se\u00e7enek olarak \u00f6ne \u00e7\u0131k\u0131yor. \u00dcr\u00fcn \u00d6zellikleri Kol Tipi: K\u0131sa Kol Yaka Tipi: Bisiklet Yaka Detay: Fiyonk Bask\u0131l\u0131 Kuma\u015f: %96 Pamuk, %4 Elastan Kullan\u0131m Alan\u0131: G\u00fcnl\u00fck Giyim [&hellip;]<\/p>\n","protected":false},"featured_media":168635,"comment_status":"open","ping_status":"closed","template":"","meta":[],"product_brand":[],"product_cat":[8712,8718,8715,8694,8697],"product_tag":[8110,7354,6751],"class_list":{"0":"post-168638","1":"product","2":"type-product","3":"status-publish","4":"has-post-thumbnail","6":"product_cat-bebek-elbiseleri","7":"product_cat-elbiseler-etekler","8":"product_cat-kiz-cocuklari-2-14-yas","9":"product_cat-cocuklar","10":"product_cat-yenidogan-0-12-ay","11":"product_tag-bisiklet-yaka-2","12":"product_tag-gunluk-giyim-2","13":"product_tag-rahat","14":"pa_brand-koton","15":"pa_color-pembe-desenli","16":"pa_size-12-18-ay-2","17":"pa_size-18-24-ay-2","18":"pa_size-24-36-ay-2","19":"pa_size-3-4-yas-2","20":"pa_size-4-5-yas-2","21":"pa_size-9-12-ay-3","23":"first","24":"outofstock","25":"shipping-taxable","26":"product-type-variable"},"_links":{"self":[{"href":"https:\/\/mod.wisdar.net\/tr\/wp-json\/wp\/v2\/product\/168638","targetHints":{"allow":["GET"]}}],"collection":[{"href":"https:\/\/mod.wisdar.net\/tr\/wp-json\/wp\/v2\/product"}],"about":[{"href":"https:\/\/mod.wisdar.net\/tr\/wp-json\/wp\/v2\/types\/product"}],"replies":[{"embeddable":true,"href":"https:\/\/mod.wisdar.net\/tr\/wp-json\/wp\/v2\/comments?post=168638"}],"wp:featuredmedia":[{"embeddable":true,"href":"https:\/\/mod.wisdar.net\/tr\/wp-json\/wp\/v2\/media\/168635"}],"wp:attachment":[{"href":"https:\/\/mod.wisdar.net\/tr\/wp-json\/wp\/v2\/media?parent=168638"}],"wp:term":[{"taxonomy":"product_brand","embeddable":true,"href":"https:\/\/mod.wisdar.net\/tr\/wp-json\/wp\/v2\/product_brand?post=168638"},{"taxonomy":"product_cat","embeddable":true,"href":"https:\/\/mod.wisdar.net\/tr\/wp-json\/wp\/v2\/product_cat?post=168638"},{"taxonomy":"product_tag","embeddable":true,"href":"https:\/\/mod.wisdar.net\/tr\/wp-json\/wp\/v2\/product_tag?post=168638"}],"curies":[{"name":"wp","href":"https:\/\/api.w.org\/{rel}","templated":true}]}}