{"id":16865,"date":"2025-11-02T12:52:02","date_gmt":"2025-11-02T12:52:02","guid":{"rendered":"https:\/\/modesthanim.com\/product\/lastik-detayli-pilili-elbise-siyah\/"},"modified":"2025-12-25T23:38:41","modified_gmt":"2025-12-25T23:38:41","slug":"lastik-detayli-pilili-elbise-siyah","status":"publish","type":"product","link":"https:\/\/mod.wisdar.net\/tr\/urun\/lastik-detayli-pilili-elbise-siyah\/","title":{"rendered":"Lastik Detayl\u0131 Pilili Elbise \u2013 Siyah"},"content":{"rendered":"<p>Lastik detaylar\u0131na sahip bu pilili elbise, zarafet ve konforu bir arada sunar, her an\u0131n\u0131zda size e\u015flik eder. Modern kesimi, dinamik pilili detaylar\u0131 ve elastik yap\u0131s\u0131, g\u00fcn boyu konfor sa\u011flarken tarz\u0131n\u0131z\u0131 \u00f6n plana \u00e7\u0131karan benzersiz bir duru\u015f sergiler.<\/p>\n<p>Kuma\u015f \u0130\u00e7eri\u011fi: %100 Polyester<br \/>\nDesen: Mini \u00c7i\u00e7ek Deseni<br \/>\nYaka Tipi: Mandarin Yaka<br \/>\nKol Tipi: Uzun Kollu<br \/>\nCep: Cepsiz<br \/>\nAstar: Astarl\u0131<br \/>\n\u00dcr\u00fcn Uzunlu\u011fu: 140 cm<br \/>\nKal\u0131p: Normal Kal\u0131p<br \/>\nModelin Giydi\u011fi Beden: 38<br \/>\nModel \u00d6l\u00e7\u00fcleri: Boy: 176 cm, G\u00f6\u011f\u00fcs: 82 cm, Bel: 61 cm, Kal\u00e7a: 88 cm<\/p>\n<p>\u2014 Teknik Detaylar \u2014<br \/>\nDesen: Mini \u00c7i\u00e7ek Deseni<br \/>\nYaka Tipi: Mandarin Yaka<br \/>\nKol Tipi: Uzun Kollu<br \/>\nCep: Cepsiz<br \/>\nAstar: Astarl\u0131<br \/>\n\u00dcr\u00fcn Uzunlu\u011fu: 140 cm<br \/>\nKal\u0131p: Normal Kal\u0131p<br \/>\nModelin Giydi\u011fi Beden: 38<br \/>\nModel \u00d6l\u00e7\u00fcleri: Boy: 176 cm, G\u00f6\u011f\u00fcs: 82 cm, Bel: 61 cm, Kal\u00e7a: 88 cm<\/p>\n","protected":false},"excerpt":{"rendered":"<p>Lastik detaylar\u0131na sahip bu pilili elbise, zarafet ve konforu bir arada sunar, her an\u0131n\u0131zda size e\u015flik eder. Modern kesimi, dinamik pilili detaylar\u0131 ve elastik yap\u0131s\u0131, g\u00fcn boyu konfor sa\u011flarken tarz\u0131n\u0131z\u0131 \u00f6n plana \u00e7\u0131karan benzersiz bir duru\u015f sergiler. Kuma\u015f \u0130\u00e7eri\u011fi: %100 Polyester Desen: Mini \u00c7i\u00e7ek Deseni Yaka Tipi: Mandarin Yaka Kol Tipi: Uzun Kollu Cep: Cepsiz [&hellip;]<\/p>\n","protected":false},"featured_media":51919,"comment_status":"open","ping_status":"closed","template":"","meta":[],"product_brand":[],"product_cat":[1853],"product_tag":[],"class_list":{"0":"post-16865","1":"product","2":"type-product","3":"status-publish","4":"has-post-thumbnail","6":"product_cat-womens-fashion-ar","8":"first","9":"instock","10":"sale","11":"shipping-taxable","12":"purchasable","13":"product-type-variable"},"_links":{"self":[{"href":"https:\/\/mod.wisdar.net\/tr\/wp-json\/wp\/v2\/product\/16865","targetHints":{"allow":["GET"]}}],"collection":[{"href":"https:\/\/mod.wisdar.net\/tr\/wp-json\/wp\/v2\/product"}],"about":[{"href":"https:\/\/mod.wisdar.net\/tr\/wp-json\/wp\/v2\/types\/product"}],"replies":[{"embeddable":true,"href":"https:\/\/mod.wisdar.net\/tr\/wp-json\/wp\/v2\/comments?post=16865"}],"wp:featuredmedia":[{"embeddable":true,"href":"https:\/\/mod.wisdar.net\/tr\/wp-json\/wp\/v2\/media\/51919"}],"wp:attachment":[{"href":"https:\/\/mod.wisdar.net\/tr\/wp-json\/wp\/v2\/media?parent=16865"}],"wp:term":[{"taxonomy":"product_brand","embeddable":true,"href":"https:\/\/mod.wisdar.net\/tr\/wp-json\/wp\/v2\/product_brand?post=16865"},{"taxonomy":"product_cat","embeddable":true,"href":"https:\/\/mod.wisdar.net\/tr\/wp-json\/wp\/v2\/product_cat?post=16865"},{"taxonomy":"product_tag","embeddable":true,"href":"https:\/\/mod.wisdar.net\/tr\/wp-json\/wp\/v2\/product_tag?post=16865"}],"curies":[{"name":"wp","href":"https:\/\/api.w.org\/{rel}","templated":true}]}}