{"id":168674,"date":"2026-03-07T15:18:15","date_gmt":"2026-03-07T15:18:15","guid":{"rendered":"https:\/\/modesthanim.com\/product\/kiz-bebek-cicek-islemeli-kare-yaka-uzun-kollu-cizgili-bluz\/"},"modified":"2026-04-04T01:32:00","modified_gmt":"2026-04-04T01:32:00","slug":"kiz-bebek-cicek-islemeli-kare-yaka-uzun-kollu-cizgili-bluz","status":"publish","type":"product","link":"https:\/\/mod.wisdar.net\/tr\/urun\/kiz-bebek-cicek-islemeli-kare-yaka-uzun-kollu-cizgili-bluz\/","title":{"rendered":"K\u0131z Bebek \u00c7i\u00e7ek \u0130\u015flemeli Kare Yaka Uzun Kollu \u00c7izgili Bluz"},"content":{"rendered":"<p>Kare yaka ve uzun kollu detaylar\u0131yla dikkat \u00e7eken bluz, \u00e7izgili tasar\u0131m\u0131yla sevimli bir g\u00f6r\u00fcn\u00fcm sunuyor. \u00dczerindeki k\u00fc\u00e7\u00fck \u00e7i\u00e7ek i\u015flemeleri, bluza sevimli bir hava katarken, yumu\u015fak dokusuyla g\u00fcn boyu rahatl\u0131k sa\u011fl\u0131yor. Arkadaki d\u00fc\u011fme detaylar\u0131 ile pratik kullan\u0131m\u0131 kolayla\u015ft\u0131r\u0131yor. \u0130ster g\u00fcnl\u00fck ister \u00f6zel g\u00fcnlerde rahatl\u0131kla giyilebilen bluz, \u00e7ocuklar i\u00e7in hem sevimli hem de rahat bir se\u00e7enek sunuyor.<\/p>\n<p>\u00dcr\u00fcn \u00d6zellikleri<br \/>\nKol Tipi: Uzun Kol<br \/>\nYaka Tipi: Kare Yaka<br \/>\nDetay: D\u00fc\u011fmeli, \u00c7i\u00e7ek \u0130\u015flemeli<br \/>\nKullan\u0131m Alan\u0131: G\u00fcnl\u00fck Giyim, \u00d6zel G\u00fcnler<\/p>\n<p>Koton\u2019un k\u0131z \u00e7ocuk giyim koleksiyonu, zarif ve stil sahibi tasar\u0131mlar\u0131yla fark yarat\u0131yor!<\/p>\n<p>\u00dcr\u00fcnlerimiz kimyasallara kar\u015f\u0131 test edilerek, t\u00fcm g\u00fcvenlik kurallar\u0131na uygun olarak \u00fcretilir. \u00dcr\u00fcnlerimizde sa\u011fl\u0131\u011fa zararl\u0131 boyalar ve a\u011f\u0131r metaller, tehlikeli yutulabilecek k\u00fc\u00e7\u00fck ve keskin par\u00e7alar, kordon ve ba\u011fc\u0131klar bulunmamaktad\u0131r.<\/p>\n","protected":false},"excerpt":{"rendered":"<p>Kare yaka ve uzun kollu detaylar\u0131yla dikkat \u00e7eken bluz, \u00e7izgili tasar\u0131m\u0131yla sevimli bir g\u00f6r\u00fcn\u00fcm sunuyor. \u00dczerindeki k\u00fc\u00e7\u00fck \u00e7i\u00e7ek i\u015flemeleri, bluza sevimli bir hava katarken, yumu\u015fak dokusuyla g\u00fcn boyu rahatl\u0131k sa\u011fl\u0131yor. Arkadaki d\u00fc\u011fme detaylar\u0131 ile pratik kullan\u0131m\u0131 kolayla\u015ft\u0131r\u0131yor. \u0130ster g\u00fcnl\u00fck ister \u00f6zel g\u00fcnlerde rahatl\u0131kla giyilebilen bluz, \u00e7ocuklar i\u00e7in hem sevimli hem de rahat bir se\u00e7enek sunuyor. [&hellip;]<\/p>\n","protected":false},"featured_media":168671,"comment_status":"open","ping_status":"closed","template":"","meta":[],"product_brand":[],"product_cat":[8715,8694,8724,8697,8700],"product_tag":[7912,6751,8107,6768],"class_list":{"0":"post-168674","1":"product","2":"type-product","3":"status-publish","4":"has-post-thumbnail","6":"product_cat-kiz-cocuklari-2-14-yas","7":"product_cat-cocuklar","8":"product_cat-tisortler-bluzlar","9":"product_cat-yenidogan-0-12-ay","10":"product_cat-yenidogan-giyim","11":"product_tag-cizgili","12":"product_tag-rahat","13":"product_tag-sik","14":"product_tag-uzun-kol","15":"pa_brand-koton","16":"pa_color-pembe","17":"pa_size-12-18-ay-2","18":"pa_size-18-24-ay-2","19":"pa_size-24-36-ay-2","20":"pa_size-3-4-yas-2","21":"pa_size-4-5-yas-2","22":"pa_size-9-12-ay-3","24":"first","25":"outofstock","26":"shipping-taxable","27":"product-type-variable"},"_links":{"self":[{"href":"https:\/\/mod.wisdar.net\/tr\/wp-json\/wp\/v2\/product\/168674","targetHints":{"allow":["GET"]}}],"collection":[{"href":"https:\/\/mod.wisdar.net\/tr\/wp-json\/wp\/v2\/product"}],"about":[{"href":"https:\/\/mod.wisdar.net\/tr\/wp-json\/wp\/v2\/types\/product"}],"replies":[{"embeddable":true,"href":"https:\/\/mod.wisdar.net\/tr\/wp-json\/wp\/v2\/comments?post=168674"}],"wp:featuredmedia":[{"embeddable":true,"href":"https:\/\/mod.wisdar.net\/tr\/wp-json\/wp\/v2\/media\/168671"}],"wp:attachment":[{"href":"https:\/\/mod.wisdar.net\/tr\/wp-json\/wp\/v2\/media?parent=168674"}],"wp:term":[{"taxonomy":"product_brand","embeddable":true,"href":"https:\/\/mod.wisdar.net\/tr\/wp-json\/wp\/v2\/product_brand?post=168674"},{"taxonomy":"product_cat","embeddable":true,"href":"https:\/\/mod.wisdar.net\/tr\/wp-json\/wp\/v2\/product_cat?post=168674"},{"taxonomy":"product_tag","embeddable":true,"href":"https:\/\/mod.wisdar.net\/tr\/wp-json\/wp\/v2\/product_tag?post=168674"}],"curies":[{"name":"wp","href":"https:\/\/api.w.org\/{rel}","templated":true}]}}