{"id":168708,"date":"2026-03-07T15:19:00","date_gmt":"2026-03-07T15:19:00","guid":{"rendered":"https:\/\/modesthanim.com\/product\/kiz-cocuk-fiyonk-desenli-kaskorse-ispanyol-paca-tayt\/"},"modified":"2026-04-15T20:43:08","modified_gmt":"2026-04-15T20:43:08","slug":"kiz-cocuk-fiyonk-desenli-kaskorse-ispanyol-paca-tayt","status":"publish","type":"product","link":"https:\/\/mod.wisdar.net\/tr\/urun\/kiz-cocuk-fiyonk-desenli-kaskorse-ispanyol-paca-tayt\/","title":{"rendered":"K\u0131z \u00c7ocuk Fiyonk Desenli Ka\u015fkorse \u0130spanyol Pa\u00e7a Tayt"},"content":{"rendered":"<p>Fiyonklu \u0130spanyol pa\u00e7a tayt, k\u0131z \u00e7ocuklar i\u00e7in ideal bir tercih sunuyor. Miniklerin rahat hareket edebilece\u011fi tayt, enerjik ve \u015f\u0131k bir g\u00f6r\u00fcn\u00fcm kazand\u0131r\u0131yor. \u015eirin fiyonk desenleriyle dikkat \u00e7ekiyor ve miniklerin favorisi olmay\u0131 ba\u015far\u0131yor. Pamuklu ve yumu\u015fak dokusu sayesinde g\u00fcn boyu konfor sa\u011fl\u0131yor ve her t\u00fcrl\u00fc kombinle uyum g\u00f6steriyor.<\/p>\n<p>\u00dcr\u00fcn \u00d6zellikleri<br \/>\nKuma\u015f: %96 Pamuk, %4 Elastan<br \/>\nBel Tipi: Normal Bel<br \/>\nDesen: Fiyonk Desenli<br \/>\nKullan\u0131m Alan\u0131: G\u00fcnl\u00fck Giyim, \u00d6zel G\u00fcnler<\/p>\n<p>Koton k\u0131z \u00e7ocuk modelleri, e\u011flenceli ve rahat tasar\u0131mlar\u0131yla miniklerin stiline enerji kat\u0131yor!<\/p>\n","protected":false},"excerpt":{"rendered":"<p>Fiyonklu \u0130spanyol pa\u00e7a tayt, k\u0131z \u00e7ocuklar i\u00e7in ideal bir tercih sunuyor. Miniklerin rahat hareket edebilece\u011fi tayt, enerjik ve \u015f\u0131k bir g\u00f6r\u00fcn\u00fcm kazand\u0131r\u0131yor. \u015eirin fiyonk desenleriyle dikkat \u00e7ekiyor ve miniklerin favorisi olmay\u0131 ba\u015far\u0131yor. Pamuklu ve yumu\u015fak dokusu sayesinde g\u00fcn boyu konfor sa\u011fl\u0131yor ve her t\u00fcrl\u00fc kombinle uyum g\u00f6steriyor. \u00dcr\u00fcn \u00d6zellikleri Kuma\u015f: %96 Pamuk, %4 Elastan Bel [&hellip;]<\/p>\n","protected":false},"featured_media":168705,"comment_status":"open","ping_status":"closed","template":"","meta":[],"product_brand":[],"product_cat":[8715,8694,8727],"product_tag":[7444,7480],"class_list":{"0":"post-168708","1":"product","2":"type-product","3":"status-publish","4":"has-post-thumbnail","6":"product_cat-kiz-cocuklari-2-14-yas","7":"product_cat-cocuklar","8":"product_cat-pantolon","9":"product_tag-jarse","10":"product_tag-tayt","11":"pa_brand-koton","12":"pa_color-siyah-desenli","13":"pa_size-11-12-yas-2","14":"pa_size-5-6-yas-2","15":"pa_size-6-7-yas-2","16":"pa_size-7-8-yas-2","17":"pa_size-9-10-yas-2","19":"first","20":"instock","21":"sale","22":"shipping-taxable","23":"purchasable","24":"product-type-variable"},"_links":{"self":[{"href":"https:\/\/mod.wisdar.net\/tr\/wp-json\/wp\/v2\/product\/168708","targetHints":{"allow":["GET"]}}],"collection":[{"href":"https:\/\/mod.wisdar.net\/tr\/wp-json\/wp\/v2\/product"}],"about":[{"href":"https:\/\/mod.wisdar.net\/tr\/wp-json\/wp\/v2\/types\/product"}],"replies":[{"embeddable":true,"href":"https:\/\/mod.wisdar.net\/tr\/wp-json\/wp\/v2\/comments?post=168708"}],"wp:featuredmedia":[{"embeddable":true,"href":"https:\/\/mod.wisdar.net\/tr\/wp-json\/wp\/v2\/media\/168705"}],"wp:attachment":[{"href":"https:\/\/mod.wisdar.net\/tr\/wp-json\/wp\/v2\/media?parent=168708"}],"wp:term":[{"taxonomy":"product_brand","embeddable":true,"href":"https:\/\/mod.wisdar.net\/tr\/wp-json\/wp\/v2\/product_brand?post=168708"},{"taxonomy":"product_cat","embeddable":true,"href":"https:\/\/mod.wisdar.net\/tr\/wp-json\/wp\/v2\/product_cat?post=168708"},{"taxonomy":"product_tag","embeddable":true,"href":"https:\/\/mod.wisdar.net\/tr\/wp-json\/wp\/v2\/product_tag?post=168708"}],"curies":[{"name":"wp","href":"https:\/\/api.w.org\/{rel}","templated":true}]}}