{"id":168742,"date":"2026-03-07T15:19:59","date_gmt":"2026-03-07T15:19:59","guid":{"rendered":"https:\/\/modesthanim.com\/product\/kiz-bebek-fiyonk-detayli-pamuklu-kolsuz-bisiklet-yaka-cizgili-bluz\/"},"modified":"2026-04-15T20:44:28","modified_gmt":"2026-04-15T20:44:28","slug":"kiz-bebek-fiyonk-detayli-pamuklu-kolsuz-bisiklet-yaka-cizgili-bluz","status":"publish","type":"product","link":"https:\/\/mod.wisdar.net\/tr\/urun\/kiz-bebek-fiyonk-detayli-pamuklu-kolsuz-bisiklet-yaka-cizgili-bluz\/","title":{"rendered":"K\u0131z Bebek Fiyonk Detayl\u0131 Pamuklu Kolsuz Bisiklet Yaka \u00c7izgili Bluz"},"content":{"rendered":"<p>Bisiklet yaka bluz, miniklere sevimli bir yaz kombini olu\u015fturma imkan\u0131 sunuyor. \u00c7izgili tasar\u0131m\u0131 ve etek k\u0131sm\u0131ndaki f\u0131rf\u0131r detaylar\u0131 ile zarif ve e\u011flenceli bir g\u00f6r\u00fcn\u00fcm kazan\u0131yor. Yumu\u015fak ve pamuklu yap\u0131s\u0131 sayesinde cilt dostu bir se\u00e7enek sunuyor. D\u00fc\u011fmeli \u00f6n k\u0131sm\u0131 kolay giyip \u00e7\u0131karmay\u0131 sa\u011fl\u0131yor.<\/p>\n<p>\u00dcr\u00fcn \u00d6zellikleri<br \/>\nKol Tipi: Kolsuz<br \/>\nYaka Tipi: Bisiklet Yaka<br \/>\nKuma\u015f: %80 Pamuk, %20 Polyester<br \/>\nKullan\u0131m Alan\u0131: G\u00fcnl\u00fck Giyim<\/p>\n<p>Koton k\u0131z bebek koleksiyonu, sevimli ve konforlu tasar\u0131mlar\u0131yla miniklerin dolab\u0131n\u0131 renklendiriyor! Rengarenk ve e\u011flenceli se\u00e7enekleri ke\u015ffedin!<\/p>\n<p>\u00dcr\u00fcnlerimiz kimyasallara kar\u015f\u0131 test edilerek, t\u00fcm g\u00fcvenlik kurallar\u0131na uygun olarak \u00fcretilir. \u00dcr\u00fcnlerimizde sa\u011fl\u0131\u011fa zararl\u0131 boyalar ve a\u011f\u0131r metaller, tehlikeli yutulabilecek k\u00fc\u00e7\u00fck ve keskin par\u00e7alar, kordon ve ba\u011fc\u0131klar bulunmamaktad\u0131r.<\/p>\n<p>\u2014 Technical Details \u2014<br \/>\nKuma\u015f: %80 PAMUK, %20 POL\u0130ESTER<br \/>\nKol Boyu: Kolsuz<br \/>\nKol Tipi: Kolsuz<br \/>\nYaka Tipi: Bisiklet Yaka<br \/>\nSil\u00fcet: Klasik<br \/>\n\u00dcr\u00fcn Tipi \/ Stil: Klasik<br \/>\n\u00dcr\u00fcn\u00fcn Alt Markas\u0131: Kidswear<br \/>\nSat\u0131c\u0131\/\u0130malat\u00e7\u0131\/\u0130thalat\u00e7\u0131 \u0130smi: Koton Ma\u011fazac\u0131l\u0131k Tekstil Sanayi ve Ticaret A.\u015e.<br \/>\nPosta Adresi: Ayaza\u011fa Mah. Maslak Ayaza\u011fa Cad. No:3 \u0130\u00e7 Kap\u0131 No:5 Sar\u0131yer\/\u0130stanbul<br \/>\nE-Posta Adresi: mim@koton.com<\/p>\n","protected":false},"excerpt":{"rendered":"<p>Bisiklet yaka bluz, miniklere sevimli bir yaz kombini olu\u015fturma imkan\u0131 sunuyor. \u00c7izgili tasar\u0131m\u0131 ve etek k\u0131sm\u0131ndaki f\u0131rf\u0131r detaylar\u0131 ile zarif ve e\u011flenceli bir g\u00f6r\u00fcn\u00fcm kazan\u0131yor. Yumu\u015fak ve pamuklu yap\u0131s\u0131 sayesinde cilt dostu bir se\u00e7enek sunuyor. D\u00fc\u011fmeli \u00f6n k\u0131sm\u0131 kolay giyip \u00e7\u0131karmay\u0131 sa\u011fl\u0131yor. \u00dcr\u00fcn \u00d6zellikleri Kol Tipi: Kolsuz Yaka Tipi: Bisiklet Yaka Kuma\u015f: %80 Pamuk, %20 [&hellip;]<\/p>\n","protected":false},"featured_media":168739,"comment_status":"open","ping_status":"closed","template":"","meta":[],"product_brand":[],"product_cat":[8715,8694,8724,8697,8700],"product_tag":[11359,5244,5692,8993,8856,9201,9621,9323,4354,9034],"class_list":{"0":"post-168742","1":"product","2":"type-product","3":"status-publish","4":"has-post-thumbnail","6":"product_cat-kiz-cocuklari-2-14-yas","7":"product_cat-cocuklar","8":"product_cat-tisortler-bluzlar","9":"product_cat-yenidogan-0-12-ay","10":"product_cat-yenidogan-giyim","11":"product_tag-baby-blouse","12":"product_tag-boat-neck","13":"product_tag-bow-detail","14":"product_tag-cotton-blouse","15":"product_tag-girls-clothing","16":"product_tag-kids-fashion","17":"product_tag-sleeveless-top","18":"product_tag-striped-shirt","19":"product_tag-summer-fashion","20":"product_tag-toddler-clothes","21":"pa_brand-koton","22":"pa_color-mavi-cizgili-2","23":"pa_size-12-18-ay-2","24":"pa_size-18-24-ay-2","25":"pa_size-24-36-ay-2","26":"pa_size-3-4-yas-2","27":"pa_size-4-5-yas-2","28":"pa_size-9-12-ay-3","30":"first","31":"instock","32":"sale","33":"shipping-taxable","34":"purchasable","35":"product-type-variable"},"_links":{"self":[{"href":"https:\/\/mod.wisdar.net\/tr\/wp-json\/wp\/v2\/product\/168742","targetHints":{"allow":["GET"]}}],"collection":[{"href":"https:\/\/mod.wisdar.net\/tr\/wp-json\/wp\/v2\/product"}],"about":[{"href":"https:\/\/mod.wisdar.net\/tr\/wp-json\/wp\/v2\/types\/product"}],"replies":[{"embeddable":true,"href":"https:\/\/mod.wisdar.net\/tr\/wp-json\/wp\/v2\/comments?post=168742"}],"wp:featuredmedia":[{"embeddable":true,"href":"https:\/\/mod.wisdar.net\/tr\/wp-json\/wp\/v2\/media\/168739"}],"wp:attachment":[{"href":"https:\/\/mod.wisdar.net\/tr\/wp-json\/wp\/v2\/media?parent=168742"}],"wp:term":[{"taxonomy":"product_brand","embeddable":true,"href":"https:\/\/mod.wisdar.net\/tr\/wp-json\/wp\/v2\/product_brand?post=168742"},{"taxonomy":"product_cat","embeddable":true,"href":"https:\/\/mod.wisdar.net\/tr\/wp-json\/wp\/v2\/product_cat?post=168742"},{"taxonomy":"product_tag","embeddable":true,"href":"https:\/\/mod.wisdar.net\/tr\/wp-json\/wp\/v2\/product_tag?post=168742"}],"curies":[{"name":"wp","href":"https:\/\/api.w.org\/{rel}","templated":true}]}}