{"id":168782,"date":"2026-03-07T15:21:34","date_gmt":"2026-03-07T15:21:34","guid":{"rendered":"https:\/\/modesthanim.com\/product\/kiz-bebek-pamuklu-fiyonk-desenli-firfirli-2li-takim\/"},"modified":"2026-04-04T01:30:59","modified_gmt":"2026-04-04T01:30:59","slug":"kiz-bebek-pamuklu-fiyonk-desenli-firfirli-2li-takim","status":"publish","type":"product","link":"https:\/\/mod.wisdar.net\/tr\/urun\/kiz-bebek-pamuklu-fiyonk-desenli-firfirli-2li-takim\/","title":{"rendered":"K\u0131z Bebek Pamuklu Fiyonk Desenli F\u0131rf\u0131rl\u0131 2&#8217;li Tak\u0131m"},"content":{"rendered":"<p>Sevimli tak\u0131m, fiyonk bask\u0131lar\u0131 ve f\u0131rf\u0131rl\u0131 detaylar\u0131yla dikkat \u00e7ekiyor. Bisiklet yaka uzun kollu ti\u015f\u00f6rt\u00fc ve \u0130spanyol pa\u00e7a tayt\u0131 ile rahat hareket \u00f6zg\u00fcrl\u00fc\u011f\u00fc sa\u011fl\u0131yor. Yumu\u015fak pamuklu yap\u0131s\u0131 sayesinde miniklere konfor sunan bu tak\u0131m, fiyonk desenleriyle de ne\u015fe kat\u0131yor.<\/p>\n<p>\u00dcr\u00fcn \u00d6zellikleri<br \/>\nKol Tipi: Uzun Kol<br \/>\nYaka Tipi: Bisiklet Yaka<br \/>\nDetay: F\u0131rf\u0131r Detayl\u0131<br \/>\nKuma\u015f: %97 Pamuk, %3 Elastan<br \/>\nKullan\u0131m Alan\u0131: G\u00fcnl\u00fck Giyim<\/p>\n<p>Koton k\u0131z bebek koleksiyonu, rahat ve sevimli tasar\u0131mlar\u0131yla bebeklerin kalbini kazan\u0131yor! Koton k\u0131z bebek modelleri, enerji dolu ve \u015f\u0131k tasar\u0131mlar\u0131yla her ortamda be\u011feniliyor!<\/p>\n<p>\u00dcr\u00fcnlerimiz kimyasallara kar\u015f\u0131 test edilerek, t\u00fcm g\u00fcvenlik kurallar\u0131na uygun olarak \u00fcretilir. \u00dcr\u00fcnlerimizde sa\u011fl\u0131\u011fa zararl\u0131 boyalar ve a\u011f\u0131r metaller, tehlikeli yutulabilecek k\u00fc\u00e7\u00fck ve keskin par\u00e7alar, kordon ve ba\u011fc\u0131klar bulunmamaktad\u0131r.<br \/>\n\u00c7oklu paketlerimizde, \u00fcr\u00fcnlerin kuma\u015f bilgileri farkl\u0131l\u0131k g\u00f6sterebilir.<\/p>\n","protected":false},"excerpt":{"rendered":"<p>Sevimli tak\u0131m, fiyonk bask\u0131lar\u0131 ve f\u0131rf\u0131rl\u0131 detaylar\u0131yla dikkat \u00e7ekiyor. Bisiklet yaka uzun kollu ti\u015f\u00f6rt\u00fc ve \u0130spanyol pa\u00e7a tayt\u0131 ile rahat hareket \u00f6zg\u00fcrl\u00fc\u011f\u00fc sa\u011fl\u0131yor. Yumu\u015fak pamuklu yap\u0131s\u0131 sayesinde miniklere konfor sunan bu tak\u0131m, fiyonk desenleriyle de ne\u015fe kat\u0131yor. \u00dcr\u00fcn \u00d6zellikleri Kol Tipi: Uzun Kol Yaka Tipi: Bisiklet Yaka Detay: F\u0131rf\u0131r Detayl\u0131 Kuma\u015f: %97 Pamuk, %3 Elastan [&hellip;]<\/p>\n","protected":false},"featured_media":168777,"comment_status":"open","ping_status":"closed","template":"","meta":[],"product_brand":[],"product_cat":[8721,8715,8694,8730],"product_tag":[8117,7426,6751,7480],"class_list":{"0":"post-168782","1":"product","2":"type-product","3":"status-publish","4":"has-post-thumbnail","6":"product_cat-kiz-cocuk-takimlari","7":"product_cat-kiz-cocuklari-2-14-yas","8":"product_cat-cocuklar","9":"product_cat-pijama","10":"product_tag-bogazli-2","11":"product_tag-gunluk-giyim-3","12":"product_tag-rahat","13":"product_tag-tayt","14":"pa_brand-koton","15":"pa_color-bej-desenli","16":"pa_size-12-18-ay-2","17":"pa_size-18-24-ay-2","18":"pa_size-24-36-ay-2","19":"pa_size-3-4-yas-2","20":"pa_size-4-5-yas-2","21":"pa_size-9-12-ay-3","23":"first","24":"outofstock","25":"shipping-taxable","26":"product-type-variable"},"_links":{"self":[{"href":"https:\/\/mod.wisdar.net\/tr\/wp-json\/wp\/v2\/product\/168782","targetHints":{"allow":["GET"]}}],"collection":[{"href":"https:\/\/mod.wisdar.net\/tr\/wp-json\/wp\/v2\/product"}],"about":[{"href":"https:\/\/mod.wisdar.net\/tr\/wp-json\/wp\/v2\/types\/product"}],"replies":[{"embeddable":true,"href":"https:\/\/mod.wisdar.net\/tr\/wp-json\/wp\/v2\/comments?post=168782"}],"wp:featuredmedia":[{"embeddable":true,"href":"https:\/\/mod.wisdar.net\/tr\/wp-json\/wp\/v2\/media\/168777"}],"wp:attachment":[{"href":"https:\/\/mod.wisdar.net\/tr\/wp-json\/wp\/v2\/media?parent=168782"}],"wp:term":[{"taxonomy":"product_brand","embeddable":true,"href":"https:\/\/mod.wisdar.net\/tr\/wp-json\/wp\/v2\/product_brand?post=168782"},{"taxonomy":"product_cat","embeddable":true,"href":"https:\/\/mod.wisdar.net\/tr\/wp-json\/wp\/v2\/product_cat?post=168782"},{"taxonomy":"product_tag","embeddable":true,"href":"https:\/\/mod.wisdar.net\/tr\/wp-json\/wp\/v2\/product_tag?post=168782"}],"curies":[{"name":"wp","href":"https:\/\/api.w.org\/{rel}","templated":true}]}}