{"id":168820,"date":"2026-03-07T15:25:03","date_gmt":"2026-03-07T15:25:03","guid":{"rendered":"https:\/\/modesthanim.com\/product\/kiz-bebek-firfir-detayli-nakisli-pamuklu-2li-tayt-ve-tisort-seti\/"},"modified":"2026-04-04T01:24:38","modified_gmt":"2026-04-04T01:24:38","slug":"kiz-bebek-firfir-detayli-nakisli-pamuklu-2li-tayt-ve-tisort-seti","status":"publish","type":"product","link":"https:\/\/mod.wisdar.net\/tr\/urun\/kiz-bebek-firfir-detayli-nakisli-pamuklu-2li-tayt-ve-tisort-seti\/","title":{"rendered":"K\u0131z Bebek F\u0131rf\u0131r Detayl\u0131 Nak\u0131\u015fl\u0131 Pamuklu 2&#8217;li Tayt ve Ti\u015f\u00f6rt Seti"},"content":{"rendered":"<p>Sevimli tayt ve ti\u015f\u00f6rt seti, minikler i\u00e7in ideal bir yaz kombini sunuyor. Kolsuz tasar\u0131m\u0131 ve bisiklet yaka detay\u0131yla hareket \u00f6zg\u00fcrl\u00fc\u011f\u00fc sa\u011flarken, pamuklu yap\u0131s\u0131 sayesinde g\u00fcn boyu konfor sunuyor. \u015eirin tav\u015fan i\u015flemesi ile sevimli bir g\u00f6r\u00fcn\u00fcm sunuyor.<\/p>\n<p>\u00dcr\u00fcn \u00d6zellikleri<br \/>\nYaka Tipi: Bisiklet Yaka<br \/>\nDetay: F\u0131rf\u0131r Detayl\u0131<br \/>\nKuma\u015f: %96 Pamuk, %4 Elastan<br \/>\nKullan\u0131m Alan\u0131: G\u00fcnl\u00fck Giyim<\/p>\n<p>Koton k\u0131z bebek giyim koleksiyonu, \u015firin ve konforlu tasar\u0131mlar\u0131yla ebeveynlerin favorisi oluyor! Miniklerin rahatl\u0131\u011f\u0131 ve \u015f\u0131kl\u0131\u011f\u0131 i\u00e7in Koton&#8217;u tercih edin!<\/p>\n<p>\u00dcr\u00fcnlerimiz kimyasallara kar\u015f\u0131 test edilerek, t\u00fcm g\u00fcvenlik kurallar\u0131na uygun olarak \u00fcretilir. \u00dcr\u00fcnlerimizde sa\u011fl\u0131\u011fa zararl\u0131 boyalar ve a\u011f\u0131r metaller, tehlikeli yutulabilecek k\u00fc\u00e7\u00fck ve keskin par\u00e7alar, kordon ve ba\u011fc\u0131klar bulunmamaktad\u0131r.<\/p>\n<p>\u2014 Technical Details \u2014<br \/>\nKuma\u015f: %96 PAMUK, %4 ELASTAN<br \/>\nKol Boyu: Kolsuz<br \/>\nKol Tipi: Kolsuz<br \/>\nYaka Tipi: Bisiklet Yaka<br \/>\nSil\u00fcet: Basic<br \/>\nBel Y\u00fcksekli\u011fi: Standart Bel<br \/>\n\u00dcr\u00fcn Tipi \/ Stil: Basic<br \/>\n\u00dcr\u00fcn\u00fcn Alt Markas\u0131: Kidswear<\/p>\n","protected":false},"excerpt":{"rendered":"<p>Sevimli tayt ve ti\u015f\u00f6rt seti, minikler i\u00e7in ideal bir yaz kombini sunuyor. Kolsuz tasar\u0131m\u0131 ve bisiklet yaka detay\u0131yla hareket \u00f6zg\u00fcrl\u00fc\u011f\u00fc sa\u011flarken, pamuklu yap\u0131s\u0131 sayesinde g\u00fcn boyu konfor sunuyor. \u015eirin tav\u015fan i\u015flemesi ile sevimli bir g\u00f6r\u00fcn\u00fcm sunuyor. \u00dcr\u00fcn \u00d6zellikleri Yaka Tipi: Bisiklet Yaka Detay: F\u0131rf\u0131r Detayl\u0131 Kuma\u015f: %96 Pamuk, %4 Elastan Kullan\u0131m Alan\u0131: G\u00fcnl\u00fck Giyim Koton [&hellip;]<\/p>\n","protected":false},"featured_media":168817,"comment_status":"open","ping_status":"closed","template":"","meta":[],"product_brand":[],"product_cat":[8703,8721,8715,8694,8730,8697],"product_tag":[7444],"class_list":{"0":"post-168820","1":"product","2":"type-product","3":"status-publish","4":"has-post-thumbnail","6":"product_cat-bebek-setleri","7":"product_cat-kiz-cocuk-takimlari","8":"product_cat-kiz-cocuklari-2-14-yas","9":"product_cat-cocuklar","10":"product_cat-pijama","11":"product_cat-yenidogan-0-12-ay","12":"product_tag-jarse","13":"pa_brand-koton","14":"pa_color-pembe","15":"pa_size-12-18-ay-2","16":"pa_size-18-24-ay-2","17":"pa_size-24-36-ay-2","18":"pa_size-3-4-yas-2","19":"pa_size-4-5-yas-2","20":"pa_size-9-12-ay-3","22":"first","23":"instock","24":"sale","25":"shipping-taxable","26":"purchasable","27":"product-type-variable"},"_links":{"self":[{"href":"https:\/\/mod.wisdar.net\/tr\/wp-json\/wp\/v2\/product\/168820","targetHints":{"allow":["GET"]}}],"collection":[{"href":"https:\/\/mod.wisdar.net\/tr\/wp-json\/wp\/v2\/product"}],"about":[{"href":"https:\/\/mod.wisdar.net\/tr\/wp-json\/wp\/v2\/types\/product"}],"replies":[{"embeddable":true,"href":"https:\/\/mod.wisdar.net\/tr\/wp-json\/wp\/v2\/comments?post=168820"}],"wp:featuredmedia":[{"embeddable":true,"href":"https:\/\/mod.wisdar.net\/tr\/wp-json\/wp\/v2\/media\/168817"}],"wp:attachment":[{"href":"https:\/\/mod.wisdar.net\/tr\/wp-json\/wp\/v2\/media?parent=168820"}],"wp:term":[{"taxonomy":"product_brand","embeddable":true,"href":"https:\/\/mod.wisdar.net\/tr\/wp-json\/wp\/v2\/product_brand?post=168820"},{"taxonomy":"product_cat","embeddable":true,"href":"https:\/\/mod.wisdar.net\/tr\/wp-json\/wp\/v2\/product_cat?post=168820"},{"taxonomy":"product_tag","embeddable":true,"href":"https:\/\/mod.wisdar.net\/tr\/wp-json\/wp\/v2\/product_tag?post=168820"}],"curies":[{"name":"wp","href":"https:\/\/api.w.org\/{rel}","templated":true}]}}