{"id":168856,"date":"2026-03-07T15:34:31","date_gmt":"2026-03-07T15:34:31","guid":{"rendered":"https:\/\/modesthanim.com\/product\/kiz-bebek-pamuklu-bisiklet-yaka-fiyonklu-kisa-kollu-elbise\/"},"modified":"2026-04-11T02:01:03","modified_gmt":"2026-04-11T02:01:03","slug":"kiz-bebek-pamuklu-bisiklet-yaka-fiyonklu-kisa-kollu-elbise","status":"publish","type":"product","link":"https:\/\/mod.wisdar.net\/tr\/urun\/kiz-bebek-pamuklu-bisiklet-yaka-fiyonklu-kisa-kollu-elbise\/","title":{"rendered":"K\u0131z Bebek Pamuklu Bisiklet Yaka Fiyonklu K\u0131sa Kollu Elbise"},"content":{"rendered":"<p>K\u0131sa kollu elbise, miniklerin enerjik d\u00fcnyas\u0131n\u0131 renklendiriyor. Fiyonk detay\u0131 ve bisiklet yakas\u0131yla dikkat \u00e7eken elbise, yumu\u015fak dokusuyla g\u00fcn boyu konfor sa\u011fl\u0131yor. Zarif bir g\u00f6r\u00fcn\u00fcm sunan elbise,  \u00e7ocuklar\u0131 i\u00e7in ideal bir tercih olu\u015fturuyor.<\/p>\n<p>\u00dcr\u00fcn \u00d6zellikleri<br \/>\nKol Tipi: K\u0131sa Kol<br \/>\nYaka Tipi: Bisiklet Yaka<br \/>\nDetay: Fiyonklu<br \/>\nKuma\u015f: %100 Pamuk<br \/>\nKullan\u0131m Alan\u0131: G\u00fcnl\u00fck Giyim, \u00d6zel G\u00fcnler<\/p>\n<p>Koton k\u0131z bebek giyim koleksiyonu, rahatl\u0131k ve \u015f\u0131kl\u0131\u011f\u0131 bir araya getiriyor! Bebe\u011finiz i\u00e7in en sevimli ve konforlu se\u00e7enekleri Koton\u2019da ke\u015ffedin!<\/p>\n<p>\u00dcr\u00fcnlerimiz kimyasallara kar\u015f\u0131 test edilerek, t\u00fcm g\u00fcvenlik kurallar\u0131na uygun olarak \u00fcretilir. \u00dcr\u00fcnlerimizde sa\u011fl\u0131\u011fa zararl\u0131 boyalar ve a\u011f\u0131r metaller, tehlikeli yutulabilecek k\u00fc\u00e7\u00fck ve keskin par\u00e7alar, kordon ve ba\u011fc\u0131klar bulunmamaktad\u0131r.<\/p>\n","protected":false},"excerpt":{"rendered":"<p>K\u0131sa kollu elbise, miniklerin enerjik d\u00fcnyas\u0131n\u0131 renklendiriyor. Fiyonk detay\u0131 ve bisiklet yakas\u0131yla dikkat \u00e7eken elbise, yumu\u015fak dokusuyla g\u00fcn boyu konfor sa\u011fl\u0131yor. Zarif bir g\u00f6r\u00fcn\u00fcm sunan elbise, \u00e7ocuklar\u0131 i\u00e7in ideal bir tercih olu\u015fturuyor. \u00dcr\u00fcn \u00d6zellikleri Kol Tipi: K\u0131sa Kol Yaka Tipi: Bisiklet Yaka Detay: Fiyonklu Kuma\u015f: %100 Pamuk Kullan\u0131m Alan\u0131: G\u00fcnl\u00fck Giyim, \u00d6zel G\u00fcnler Koton k\u0131z [&hellip;]<\/p>\n","protected":false},"featured_media":168853,"comment_status":"open","ping_status":"closed","template":"","meta":[],"product_brand":[],"product_cat":[8712,8718,8715,8694,8697],"product_tag":[7354,6772],"class_list":{"0":"post-168856","1":"product","2":"type-product","3":"status-publish","4":"has-post-thumbnail","6":"product_cat-bebek-elbiseleri","7":"product_cat-elbiseler-etekler","8":"product_cat-kiz-cocuklari-2-14-yas","9":"product_cat-cocuklar","10":"product_cat-yenidogan-0-12-ay","11":"product_tag-gunluk-giyim-2","12":"product_tag-ozel-gun","13":"pa_brand-koton","14":"pa_color-lila","15":"pa_size-12-18-ay-2","16":"pa_size-18-24-ay-2","17":"pa_size-24-36-ay-2","18":"pa_size-3-4-yas-2","19":"pa_size-4-5-yas-2","20":"pa_size-9-12-ay-3","22":"first","23":"instock","24":"sale","25":"shipping-taxable","26":"purchasable","27":"product-type-variable"},"_links":{"self":[{"href":"https:\/\/mod.wisdar.net\/tr\/wp-json\/wp\/v2\/product\/168856","targetHints":{"allow":["GET"]}}],"collection":[{"href":"https:\/\/mod.wisdar.net\/tr\/wp-json\/wp\/v2\/product"}],"about":[{"href":"https:\/\/mod.wisdar.net\/tr\/wp-json\/wp\/v2\/types\/product"}],"replies":[{"embeddable":true,"href":"https:\/\/mod.wisdar.net\/tr\/wp-json\/wp\/v2\/comments?post=168856"}],"wp:featuredmedia":[{"embeddable":true,"href":"https:\/\/mod.wisdar.net\/tr\/wp-json\/wp\/v2\/media\/168853"}],"wp:attachment":[{"href":"https:\/\/mod.wisdar.net\/tr\/wp-json\/wp\/v2\/media?parent=168856"}],"wp:term":[{"taxonomy":"product_brand","embeddable":true,"href":"https:\/\/mod.wisdar.net\/tr\/wp-json\/wp\/v2\/product_brand?post=168856"},{"taxonomy":"product_cat","embeddable":true,"href":"https:\/\/mod.wisdar.net\/tr\/wp-json\/wp\/v2\/product_cat?post=168856"},{"taxonomy":"product_tag","embeddable":true,"href":"https:\/\/mod.wisdar.net\/tr\/wp-json\/wp\/v2\/product_tag?post=168856"}],"curies":[{"name":"wp","href":"https:\/\/api.w.org\/{rel}","templated":true}]}}