{"id":168890,"date":"2026-03-07T16:55:39","date_gmt":"2026-03-07T16:55:39","guid":{"rendered":"https:\/\/modesthanim.com\/product\/pamuklu-elbise-kiz-cocuk\/"},"modified":"2026-04-15T21:41:03","modified_gmt":"2026-04-15T21:41:03","slug":"pamuklu-elbise-kiz-cocuk","status":"publish","type":"product","link":"https:\/\/mod.wisdar.net\/tr\/urun\/pamuklu-elbise-kiz-cocuk\/","title":{"rendered":"Pamuklu Elbise K\u0131z \u00c7ocuk"},"content":{"rendered":"<p>Zarif detaylar\u0131 ve rahat kesimi enerjik bir tarz sunar ve kolay kombinlenir.<\/p>\n","protected":false},"excerpt":{"rendered":"<p>Zarif detaylar\u0131 ve rahat kesimi enerjik bir tarz sunar ve kolay kombinlenir.<\/p>\n","protected":false},"featured_media":168887,"comment_status":"open","ping_status":"closed","template":"","meta":[],"product_brand":[],"product_cat":[8718,8715,8694],"product_tag":[6757,7488,8105],"class_list":{"0":"post-168890","1":"product","2":"type-product","3":"status-publish","4":"has-post-thumbnail","6":"product_cat-elbiseler-etekler","7":"product_cat-kiz-cocuklari-2-14-yas","8":"product_cat-cocuklar","9":"product_tag-ekru","10":"product_tag-pamuk","11":"product_tag-trend","12":"pa_brand-defacto","13":"pa_color-ekru","14":"pa_size-11-12-yas-152cm","15":"pa_size-13-14-yas-164cm","16":"pa_size-7-8-yas-128cm","17":"pa_size-8-9-yas-134cm","18":"pa_size-9-10-yas-140cm","20":"first","21":"instock","22":"sale","23":"shipping-taxable","24":"purchasable","25":"product-type-variable"},"_links":{"self":[{"href":"https:\/\/mod.wisdar.net\/tr\/wp-json\/wp\/v2\/product\/168890","targetHints":{"allow":["GET"]}}],"collection":[{"href":"https:\/\/mod.wisdar.net\/tr\/wp-json\/wp\/v2\/product"}],"about":[{"href":"https:\/\/mod.wisdar.net\/tr\/wp-json\/wp\/v2\/types\/product"}],"replies":[{"embeddable":true,"href":"https:\/\/mod.wisdar.net\/tr\/wp-json\/wp\/v2\/comments?post=168890"}],"wp:featuredmedia":[{"embeddable":true,"href":"https:\/\/mod.wisdar.net\/tr\/wp-json\/wp\/v2\/media\/168887"}],"wp:attachment":[{"href":"https:\/\/mod.wisdar.net\/tr\/wp-json\/wp\/v2\/media?parent=168890"}],"wp:term":[{"taxonomy":"product_brand","embeddable":true,"href":"https:\/\/mod.wisdar.net\/tr\/wp-json\/wp\/v2\/product_brand?post=168890"},{"taxonomy":"product_cat","embeddable":true,"href":"https:\/\/mod.wisdar.net\/tr\/wp-json\/wp\/v2\/product_cat?post=168890"},{"taxonomy":"product_tag","embeddable":true,"href":"https:\/\/mod.wisdar.net\/tr\/wp-json\/wp\/v2\/product_tag?post=168890"}],"curies":[{"name":"wp","href":"https:\/\/api.w.org\/{rel}","templated":true}]}}