{"id":168947,"date":"2026-03-09T22:41:21","date_gmt":"2026-03-09T22:41:21","guid":{"rendered":"https:\/\/modesthanim.com\/product\/siyah-sabahlikli-serit-detayli-hamile-ve-lohusa-pijama-takimi\/"},"modified":"2026-03-09T22:41:38","modified_gmt":"2026-03-09T22:41:38","slug":"siyah-sabahlikli-serit-detayli-hamile-ve-lohusa-pijama-takimi","status":"publish","type":"product","link":"https:\/\/mod.wisdar.net\/tr\/urun\/siyah-sabahlikli-serit-detayli-hamile-ve-lohusa-pijama-takimi\/","title":{"rendered":"Siyah Sabahl\u0131kl\u0131 \u015eerit Detayl\u0131 Hamile ve Lohusa Pijama Tak\u0131m\u0131"},"content":{"rendered":"<p>M\u0130SS D\u00dcNYA L\u0130SSA Siyah Sabahl\u0131kl\u0131 \u015eerit Detayl\u0131 Hamile ve Lohusa Pijama Tak\u0131m\u0131 size \u00f6zel indirim, taksit ve kap\u0131da \u00f6deme avantajlar\u0131yla LCW&#8217;de! Hemen online al\u0131\u015fveri\u015f yap, \u00fcr\u00fcn kap\u0131na gelsin! \u2013 S000360213-19351<\/p>\n<p>\u2014 Technical Details \u2014<br \/>\nDesen: D\u00fcz<br \/>\nFonksiyonel \u00d6zellik: Emzirme \u00d6zellikli<br \/>\nMalzeme: Y\u00fcksek Pamuk \u0130\u00e7erir<br \/>\nStil: Hamilelik D\u00f6nemi ve Sonras\u0131<br \/>\nPar\u00e7a Say\u0131s\u0131: 3 Par\u00e7a<br \/>\nBel Fiti: Normal Bel<br \/>\nKol Boyu: K\u0131sa Kollu<br \/>\nYaka: V Yaka<br \/>\nPa\u00e7a Fiti: D\u00fcz Pa\u00e7a<br \/>\nUzunluk: Uzun<br \/>\nKal\u0131nl\u0131k: \u0130nce<\/p>\n","protected":false},"excerpt":{"rendered":"<p>M\u0130SS D\u00dcNYA L\u0130SSA Siyah Sabahl\u0131kl\u0131 \u015eerit Detayl\u0131 Hamile ve Lohusa Pijama Tak\u0131m\u0131 size \u00f6zel indirim, taksit ve kap\u0131da \u00f6deme avantajlar\u0131yla LCW&#8217;de! Hemen online al\u0131\u015fveri\u015f yap, \u00fcr\u00fcn kap\u0131na gelsin! \u2013 S000360213-19351 \u2014 Technical Details \u2014 Desen: D\u00fcz Fonksiyonel \u00d6zellik: Emzirme \u00d6zellikli Malzeme: Y\u00fcksek Pamuk \u0130\u00e7erir Stil: Hamilelik D\u00f6nemi ve Sonras\u0131 Par\u00e7a Say\u0131s\u0131: 3 Par\u00e7a Bel Fiti: [&hellip;]<\/p>\n","protected":false},"featured_media":168940,"comment_status":"open","ping_status":"closed","template":"","meta":[],"product_brand":[],"product_cat":[8763,8772],"product_tag":[7802,7811],"class_list":{"0":"post-168947","1":"product","2":"type-product","3":"status-publish","4":"has-post-thumbnail","6":"product_cat-hamilelik-urunleri","7":"product_cat-pijama-takimlari","8":"product_tag-duz","9":"product_tag-yuksek-pamuk-icerigi","10":"pa_color-siyah","11":"pa_size-2xl","12":"pa_size-l","13":"pa_size-m","14":"pa_size-xl","16":"first","17":"instock","18":"shipping-taxable","19":"purchasable","20":"product-type-variable"},"_links":{"self":[{"href":"https:\/\/mod.wisdar.net\/tr\/wp-json\/wp\/v2\/product\/168947","targetHints":{"allow":["GET"]}}],"collection":[{"href":"https:\/\/mod.wisdar.net\/tr\/wp-json\/wp\/v2\/product"}],"about":[{"href":"https:\/\/mod.wisdar.net\/tr\/wp-json\/wp\/v2\/types\/product"}],"replies":[{"embeddable":true,"href":"https:\/\/mod.wisdar.net\/tr\/wp-json\/wp\/v2\/comments?post=168947"}],"wp:featuredmedia":[{"embeddable":true,"href":"https:\/\/mod.wisdar.net\/tr\/wp-json\/wp\/v2\/media\/168940"}],"wp:attachment":[{"href":"https:\/\/mod.wisdar.net\/tr\/wp-json\/wp\/v2\/media?parent=168947"}],"wp:term":[{"taxonomy":"product_brand","embeddable":true,"href":"https:\/\/mod.wisdar.net\/tr\/wp-json\/wp\/v2\/product_brand?post=168947"},{"taxonomy":"product_cat","embeddable":true,"href":"https:\/\/mod.wisdar.net\/tr\/wp-json\/wp\/v2\/product_cat?post=168947"},{"taxonomy":"product_tag","embeddable":true,"href":"https:\/\/mod.wisdar.net\/tr\/wp-json\/wp\/v2\/product_tag?post=168947"}],"curies":[{"name":"wp","href":"https:\/\/api.w.org\/{rel}","templated":true}]}}