{"id":169002,"date":"2026-03-10T06:58:48","date_gmt":"2026-03-10T06:58:48","guid":{"rendered":"https:\/\/modesthanim.com\/product\/yaka-ve-kol-volanli-sifon-takim-aci-kahve\/"},"modified":"2026-03-18T21:33:09","modified_gmt":"2026-03-18T21:33:09","slug":"yaka-ve-kol-volanli-sifon-takim-aci-kahve","status":"publish","type":"product","link":"https:\/\/mod.wisdar.net\/tr\/urun\/yaka-ve-kol-volanli-sifon-takim-aci-kahve\/","title":{"rendered":"Yaka ve Kol Volanl\u0131 \u015eifon Tak\u0131m \u2013 Ac\u0131 Kahve"},"content":{"rendered":"","protected":false},"excerpt":{"rendered":"","protected":false},"featured_media":168989,"comment_status":"open","ping_status":"closed","template":"","meta":[],"product_brand":[],"product_cat":[1900],"product_tag":[6930,6744],"class_list":{"0":"post-169002","1":"product","2":"type-product","3":"status-publish","4":"has-post-thumbnail","6":"product_cat-koordinatlar-setler","7":"product_tag-bitter-coffee","8":"product_tag-kadin-modasi","9":"pa_brand-ahel","10":"pa_color-aci-kahve-1","11":"pa_size-4446","12":"pa_size-4463","14":"first","15":"outofstock","16":"shipping-taxable","17":"product-type-variable"},"_links":{"self":[{"href":"https:\/\/mod.wisdar.net\/tr\/wp-json\/wp\/v2\/product\/169002","targetHints":{"allow":["GET"]}}],"collection":[{"href":"https:\/\/mod.wisdar.net\/tr\/wp-json\/wp\/v2\/product"}],"about":[{"href":"https:\/\/mod.wisdar.net\/tr\/wp-json\/wp\/v2\/types\/product"}],"replies":[{"embeddable":true,"href":"https:\/\/mod.wisdar.net\/tr\/wp-json\/wp\/v2\/comments?post=169002"}],"wp:featuredmedia":[{"embeddable":true,"href":"https:\/\/mod.wisdar.net\/tr\/wp-json\/wp\/v2\/media\/168989"}],"wp:attachment":[{"href":"https:\/\/mod.wisdar.net\/tr\/wp-json\/wp\/v2\/media?parent=169002"}],"wp:term":[{"taxonomy":"product_brand","embeddable":true,"href":"https:\/\/mod.wisdar.net\/tr\/wp-json\/wp\/v2\/product_brand?post=169002"},{"taxonomy":"product_cat","embeddable":true,"href":"https:\/\/mod.wisdar.net\/tr\/wp-json\/wp\/v2\/product_cat?post=169002"},{"taxonomy":"product_tag","embeddable":true,"href":"https:\/\/mod.wisdar.net\/tr\/wp-json\/wp\/v2\/product_tag?post=169002"}],"curies":[{"name":"wp","href":"https:\/\/api.w.org\/{rel}","templated":true}]}}