{"id":16904,"date":"2025-11-02T12:52:53","date_gmt":"2025-11-02T12:52:53","guid":{"rendered":"https:\/\/modesthanim.com\/product\/yarim-patli-cepli-elbise-siyah\/"},"modified":"2026-04-02T22:03:56","modified_gmt":"2026-04-02T22:03:56","slug":"yarim-patli-cepli-elbise-siyah","status":"publish","type":"product","link":"https:\/\/mod.wisdar.net\/tr\/urun\/yarim-patli-cepli-elbise-siyah\/","title":{"rendered":"Yar\u0131m Patl\u0131 Cepli Elbise \u2013 Siyah"},"content":{"rendered":"<p>Zarif yar\u0131m pat detay\u0131 ve fonksiyonel cepleriyle \u00f6ne \u00e7\u0131kan bu elbise, modern tasar\u0131m\u0131yla \u015f\u0131kl\u0131k ve konforu bir araya getiriyor. Ak\u0131\u015fkan kesimi sayesinde g\u00fcn boyu rahat bir kullan\u0131m sunarken, minimal detaylar\u0131yla zamans\u0131z bir stil vadediyor.<\/p>\n<p>\u2014 Technical Details \u2014<br \/>\nDesen: D\u00fcz<br \/>\nYaka Tipi: Hakim Yaka<br \/>\nKol Tipi: Uzun Kol<br \/>\nCep: Aplike Cep<br \/>\nAstar: Astarl\u0131<br \/>\n\u00dcr\u00fcn Boyu: 136 cm<br \/>\nKal\u0131p Tipi: Normal Kal\u0131p<br \/>\nMankenin Giydi\u011fi Beden: 38<br \/>\nManken \u00d6l\u00e7\u00fcleri: {&#8216;Boy&#8217;: &#8216;174 cm&#8217;, &#8216;G\u00f6\u011f\u00fcs&#8217;: &#8217;83 cm&#8217;, &#8216;Bel&#8217;: &#8217;57 cm&#8217;, &#8216;Basen&#8217;: &#8217;88 cm&#8217;}<\/p>\n","protected":false},"excerpt":{"rendered":"<p>Zarif yar\u0131m pat detay\u0131 ve fonksiyonel cepleriyle \u00f6ne \u00e7\u0131kan bu elbise, modern tasar\u0131m\u0131yla \u015f\u0131kl\u0131k ve konforu bir araya getiriyor. Ak\u0131\u015fkan kesimi sayesinde g\u00fcn boyu rahat bir kullan\u0131m sunarken, minimal detaylar\u0131yla zamans\u0131z bir stil vadediyor. \u2014 Technical Details \u2014 Desen: D\u00fcz Yaka Tipi: Hakim Yaka Kol Tipi: Uzun Kol Cep: Aplike Cep Astar: Astarl\u0131 \u00dcr\u00fcn Boyu: [&hellip;]<\/p>\n","protected":false},"featured_media":51918,"comment_status":"open","ping_status":"closed","template":"","meta":[],"product_brand":[],"product_cat":[6249,1933],"product_tag":[5012,5013,6751],"class_list":{"0":"post-16904","1":"product","2":"type-product","3":"status-publish","4":"has-post-thumbnail","6":"product_cat-elbiseler","7":"product_cat-gunluk-ve-gunduz-elbiseleri","8":"product_tag-elegant","9":"product_tag-modern","10":"product_tag-rahat","11":"pa_brand-tugba","12":"pa_color-siyah","13":"pa_size-4706","14":"pa_size-4711","15":"pa_size-4713","16":"pa_size-4751","18":"first","19":"outofstock","20":"sale","21":"shipping-taxable","22":"purchasable","23":"product-type-variable"},"_links":{"self":[{"href":"https:\/\/mod.wisdar.net\/tr\/wp-json\/wp\/v2\/product\/16904","targetHints":{"allow":["GET"]}}],"collection":[{"href":"https:\/\/mod.wisdar.net\/tr\/wp-json\/wp\/v2\/product"}],"about":[{"href":"https:\/\/mod.wisdar.net\/tr\/wp-json\/wp\/v2\/types\/product"}],"replies":[{"embeddable":true,"href":"https:\/\/mod.wisdar.net\/tr\/wp-json\/wp\/v2\/comments?post=16904"}],"wp:featuredmedia":[{"embeddable":true,"href":"https:\/\/mod.wisdar.net\/tr\/wp-json\/wp\/v2\/media\/51918"}],"wp:attachment":[{"href":"https:\/\/mod.wisdar.net\/tr\/wp-json\/wp\/v2\/media?parent=16904"}],"wp:term":[{"taxonomy":"product_brand","embeddable":true,"href":"https:\/\/mod.wisdar.net\/tr\/wp-json\/wp\/v2\/product_brand?post=16904"},{"taxonomy":"product_cat","embeddable":true,"href":"https:\/\/mod.wisdar.net\/tr\/wp-json\/wp\/v2\/product_cat?post=16904"},{"taxonomy":"product_tag","embeddable":true,"href":"https:\/\/mod.wisdar.net\/tr\/wp-json\/wp\/v2\/product_tag?post=16904"}],"curies":[{"name":"wp","href":"https:\/\/api.w.org\/{rel}","templated":true}]}}