{"id":169054,"date":"2026-03-10T15:02:17","date_gmt":"2026-03-10T15:02:17","guid":{"rendered":"https:\/\/modesthanim.com\/product\/pembe-v-yaka-duz-kisa-kollu-oversize-hamile-elbise\/"},"modified":"2026-04-04T16:27:56","modified_gmt":"2026-04-04T16:27:56","slug":"pembe-v-yaka-duz-kisa-kollu-oversize-hamile-elbise","status":"publish","type":"product","link":"https:\/\/mod.wisdar.net\/tr\/urun\/pembe-v-yaka-duz-kisa-kollu-oversize-hamile-elbise\/","title":{"rendered":"Pembe V Yaka D\u00fcz K\u0131sa Kollu Oversize Hamile Elbise"},"content":{"rendered":"<p>LCWAIKIKI Maternity Pembe V Yaka D\u00fcz K\u0131sa Kollu Oversize Hamile Elbise size \u00f6zel indirim, taksit ve kap\u0131da \u00f6deme avantajlar\u0131yla LCW&#8217;de! Hemen online al\u0131\u015fveri\u015f yap, \u00fcr\u00fcn kap\u0131na gelsin! \u2013 S4GM18Z8-GTA<\/p>\n<p>\u2014 Technical Details \u2014<br \/>\nMen\u015fei: Turk\u0131ye<br \/>\nSat\u0131c\u0131: LC Waikiki<br \/>\nMarka: LCWAIKIKI Maternity<br \/>\n\u00dcr\u00fcn Tipi: Elbise<br \/>\nCinsiyet: Kad\u0131n<br \/>\nKal\u0131p: Oversize<br \/>\nKuma\u015f: Keten G\u00f6r\u00fcn\u00fcml\u00fc<br \/>\nStil: Hamilelik D\u00f6nemi ve Sonras\u0131<br \/>\nAstar Detay: Astars\u0131z<br \/>\nUzunluk: Midi<br \/>\nYaka: V Yaka<br \/>\nKol Boyu: K\u0131sa Kollu<br \/>\nDesen: D\u00fcz<\/p>\n","protected":false},"excerpt":{"rendered":"<p>LCWAIKIKI Maternity Pembe V Yaka D\u00fcz K\u0131sa Kollu Oversize Hamile Elbise size \u00f6zel indirim, taksit ve kap\u0131da \u00f6deme avantajlar\u0131yla LCW&#8217;de! Hemen online al\u0131\u015fveri\u015f yap, \u00fcr\u00fcn kap\u0131na gelsin! \u2013 S4GM18Z8-GTA \u2014 Technical Details \u2014 Men\u015fei: Turk\u0131ye Sat\u0131c\u0131: LC Waikiki Marka: LCWAIKIKI Maternity \u00dcr\u00fcn Tipi: Elbise Cinsiyet: Kad\u0131n Kal\u0131p: Oversize Kuma\u015f: Keten G\u00f6r\u00fcn\u00fcml\u00fc Stil: Hamilelik D\u00f6nemi ve [&hellip;]<\/p>\n","protected":false},"featured_media":169046,"comment_status":"open","ping_status":"closed","template":"","meta":[],"product_brand":[],"product_cat":[8766,8763],"product_tag":[9550,11737,10181,11739,9551,11738],"class_list":{"0":"post-169054","1":"product","2":"type-product","3":"status-publish","4":"has-post-thumbnail","6":"product_cat-hamile-elbiseleri","7":"product_cat-hamilelik-urunleri","8":"product_tag-maternity-dress","9":"product_tag-oversize-dress","10":"product_tag-pink-dress","11":"product_tag-postpartum-wear","12":"product_tag-pregnancy-clothing","13":"product_tag-v-neck-dress","14":"pa_brand-lcwaikiki-maternity","15":"pa_color-gulkurusu","16":"pa_size-m-l-2","17":"pa_size-xl-2xl","18":"pa_size-xs-s","20":"first","21":"instock","22":"shipping-taxable","23":"purchasable","24":"product-type-variable"},"_links":{"self":[{"href":"https:\/\/mod.wisdar.net\/tr\/wp-json\/wp\/v2\/product\/169054","targetHints":{"allow":["GET"]}}],"collection":[{"href":"https:\/\/mod.wisdar.net\/tr\/wp-json\/wp\/v2\/product"}],"about":[{"href":"https:\/\/mod.wisdar.net\/tr\/wp-json\/wp\/v2\/types\/product"}],"replies":[{"embeddable":true,"href":"https:\/\/mod.wisdar.net\/tr\/wp-json\/wp\/v2\/comments?post=169054"}],"wp:featuredmedia":[{"embeddable":true,"href":"https:\/\/mod.wisdar.net\/tr\/wp-json\/wp\/v2\/media\/169046"}],"wp:attachment":[{"href":"https:\/\/mod.wisdar.net\/tr\/wp-json\/wp\/v2\/media?parent=169054"}],"wp:term":[{"taxonomy":"product_brand","embeddable":true,"href":"https:\/\/mod.wisdar.net\/tr\/wp-json\/wp\/v2\/product_brand?post=169054"},{"taxonomy":"product_cat","embeddable":true,"href":"https:\/\/mod.wisdar.net\/tr\/wp-json\/wp\/v2\/product_cat?post=169054"},{"taxonomy":"product_tag","embeddable":true,"href":"https:\/\/mod.wisdar.net\/tr\/wp-json\/wp\/v2\/product_tag?post=169054"}],"curies":[{"name":"wp","href":"https:\/\/api.w.org\/{rel}","templated":true}]}}