{"id":169197,"date":"2026-03-10T15:20:08","date_gmt":"2026-03-10T15:20:08","guid":{"rendered":"https:\/\/modesthanim.com\/product\/mavi-karin-panelli-hamile-pantolon\/"},"modified":"2026-04-11T07:54:33","modified_gmt":"2026-04-11T07:54:33","slug":"mavi-karin-panelli-hamile-pantolon","status":"publish","type":"product","link":"https:\/\/mod.wisdar.net\/tr\/urun\/mavi-karin-panelli-hamile-pantolon\/","title":{"rendered":"Mavi Kar\u0131n Panelli Hamile Pantolon"},"content":{"rendered":"<p>LCWAIKIKI Maternity Mavi Kar\u0131n Panelli Hamile Pantolon size \u00f6zel indirim, taksit ve kap\u0131da \u00f6deme avantajlar\u0131yla LCW&#8217;de! Hemen online al\u0131\u015fveri\u015f yap, \u00fcr\u00fcn kap\u0131na gelsin! \u2013 S5SD41Z8-R0T<\/p>\n<p>\u2014 Technical Details \u2014<br \/>\nMen\u015fei: Turk\u0131ye<br \/>\nSat\u0131c\u0131: LC Waikiki<br \/>\nMarka: LCWAIKIKI Maternity<br \/>\n\u00dcr\u00fcn Tipi: Pantolon<br \/>\nCinsiyet: Kad\u0131n<br \/>\nKal\u0131p: Loose &amp; Bol<br \/>\nBel Fiti: Kar\u0131n Panelli<br \/>\nDesen: D\u00fcz<br \/>\nStil: Hamilelik D\u00f6nemi<br \/>\nPa\u00e7a Fiti: Geni\u015f Pa\u00e7a<br \/>\nKal\u0131nl\u0131k: \u0130nce<\/p>\n","protected":false},"excerpt":{"rendered":"<p>LCWAIKIKI Maternity Mavi Kar\u0131n Panelli Hamile Pantolon size \u00f6zel indirim, taksit ve kap\u0131da \u00f6deme avantajlar\u0131yla LCW&#8217;de! Hemen online al\u0131\u015fveri\u015f yap, \u00fcr\u00fcn kap\u0131na gelsin! \u2013 S5SD41Z8-R0T \u2014 Technical Details \u2014 Men\u015fei: Turk\u0131ye Sat\u0131c\u0131: LC Waikiki Marka: LCWAIKIKI Maternity \u00dcr\u00fcn Tipi: Pantolon Cinsiyet: Kad\u0131n Kal\u0131p: Loose &amp; Bol Bel Fiti: Kar\u0131n Panelli Desen: D\u00fcz Stil: Hamilelik D\u00f6nemi [&hellip;]<\/p>\n","protected":false},"featured_media":169188,"comment_status":"open","ping_status":"closed","template":"","meta":[],"product_brand":[],"product_cat":[8769,8763],"product_tag":[7326,6744,7700],"class_list":{"0":"post-169197","1":"product","2":"type-product","3":"status-publish","4":"has-post-thumbnail","6":"product_cat-hamile-pantolonlari-ve-taytlari","7":"product_cat-hamilelik-urunleri","8":"product_tag-bol-kesim","9":"product_tag-kadin-modasi","10":"product_tag-lc-waikiki","11":"pa_brand-lcwaikiki-maternity","12":"pa_color-mat-mavi","13":"pa_size-4701","14":"pa_size-4706","15":"pa_size-4711","16":"pa_size-4713","17":"pa_size-4751","18":"pa_size-4749","20":"first","21":"instock","22":"shipping-taxable","23":"purchasable","24":"product-type-variable"},"_links":{"self":[{"href":"https:\/\/mod.wisdar.net\/tr\/wp-json\/wp\/v2\/product\/169197","targetHints":{"allow":["GET"]}}],"collection":[{"href":"https:\/\/mod.wisdar.net\/tr\/wp-json\/wp\/v2\/product"}],"about":[{"href":"https:\/\/mod.wisdar.net\/tr\/wp-json\/wp\/v2\/types\/product"}],"replies":[{"embeddable":true,"href":"https:\/\/mod.wisdar.net\/tr\/wp-json\/wp\/v2\/comments?post=169197"}],"wp:featuredmedia":[{"embeddable":true,"href":"https:\/\/mod.wisdar.net\/tr\/wp-json\/wp\/v2\/media\/169188"}],"wp:attachment":[{"href":"https:\/\/mod.wisdar.net\/tr\/wp-json\/wp\/v2\/media?parent=169197"}],"wp:term":[{"taxonomy":"product_brand","embeddable":true,"href":"https:\/\/mod.wisdar.net\/tr\/wp-json\/wp\/v2\/product_brand?post=169197"},{"taxonomy":"product_cat","embeddable":true,"href":"https:\/\/mod.wisdar.net\/tr\/wp-json\/wp\/v2\/product_cat?post=169197"},{"taxonomy":"product_tag","embeddable":true,"href":"https:\/\/mod.wisdar.net\/tr\/wp-json\/wp\/v2\/product_tag?post=169197"}],"curies":[{"name":"wp","href":"https:\/\/api.w.org\/{rel}","templated":true}]}}