{"id":169300,"date":"2026-03-10T15:34:34","date_gmt":"2026-03-10T15:34:34","guid":{"rendered":"https:\/\/modesthanim.com\/product\/siyah-bisiklet-yaka-renk-bloklu-uzun-kollu-hamile-elbise\/"},"modified":"2026-04-04T07:56:35","modified_gmt":"2026-04-04T07:56:35","slug":"siyah-bisiklet-yaka-renk-bloklu-uzun-kollu-hamile-elbise","status":"publish","type":"product","link":"https:\/\/mod.wisdar.net\/tr\/urun\/siyah-bisiklet-yaka-renk-bloklu-uzun-kollu-hamile-elbise\/","title":{"rendered":"Siyah Bisiklet Yaka Renk Bloklu Uzun Kollu Hamile Elbise"},"content":{"rendered":"<p>LCWAIKIKI Maternity Siyah Bisiklet Yaka Renk Bloklu Uzun Kollu Hamile Elbise size \u00f6zel indirim, taksit ve kap\u0131da \u00f6deme avantajlar\u0131yla LCW&#8217;de! Hemen online al\u0131\u015fveri\u015f yap, \u00fcr\u00fcn kap\u0131na gelsin! \u2013 S4K762Z8-CVL<\/p>\n<p>\u2014 Technical Details \u2014<br \/>\nMen\u015fei: Turk\u0131ye<br \/>\nSat\u0131c\u0131: LC Waikiki<br \/>\nMarka: LCWAIKIKI Maternity<br \/>\n\u00dcr\u00fcn Tipi: Elbise<br \/>\nCinsiyet: Kad\u0131n<br \/>\nKal\u0131p: Standart &amp; Regular<br \/>\nStil: Hamilelik D\u00f6nemi ve Sonras\u0131<br \/>\nAstar Detay: Astars\u0131z<br \/>\nUzunluk: Midi<br \/>\nYaka: Bisiklet Yaka<br \/>\nKol Boyu: Uzun Kollu<br \/>\nDesen: Renk Blo\u011fu<\/p>\n","protected":false},"excerpt":{"rendered":"<p>LCWAIKIKI Maternity Siyah Bisiklet Yaka Renk Bloklu Uzun Kollu Hamile Elbise size \u00f6zel indirim, taksit ve kap\u0131da \u00f6deme avantajlar\u0131yla LCW&#8217;de! Hemen online al\u0131\u015fveri\u015f yap, \u00fcr\u00fcn kap\u0131na gelsin! \u2013 S4K762Z8-CVL \u2014 Technical Details \u2014 Men\u015fei: Turk\u0131ye Sat\u0131c\u0131: LC Waikiki Marka: LCWAIKIKI Maternity \u00dcr\u00fcn Tipi: Elbise Cinsiyet: Kad\u0131n Kal\u0131p: Standart &amp; Regular Stil: Hamilelik D\u00f6nemi ve Sonras\u0131 [&hellip;]<\/p>\n","protected":false},"featured_media":169292,"comment_status":"open","ping_status":"closed","template":"","meta":[],"product_brand":[],"product_cat":[8766,8763],"product_tag":[8110,7547,7963,6748],"class_list":{"0":"post-169300","1":"product","2":"type-product","3":"status-publish","4":"has-post-thumbnail","6":"product_cat-hamile-elbiseleri","7":"product_cat-hamilelik-urunleri","8":"product_tag-bisiklet-yaka-2","9":"product_tag-kadin-giyim","10":"product_tag-turk-modasi","11":"product_tag-uzun-kollu-elbise","12":"pa_brand-lcwaikiki-maternity","13":"pa_color-siyah","14":"pa_size-2xl","15":"pa_size-3xl","16":"pa_size-l","17":"pa_size-m","18":"pa_size-s","19":"pa_size-xl","21":"first","22":"instock","23":"shipping-taxable","24":"purchasable","25":"product-type-variable"},"_links":{"self":[{"href":"https:\/\/mod.wisdar.net\/tr\/wp-json\/wp\/v2\/product\/169300","targetHints":{"allow":["GET"]}}],"collection":[{"href":"https:\/\/mod.wisdar.net\/tr\/wp-json\/wp\/v2\/product"}],"about":[{"href":"https:\/\/mod.wisdar.net\/tr\/wp-json\/wp\/v2\/types\/product"}],"replies":[{"embeddable":true,"href":"https:\/\/mod.wisdar.net\/tr\/wp-json\/wp\/v2\/comments?post=169300"}],"wp:featuredmedia":[{"embeddable":true,"href":"https:\/\/mod.wisdar.net\/tr\/wp-json\/wp\/v2\/media\/169292"}],"wp:attachment":[{"href":"https:\/\/mod.wisdar.net\/tr\/wp-json\/wp\/v2\/media?parent=169300"}],"wp:term":[{"taxonomy":"product_brand","embeddable":true,"href":"https:\/\/mod.wisdar.net\/tr\/wp-json\/wp\/v2\/product_brand?post=169300"},{"taxonomy":"product_cat","embeddable":true,"href":"https:\/\/mod.wisdar.net\/tr\/wp-json\/wp\/v2\/product_cat?post=169300"},{"taxonomy":"product_tag","embeddable":true,"href":"https:\/\/mod.wisdar.net\/tr\/wp-json\/wp\/v2\/product_tag?post=169300"}],"curies":[{"name":"wp","href":"https:\/\/api.w.org\/{rel}","templated":true}]}}