{"id":169369,"date":"2026-03-10T15:35:43","date_gmt":"2026-03-10T15:35:43","guid":{"rendered":"https:\/\/modesthanim.com\/product\/u-yaka-duz-ip-askili-hamile-kuplu-atlet\/"},"modified":"2026-04-04T09:17:16","modified_gmt":"2026-04-04T09:17:16","slug":"u-yaka-duz-ip-askili-hamile-kuplu-atlet","status":"publish","type":"product","link":"https:\/\/mod.wisdar.net\/tr\/urun\/u-yaka-duz-ip-askili-hamile-kuplu-atlet\/","title":{"rendered":"U Yaka D\u00fcz \u0130p Ask\u0131l\u0131 Hamile Kuplu Atlet"},"content":{"rendered":"<p>LCW DREAM U Yaka D\u00fcz \u0130p Ask\u0131l\u0131 Hamile Kuplu Atlet size \u00f6zel indirim, taksit ve kap\u0131da \u00f6deme avantajlar\u0131yla LCW&#8217;de! Hemen online al\u0131\u015fveri\u015f yap, \u00fcr\u00fcn kap\u0131na gelsin! \u2013 S60431Z8-CVL<\/p>\n<p>\u2014 Technical Details \u2014<br \/>\nMen\u015fei: Banglade\u015f,Turk\u0131ye<br \/>\nSat\u0131c\u0131: LC Waikiki<br \/>\nMarka: LCW DREAM<br \/>\n\u00dcr\u00fcn Tipi: Emzirme Atleti<br \/>\nCinsiyet: Kad\u0131n<br \/>\nKal\u0131p: Standart &amp; Regular<br \/>\nYaka: U Yaka<br \/>\nKol Boyu: Ask\u0131l\u0131<br \/>\nDolgu: Dolgusuz<br \/>\nDesen: D\u00fcz<br \/>\nKuma\u015f: Penye<br \/>\nFonksiyonel \u00d6zellik: Emzirme \u00d6zellikli<br \/>\nMalzeme: Y\u00fcksek Pamuk \u0130\u00e7erir<br \/>\nStil: Hamilelik D\u00f6nemi ve Sonras\u0131<\/p>\n","protected":false},"excerpt":{"rendered":"<p>LCW DREAM U Yaka D\u00fcz \u0130p Ask\u0131l\u0131 Hamile Kuplu Atlet size \u00f6zel indirim, taksit ve kap\u0131da \u00f6deme avantajlar\u0131yla LCW&#8217;de! Hemen online al\u0131\u015fveri\u015f yap, \u00fcr\u00fcn kap\u0131na gelsin! \u2013 S60431Z8-CVL \u2014 Technical Details \u2014 Men\u015fei: Banglade\u015f,Turk\u0131ye Sat\u0131c\u0131: LC Waikiki Marka: LCW DREAM \u00dcr\u00fcn Tipi: Emzirme Atleti Cinsiyet: Kad\u0131n Kal\u0131p: Standart &amp; Regular Yaka: U Yaka Kol Boyu: [&hellip;]<\/p>\n","protected":false},"featured_media":169365,"comment_status":"open","ping_status":"closed","template":"","meta":[],"product_brand":[],"product_cat":[8763,8775],"product_tag":[7547],"class_list":{"0":"post-169369","1":"product","2":"type-product","3":"status-publish","4":"has-post-thumbnail","6":"product_cat-hamilelik-urunleri","7":"product_cat-ic-camasiri-ve-sutyenler","8":"product_tag-kadin-giyim","9":"pa_brand-lcw-dream","10":"pa_color-siyah","11":"pa_size-2xl","12":"pa_size-3xl","13":"pa_size-l","14":"pa_size-m","15":"pa_size-s","16":"pa_size-xl","18":"first","19":"instock","20":"shipping-taxable","21":"purchasable","22":"product-type-variable"},"_links":{"self":[{"href":"https:\/\/mod.wisdar.net\/tr\/wp-json\/wp\/v2\/product\/169369","targetHints":{"allow":["GET"]}}],"collection":[{"href":"https:\/\/mod.wisdar.net\/tr\/wp-json\/wp\/v2\/product"}],"about":[{"href":"https:\/\/mod.wisdar.net\/tr\/wp-json\/wp\/v2\/types\/product"}],"replies":[{"embeddable":true,"href":"https:\/\/mod.wisdar.net\/tr\/wp-json\/wp\/v2\/comments?post=169369"}],"wp:featuredmedia":[{"embeddable":true,"href":"https:\/\/mod.wisdar.net\/tr\/wp-json\/wp\/v2\/media\/169365"}],"wp:attachment":[{"href":"https:\/\/mod.wisdar.net\/tr\/wp-json\/wp\/v2\/media?parent=169369"}],"wp:term":[{"taxonomy":"product_brand","embeddable":true,"href":"https:\/\/mod.wisdar.net\/tr\/wp-json\/wp\/v2\/product_brand?post=169369"},{"taxonomy":"product_cat","embeddable":true,"href":"https:\/\/mod.wisdar.net\/tr\/wp-json\/wp\/v2\/product_cat?post=169369"},{"taxonomy":"product_tag","embeddable":true,"href":"https:\/\/mod.wisdar.net\/tr\/wp-json\/wp\/v2\/product_tag?post=169369"}],"curies":[{"name":"wp","href":"https:\/\/api.w.org\/{rel}","templated":true}]}}