{"id":169436,"date":"2026-03-10T15:40:05","date_gmt":"2026-03-10T15:40:05","guid":{"rendered":"https:\/\/modesthanim.com\/product\/pembe-bisiklet-yaka-puantiyeli-hamile-gecelik\/"},"modified":"2026-04-04T16:28:48","modified_gmt":"2026-04-04T16:28:48","slug":"pembe-bisiklet-yaka-puantiyeli-hamile-gecelik","status":"publish","type":"product","link":"https:\/\/mod.wisdar.net\/tr\/urun\/pembe-bisiklet-yaka-puantiyeli-hamile-gecelik\/","title":{"rendered":"Pembe Bisiklet Yaka Puantiyeli Hamile Gecelik"},"content":{"rendered":"<p>LCW DREAM Pembe Bisiklet Yaka Puantiyeli Hamile Gecelik size \u00f6zel indirim, taksit ve kap\u0131da \u00f6deme avantajlar\u0131yla LCW&#8217;de! Hemen online al\u0131\u015fveri\u015f yap, \u00fcr\u00fcn kap\u0131na gelsin! \u2013 S6JE99Z8-LSZ<\/p>\n<p>\u2014 Technical Details \u2014<br \/>\nMen\u015fei: Turk\u0131ye<br \/>\nSat\u0131c\u0131: LC Waikiki<br \/>\nMarka: LCW DREAM<br \/>\n\u00dcr\u00fcn Tipi: Gecelik<br \/>\nCinsiyet: Kad\u0131n<br \/>\nKal\u0131p: Standart &amp; Regular<br \/>\nKuma\u015f: Penye<br \/>\nDesen: Bask\u0131l\u0131<br \/>\nYaka: Bisiklet Yaka<br \/>\nStil: Hamilelik D\u00f6nemi ve Sonras\u0131<br \/>\nKol Boyu: K\u0131sa Kollu<br \/>\nUzunluk: Mini<br \/>\nFonksiyonel \u00d6zellik: Emzirme \u00d6zellikli<br \/>\nMalzeme: %100 Pamuk<\/p>\n","protected":false},"excerpt":{"rendered":"<p>LCW DREAM Pembe Bisiklet Yaka Puantiyeli Hamile Gecelik size \u00f6zel indirim, taksit ve kap\u0131da \u00f6deme avantajlar\u0131yla LCW&#8217;de! Hemen online al\u0131\u015fveri\u015f yap, \u00fcr\u00fcn kap\u0131na gelsin! \u2013 S6JE99Z8-LSZ \u2014 Technical Details \u2014 Men\u015fei: Turk\u0131ye Sat\u0131c\u0131: LC Waikiki Marka: LCW DREAM \u00dcr\u00fcn Tipi: Gecelik Cinsiyet: Kad\u0131n Kal\u0131p: Standart &amp; Regular Kuma\u015f: Penye Desen: Bask\u0131l\u0131 Yaka: Bisiklet Yaka Stil: [&hellip;]<\/p>\n","protected":false},"featured_media":169429,"comment_status":"open","ping_status":"closed","template":"","meta":[],"product_brand":[],"product_cat":[8766,8763],"product_tag":[11747,9554,9555,11746,11748],"class_list":{"0":"post-169436","1":"product","2":"type-product","3":"status-publish","4":"has-post-thumbnail","6":"product_cat-hamile-elbiseleri","7":"product_cat-hamilelik-urunleri","8":"product_tag-cotton-nightgown","9":"product_tag-maternity-nightgown","10":"product_tag-nursing-nightgown","11":"product_tag-polka-dot-nightwear","12":"product_tag-postpartum-nightwear","13":"pa_brand-lcw-dream","14":"pa_color-pembe","15":"pa_size-2xl","16":"pa_size-3xl","17":"pa_size-l","18":"pa_size-m","19":"pa_size-s","20":"pa_size-xl","22":"first","23":"instock","24":"shipping-taxable","25":"purchasable","26":"product-type-variable"},"_links":{"self":[{"href":"https:\/\/mod.wisdar.net\/tr\/wp-json\/wp\/v2\/product\/169436","targetHints":{"allow":["GET"]}}],"collection":[{"href":"https:\/\/mod.wisdar.net\/tr\/wp-json\/wp\/v2\/product"}],"about":[{"href":"https:\/\/mod.wisdar.net\/tr\/wp-json\/wp\/v2\/types\/product"}],"replies":[{"embeddable":true,"href":"https:\/\/mod.wisdar.net\/tr\/wp-json\/wp\/v2\/comments?post=169436"}],"wp:featuredmedia":[{"embeddable":true,"href":"https:\/\/mod.wisdar.net\/tr\/wp-json\/wp\/v2\/media\/169429"}],"wp:attachment":[{"href":"https:\/\/mod.wisdar.net\/tr\/wp-json\/wp\/v2\/media?parent=169436"}],"wp:term":[{"taxonomy":"product_brand","embeddable":true,"href":"https:\/\/mod.wisdar.net\/tr\/wp-json\/wp\/v2\/product_brand?post=169436"},{"taxonomy":"product_cat","embeddable":true,"href":"https:\/\/mod.wisdar.net\/tr\/wp-json\/wp\/v2\/product_cat?post=169436"},{"taxonomy":"product_tag","embeddable":true,"href":"https:\/\/mod.wisdar.net\/tr\/wp-json\/wp\/v2\/product_tag?post=169436"}],"curies":[{"name":"wp","href":"https:\/\/api.w.org\/{rel}","templated":true}]}}