{"id":16950,"date":"2025-11-02T12:53:54","date_gmt":"2025-11-02T12:53:54","guid":{"rendered":"https:\/\/modesthanim.com\/product\/floral-yaprak-desenli-elbise-lacivert\/"},"modified":"2026-04-15T20:42:53","modified_gmt":"2026-04-15T20:42:53","slug":"floral-yaprak-desenli-elbise-lacivert","status":"publish","type":"product","link":"https:\/\/mod.wisdar.net\/tr\/urun\/floral-yaprak-desenli-elbise-lacivert\/","title":{"rendered":"Floral Yaprak Desenli Elbise \u2013 Lacivert"},"content":{"rendered":"<p>Romantik floral yaprak desenleriyle dikkat \u00e7eken bu elbise, zarif ve feminen bir duru\u015f sunar. Hafif dokusu ve ak\u0131c\u0131 kesimiyle g\u00fcn boyu konfor sa\u011flar. \u00d6zel g\u00fcnlerde ya da g\u00fcnl\u00fck \u015f\u0131kl\u0131kta rahatl\u0131kla tercih edilebilir. \u2014 Teknik Detaylar \u2014 Desen: Floral Yaprak Desen, Yaka Tipi: G\u00f6mlek Yaka, Kol Tipi: D\u00fc\u015f\u00fck Kol, Cep: Cepsiz, Astar: Astarl\u0131, \u00dcr\u00fcn Boyu: 140 cm, Kal\u0131p Tipi: Normal Kal\u0131p, Mankenin Giydi\u011fi Beden: 38, Manken \u00d6l\u00e7\u00fcleri: Boy: 175 cm, G\u00f6\u011f\u00fcs: 80 cm, Bel: 62 cm, Basen: 90 cm, Beden \u00d6l\u00e7\u00fcleri (cm): 38: Omuz: 40, G\u00f6\u011f\u00fcs: 100, Boy: 140, Kol Boyu: 61, 40: Omuz: 41, G\u00f6\u011f\u00fcs: 104, Boy: 140.5, Kol Boyu: 61.5, 42: Omuz: 42, G\u00f6\u011f\u00fcs: 108, Boy: 141, Kol Boyu: 62, 44: Omuz: 43, G\u00f6\u011f\u00fcs: 112, Boy: 141.5, Kol Boyu: 62.5, 46: Omuz: 44, G\u00f6\u011f\u00fcs: 118, Boy: 142, Kol Boyu: 63<\/p>\n","protected":false},"excerpt":{"rendered":"<p>Romantik floral yaprak desenleriyle dikkat \u00e7eken bu elbise, zarif ve feminen bir duru\u015f sunar. Hafif dokusu ve ak\u0131c\u0131 kesimiyle g\u00fcn boyu konfor sa\u011flar. \u00d6zel g\u00fcnlerde ya da g\u00fcnl\u00fck \u015f\u0131kl\u0131kta rahatl\u0131kla tercih edilebilir. \u2014 Teknik Detaylar \u2014 Desen: Floral Yaprak Desen, Yaka Tipi: G\u00f6mlek Yaka, Kol Tipi: D\u00fc\u015f\u00fck Kol, Cep: Cepsiz, Astar: Astarl\u0131, \u00dcr\u00fcn Boyu: 140 [&hellip;]<\/p>\n","protected":false},"featured_media":51916,"comment_status":"open","ping_status":"closed","template":"","meta":[],"product_brand":[],"product_cat":[],"product_tag":[],"class_list":{"0":"post-16950","1":"product","2":"type-product","3":"status-publish","4":"has-post-thumbnail","7":"first","8":"outofstock","9":"sale","10":"shipping-taxable","11":"purchasable","12":"product-type-variable"},"_links":{"self":[{"href":"https:\/\/mod.wisdar.net\/tr\/wp-json\/wp\/v2\/product\/16950","targetHints":{"allow":["GET"]}}],"collection":[{"href":"https:\/\/mod.wisdar.net\/tr\/wp-json\/wp\/v2\/product"}],"about":[{"href":"https:\/\/mod.wisdar.net\/tr\/wp-json\/wp\/v2\/types\/product"}],"replies":[{"embeddable":true,"href":"https:\/\/mod.wisdar.net\/tr\/wp-json\/wp\/v2\/comments?post=16950"}],"wp:featuredmedia":[{"embeddable":true,"href":"https:\/\/mod.wisdar.net\/tr\/wp-json\/wp\/v2\/media\/51916"}],"wp:attachment":[{"href":"https:\/\/mod.wisdar.net\/tr\/wp-json\/wp\/v2\/media?parent=16950"}],"wp:term":[{"taxonomy":"product_brand","embeddable":true,"href":"https:\/\/mod.wisdar.net\/tr\/wp-json\/wp\/v2\/product_brand?post=16950"},{"taxonomy":"product_cat","embeddable":true,"href":"https:\/\/mod.wisdar.net\/tr\/wp-json\/wp\/v2\/product_cat?post=16950"},{"taxonomy":"product_tag","embeddable":true,"href":"https:\/\/mod.wisdar.net\/tr\/wp-json\/wp\/v2\/product_tag?post=16950"}],"curies":[{"name":"wp","href":"https:\/\/api.w.org\/{rel}","templated":true}]}}