{"id":169514,"date":"2026-03-10T16:25:40","date_gmt":"2026-03-10T16:25:40","guid":{"rendered":"https:\/\/modesthanim.com\/product\/indigo-beli-kemerli-standart-fit-kadin-jean-sort\/"},"modified":"2026-04-11T16:42:41","modified_gmt":"2026-04-11T16:42:41","slug":"indigo-beli-kemerli-standart-fit-kadin-jean-sort","status":"publish","type":"product","link":"https:\/\/mod.wisdar.net\/tr\/urun\/indigo-beli-kemerli-standart-fit-kadin-jean-sort\/","title":{"rendered":"\u0130ndigo Beli Kemerli Standart Fit Kad\u0131n Jean \u015eort"},"content":{"rendered":"<p>LCW Jeans \u0130ndigo Beli Kemerli Standart Fit Kad\u0131n Jean \u015eort size \u00f6zel indirim, taksit ve kap\u0131da \u00f6deme avantajlar\u0131yla LCW&#8217;de! Hemen online al\u0131\u015fveri\u015f yap, \u00fcr\u00fcn kap\u0131na gelsin! \u2013 S5DM25Z8-507<\/p>\n<p>\u2014 Technical Details \u2014<br \/>\nMen\u015fei: M\u0131s\u0131r<br \/>\nSat\u0131c\u0131: LC Waikiki<br \/>\nMarka: LCW Jeans<br \/>\n\u00dcr\u00fcn Tipi: Jean \u015eort<br \/>\nCinsiyet: Kad\u0131n<br \/>\nKal\u0131p: Bermuda<br \/>\nKuma\u015f: Denim<br \/>\nDesen: D\u00fcz<br \/>\nUzunluk: Diz \u00dcst\u00fc<br \/>\n\u00dcr\u00fcn Aksesuar\u0131: Kemer<br \/>\nMalzeme: Y\u00fcksek Pamuk \u0130\u00e7erir<br \/>\nBel Fiti: Normal Bel<br \/>\nPar\u00e7a Say\u0131s\u0131: 2 Par\u00e7a<\/p>\n","protected":false},"excerpt":{"rendered":"<p>LCW Jeans \u0130ndigo Beli Kemerli Standart Fit Kad\u0131n Jean \u015eort size \u00f6zel indirim, taksit ve kap\u0131da \u00f6deme avantajlar\u0131yla LCW&#8217;de! Hemen online al\u0131\u015fveri\u015f yap, \u00fcr\u00fcn kap\u0131na gelsin! \u2013 S5DM25Z8-507 \u2014 Technical Details \u2014 Men\u015fei: M\u0131s\u0131r Sat\u0131c\u0131: LC Waikiki Marka: LCW Jeans \u00dcr\u00fcn Tipi: Jean \u015eort Cinsiyet: Kad\u0131n Kal\u0131p: Bermuda Kuma\u015f: Denim Desen: D\u00fcz Uzunluk: Diz \u00dcst\u00fc [&hellip;]<\/p>\n","protected":false},"featured_media":169502,"comment_status":"open","ping_status":"closed","template":"","meta":[],"product_brand":[],"product_cat":[11020],"product_tag":[7426,6744],"class_list":{"0":"post-169514","1":"product","2":"type-product","3":"status-publish","4":"has-post-thumbnail","6":"product_cat-tisort-ve-sort","7":"product_tag-gunluk-giyim-3","8":"product_tag-kadin-modasi","9":"pa_brand-lcw-jeans","10":"pa_color-indigo","11":"pa_size-7851","12":"pa_size-7843","13":"pa_size-7841","14":"pa_size-7842","15":"pa_size-7846","16":"pa_size-4698","18":"first","19":"instock","20":"shipping-taxable","21":"purchasable","22":"product-type-variable"},"_links":{"self":[{"href":"https:\/\/mod.wisdar.net\/tr\/wp-json\/wp\/v2\/product\/169514","targetHints":{"allow":["GET"]}}],"collection":[{"href":"https:\/\/mod.wisdar.net\/tr\/wp-json\/wp\/v2\/product"}],"about":[{"href":"https:\/\/mod.wisdar.net\/tr\/wp-json\/wp\/v2\/types\/product"}],"replies":[{"embeddable":true,"href":"https:\/\/mod.wisdar.net\/tr\/wp-json\/wp\/v2\/comments?post=169514"}],"wp:featuredmedia":[{"embeddable":true,"href":"https:\/\/mod.wisdar.net\/tr\/wp-json\/wp\/v2\/media\/169502"}],"wp:attachment":[{"href":"https:\/\/mod.wisdar.net\/tr\/wp-json\/wp\/v2\/media?parent=169514"}],"wp:term":[{"taxonomy":"product_brand","embeddable":true,"href":"https:\/\/mod.wisdar.net\/tr\/wp-json\/wp\/v2\/product_brand?post=169514"},{"taxonomy":"product_cat","embeddable":true,"href":"https:\/\/mod.wisdar.net\/tr\/wp-json\/wp\/v2\/product_cat?post=169514"},{"taxonomy":"product_tag","embeddable":true,"href":"https:\/\/mod.wisdar.net\/tr\/wp-json\/wp\/v2\/product_tag?post=169514"}],"curies":[{"name":"wp","href":"https:\/\/api.w.org\/{rel}","templated":true}]}}