{"id":169611,"date":"2026-03-10T16:26:45","date_gmt":"2026-03-10T16:26:45","guid":{"rendered":"https:\/\/modesthanim.com\/product\/bej-bisiklet-yaka-puantiyeli-hamile-gecelik\/"},"modified":"2026-04-11T09:24:10","modified_gmt":"2026-04-11T09:24:10","slug":"bej-bisiklet-yaka-puantiyeli-hamile-gecelik","status":"publish","type":"product","link":"https:\/\/mod.wisdar.net\/tr\/urun\/bej-bisiklet-yaka-puantiyeli-hamile-gecelik\/","title":{"rendered":"Bej Bisiklet Yaka Puantiyeli Hamile Gecelik"},"content":{"rendered":"<p>LCW DREAM Bej Bisiklet Yaka Puantiyeli Hamile Gecelik size \u00f6zel indirim, taksit ve kap\u0131da \u00f6deme avantajlar\u0131yla LCW&#8217;de! Hemen online al\u0131\u015fveri\u015f yap, \u00fcr\u00fcn kap\u0131na gelsin! \u2013 S6AT69Z8-LQB<\/p>\n<p>\u2014 Technical Details \u2014<br \/>\nMen\u015fei: Banglade\u015f,Turk\u0131ye<br \/>\nSat\u0131c\u0131: LC Waikiki<br \/>\nMarka: LCW DREAM<br \/>\n\u00dcr\u00fcn Tipi: Gecelik<br \/>\nCinsiyet: Kad\u0131n<br \/>\nKal\u0131p: Loose &amp; Bol<br \/>\nKuma\u015f: Penye<br \/>\nDesen: Bask\u0131l\u0131<br \/>\nYaka: Bisiklet Yaka<br \/>\nStil: Hamilelik D\u00f6nemi ve Sonras\u0131<br \/>\nKol Boyu: K\u0131sa Kollu<br \/>\nUzunluk: Mini<br \/>\nFonksiyonel \u00d6zellik: Emzirme \u00d6zellikli<br \/>\nMalzeme: %100 Pamuk<\/p>\n","protected":false},"excerpt":{"rendered":"<p>LCW DREAM Bej Bisiklet Yaka Puantiyeli Hamile Gecelik size \u00f6zel indirim, taksit ve kap\u0131da \u00f6deme avantajlar\u0131yla LCW&#8217;de! Hemen online al\u0131\u015fveri\u015f yap, \u00fcr\u00fcn kap\u0131na gelsin! \u2013 S6AT69Z8-LQB \u2014 Technical Details \u2014 Men\u015fei: Banglade\u015f,Turk\u0131ye Sat\u0131c\u0131: LC Waikiki Marka: LCW DREAM \u00dcr\u00fcn Tipi: Gecelik Cinsiyet: Kad\u0131n Kal\u0131p: Loose &amp; Bol Kuma\u015f: Penye Desen: Bask\u0131l\u0131 Yaka: Bisiklet Yaka Stil: [&hellip;]<\/p>\n","protected":false},"featured_media":169597,"comment_status":"open","ping_status":"closed","template":"","meta":[],"product_brand":[],"product_cat":[8766,8763],"product_tag":[11752,11753,9554,9653],"class_list":{"0":"post-169611","1":"product","2":"type-product","3":"status-publish","4":"has-post-thumbnail","6":"product_cat-hamile-elbiseleri","7":"product_cat-hamilelik-urunleri","8":"product_tag-bicycle-neck-polka-dot-maternity-nightgown","9":"product_tag-lcw-dream","10":"product_tag-maternity-nightgown","11":"product_tag-nightgown","12":"pa_brand-lcw-dream","13":"pa_color-bej","14":"pa_size-2xl","15":"pa_size-3xl","16":"pa_size-l","17":"pa_size-m","18":"pa_size-s","19":"pa_size-xl","21":"first","22":"instock","23":"shipping-taxable","24":"purchasable","25":"product-type-variable"},"_links":{"self":[{"href":"https:\/\/mod.wisdar.net\/tr\/wp-json\/wp\/v2\/product\/169611","targetHints":{"allow":["GET"]}}],"collection":[{"href":"https:\/\/mod.wisdar.net\/tr\/wp-json\/wp\/v2\/product"}],"about":[{"href":"https:\/\/mod.wisdar.net\/tr\/wp-json\/wp\/v2\/types\/product"}],"replies":[{"embeddable":true,"href":"https:\/\/mod.wisdar.net\/tr\/wp-json\/wp\/v2\/comments?post=169611"}],"wp:featuredmedia":[{"embeddable":true,"href":"https:\/\/mod.wisdar.net\/tr\/wp-json\/wp\/v2\/media\/169597"}],"wp:attachment":[{"href":"https:\/\/mod.wisdar.net\/tr\/wp-json\/wp\/v2\/media?parent=169611"}],"wp:term":[{"taxonomy":"product_brand","embeddable":true,"href":"https:\/\/mod.wisdar.net\/tr\/wp-json\/wp\/v2\/product_brand?post=169611"},{"taxonomy":"product_cat","embeddable":true,"href":"https:\/\/mod.wisdar.net\/tr\/wp-json\/wp\/v2\/product_cat?post=169611"},{"taxonomy":"product_tag","embeddable":true,"href":"https:\/\/mod.wisdar.net\/tr\/wp-json\/wp\/v2\/product_tag?post=169611"}],"curies":[{"name":"wp","href":"https:\/\/api.w.org\/{rel}","templated":true}]}}