{"id":169619,"date":"2026-03-10T16:26:47","date_gmt":"2026-03-10T16:26:47","guid":{"rendered":"https:\/\/modesthanim.com\/product\/siyah-beli-lastikli-karin-panelli-hamile-esofman-alti\/"},"modified":"2026-04-11T08:13:19","modified_gmt":"2026-04-11T08:13:19","slug":"siyah-beli-lastikli-karin-panelli-hamile-esofman-alti","status":"publish","type":"product","link":"https:\/\/mod.wisdar.net\/tr\/urun\/siyah-beli-lastikli-karin-panelli-hamile-esofman-alti\/","title":{"rendered":"Siyah Beli Lastikli Kar\u0131n Panelli Hamile E\u015fofman Alt\u0131"},"content":{"rendered":"<p>LCWAIKIKI Maternity Siyah Beli Lastikli Kar\u0131n Panelli Hamile E\u015fofman Alt\u0131 size \u00f6zel indirim, taksit ve kap\u0131da \u00f6deme avantajlar\u0131yla LCW&#8217;de! Hemen online al\u0131\u015fveri\u015f yap, \u00fcr\u00fcn kap\u0131na gelsin! \u2013 S5FN08Z8-CVL<\/p>\n<p>\u2014 Technical Details \u2014<br \/>\nMen\u015fei: Turk\u0131ye<br \/>\n\u00dcr\u00fcn Tipi: E\u015fofman Alt\u0131<br \/>\nCinsiyet: Kad\u0131n<br \/>\nKal\u0131p: Standart &amp; Regular<br \/>\nKuma\u015f: \u0130nterlok<br \/>\nKal\u0131nl\u0131k: Orta Kal\u0131nl\u0131k<br \/>\nBel Fiti: Kar\u0131n Panelli<br \/>\nDesen: D\u00fcz<br \/>\nStil: Hamilelik D\u00f6nemi<br \/>\nFonksiyonel \u00d6zellik: Soft Touch<br \/>\nV\u00fccut Tipi: B\u00fcy\u00fck Beden<\/p>\n","protected":false},"excerpt":{"rendered":"<p>LCWAIKIKI Maternity Siyah Beli Lastikli Kar\u0131n Panelli Hamile E\u015fofman Alt\u0131 size \u00f6zel indirim, taksit ve kap\u0131da \u00f6deme avantajlar\u0131yla LCW&#8217;de! Hemen online al\u0131\u015fveri\u015f yap, \u00fcr\u00fcn kap\u0131na gelsin! \u2013 S5FN08Z8-CVL \u2014 Technical Details \u2014 Men\u015fei: Turk\u0131ye \u00dcr\u00fcn Tipi: E\u015fofman Alt\u0131 Cinsiyet: Kad\u0131n Kal\u0131p: Standart &amp; Regular Kuma\u015f: \u0130nterlok Kal\u0131nl\u0131k: Orta Kal\u0131nl\u0131k Bel Fiti: Kar\u0131n Panelli Desen: D\u00fcz [&hellip;]<\/p>\n","protected":false},"featured_media":169599,"comment_status":"open","ping_status":"closed","template":"","meta":[],"product_brand":[],"product_cat":[8769,8763],"product_tag":[7651],"class_list":{"0":"post-169619","1":"product","2":"type-product","3":"status-publish","4":"has-post-thumbnail","6":"product_cat-hamile-pantolonlari-ve-taytlari","7":"product_cat-hamilelik-urunleri","8":"product_tag-esofman-alti","9":"pa_brand-lcwaikiki-maternity","10":"pa_color-siyah","11":"pa_size-2xl","12":"pa_size-3xl","13":"pa_size-l","14":"pa_size-m","15":"pa_size-s","16":"pa_size-xl","18":"first","19":"instock","20":"shipping-taxable","21":"purchasable","22":"product-type-variable"},"_links":{"self":[{"href":"https:\/\/mod.wisdar.net\/tr\/wp-json\/wp\/v2\/product\/169619","targetHints":{"allow":["GET"]}}],"collection":[{"href":"https:\/\/mod.wisdar.net\/tr\/wp-json\/wp\/v2\/product"}],"about":[{"href":"https:\/\/mod.wisdar.net\/tr\/wp-json\/wp\/v2\/types\/product"}],"replies":[{"embeddable":true,"href":"https:\/\/mod.wisdar.net\/tr\/wp-json\/wp\/v2\/comments?post=169619"}],"wp:featuredmedia":[{"embeddable":true,"href":"https:\/\/mod.wisdar.net\/tr\/wp-json\/wp\/v2\/media\/169599"}],"wp:attachment":[{"href":"https:\/\/mod.wisdar.net\/tr\/wp-json\/wp\/v2\/media?parent=169619"}],"wp:term":[{"taxonomy":"product_brand","embeddable":true,"href":"https:\/\/mod.wisdar.net\/tr\/wp-json\/wp\/v2\/product_brand?post=169619"},{"taxonomy":"product_cat","embeddable":true,"href":"https:\/\/mod.wisdar.net\/tr\/wp-json\/wp\/v2\/product_cat?post=169619"},{"taxonomy":"product_tag","embeddable":true,"href":"https:\/\/mod.wisdar.net\/tr\/wp-json\/wp\/v2\/product_tag?post=169619"}],"curies":[{"name":"wp","href":"https:\/\/api.w.org\/{rel}","templated":true}]}}