{"id":169672,"date":"2026-03-10T16:31:42","date_gmt":"2026-03-10T16:31:42","guid":{"rendered":"https:\/\/modesthanim.com\/product\/u-yaka-duz-ip-askili-hamile-kuplu-atlet-2\/"},"modified":"2026-04-11T09:24:32","modified_gmt":"2026-04-11T09:24:32","slug":"u-yaka-duz-ip-askili-hamile-kuplu-atlet-2","status":"publish","type":"product","link":"https:\/\/mod.wisdar.net\/tr\/urun\/u-yaka-duz-ip-askili-hamile-kuplu-atlet-2\/","title":{"rendered":"U Yaka D\u00fcz \u0130p Ask\u0131l\u0131 Hamile Kuplu Atlet"},"content":{"rendered":"<p>LCW DREAM U Yaka D\u00fcz \u0130p Ask\u0131l\u0131 Hamile Kuplu Atlet size \u00f6zel indirim, taksit ve kap\u0131da \u00f6deme avantajlar\u0131yla LCW&#8217;de! Hemen online al\u0131\u015fveri\u015f yap, \u00fcr\u00fcn kap\u0131na gelsin! \u2013 S60431Z8-FFB<\/p>\n<p>\u2014 Technical Details \u2014<br \/>\nMen\u015fei: Banglade\u015f,Turk\u0131ye<br \/>\nSat\u0131c\u0131: LC Waikiki<br \/>\nMarka: LCW DREAM<br \/>\n\u00dcr\u00fcn Tipi: Emzirme Atleti<br \/>\nCinsiyet: Kad\u0131n<br \/>\nKal\u0131p: Standart &amp; Regular<br \/>\nYaka: U Yaka<br \/>\nKol Boyu: Ask\u0131l\u0131<br \/>\nDolgu: Dolgusuz<br \/>\nDesen: D\u00fcz<br \/>\nKuma\u015f: Penye<br \/>\nFonksiyonel \u00d6zellik: Emzirme \u00d6zellikli<br \/>\nMalzeme: Y\u00fcksek Pamuk \u0130\u00e7erir<br \/>\nStil: Hamilelik D\u00f6nemi ve Sonras\u0131<\/p>\n","protected":false},"excerpt":{"rendered":"<p>LCW DREAM U Yaka D\u00fcz \u0130p Ask\u0131l\u0131 Hamile Kuplu Atlet size \u00f6zel indirim, taksit ve kap\u0131da \u00f6deme avantajlar\u0131yla LCW&#8217;de! Hemen online al\u0131\u015fveri\u015f yap, \u00fcr\u00fcn kap\u0131na gelsin! \u2013 S60431Z8-FFB \u2014 Technical Details \u2014 Men\u015fei: Banglade\u015f,Turk\u0131ye Sat\u0131c\u0131: LC Waikiki Marka: LCW DREAM \u00dcr\u00fcn Tipi: Emzirme Atleti Cinsiyet: Kad\u0131n Kal\u0131p: Standart &amp; Regular Yaka: U Yaka Kol Boyu: [&hellip;]<\/p>\n","protected":false},"featured_media":169670,"comment_status":"open","ping_status":"closed","template":"","meta":[],"product_brand":[],"product_cat":[8763,8775],"product_tag":[11757,11759,9533,11755,11756,9551,11758],"class_list":{"0":"post-169672","1":"product","2":"type-product","3":"status-publish","4":"has-post-thumbnail","6":"product_cat-hamilelik-urunleri","7":"product_cat-ic-camasiri-ve-sutyenler","8":"product_tag-comfortable-basics","9":"product_tag-lcw-dream-collection","10":"product_tag-maternity-wear","11":"product_tag-nursing-tank","12":"product_tag-postpartum-fashion","13":"product_tag-pregnancy-clothing","14":"product_tag-womens-apparel","15":"pa_brand-lcw-dream","16":"pa_color-beyaz","17":"pa_size-2xl","18":"pa_size-3xl","19":"pa_size-l","20":"pa_size-m","21":"pa_size-s","22":"pa_size-xl","24":"first","25":"instock","26":"shipping-taxable","27":"purchasable","28":"product-type-variable"},"_links":{"self":[{"href":"https:\/\/mod.wisdar.net\/tr\/wp-json\/wp\/v2\/product\/169672","targetHints":{"allow":["GET"]}}],"collection":[{"href":"https:\/\/mod.wisdar.net\/tr\/wp-json\/wp\/v2\/product"}],"about":[{"href":"https:\/\/mod.wisdar.net\/tr\/wp-json\/wp\/v2\/types\/product"}],"replies":[{"embeddable":true,"href":"https:\/\/mod.wisdar.net\/tr\/wp-json\/wp\/v2\/comments?post=169672"}],"wp:featuredmedia":[{"embeddable":true,"href":"https:\/\/mod.wisdar.net\/tr\/wp-json\/wp\/v2\/media\/169670"}],"wp:attachment":[{"href":"https:\/\/mod.wisdar.net\/tr\/wp-json\/wp\/v2\/media?parent=169672"}],"wp:term":[{"taxonomy":"product_brand","embeddable":true,"href":"https:\/\/mod.wisdar.net\/tr\/wp-json\/wp\/v2\/product_brand?post=169672"},{"taxonomy":"product_cat","embeddable":true,"href":"https:\/\/mod.wisdar.net\/tr\/wp-json\/wp\/v2\/product_cat?post=169672"},{"taxonomy":"product_tag","embeddable":true,"href":"https:\/\/mod.wisdar.net\/tr\/wp-json\/wp\/v2\/product_tag?post=169672"}],"curies":[{"name":"wp","href":"https:\/\/api.w.org\/{rel}","templated":true}]}}