{"id":169711,"date":"2026-03-10T17:00:31","date_gmt":"2026-03-10T17:00:31","guid":{"rendered":"https:\/\/modesthanim.com\/product\/tisort-esofman-alti-2li-takim-kiz-cocuk\/"},"modified":"2026-03-10T17:00:58","modified_gmt":"2026-03-10T17:00:58","slug":"tisort-esofman-alti-2li-takim-kiz-cocuk","status":"publish","type":"product","link":"https:\/\/mod.wisdar.net\/tr\/urun\/tisort-esofman-alti-2li-takim-kiz-cocuk\/","title":{"rendered":"Ti\u015f\u00f6rt E\u015fofman Alt\u0131 2&#8217;li Tak\u0131m K\u0131z \u00c7ocuk"},"content":{"rendered":"<p>K\u0131z \u00e7ocuk ti\u015f\u00f6rt ve e\u015fofman alt\u0131 2\u2019li tak\u0131m, yumu\u015fak ve esnek kuma\u015f\u0131yla g\u00fcn boyu konfor sa\u011flar.<\/p>\n<p>\u2014 Technical Details \u2014<br \/>\ngender: K\u0131z \u00c7ocuk<br \/>\nset_content: 2&#8217;li<br \/>\norigin: TR<br \/>\nsample_size: 7\/8 Ya\u015f (128cm)<br \/>\nmodel_height: 1.36 cm<br \/>\nmeasurements: {&#8216;5\/6 Ya\u015f (116cm)&#8217;: {&#8216;waist&#8217;: 25.0, &#8216;front_length&#8217;: 46.5, &#8216;sleeve_length&#8217;: 15.0, &#8216;hips&#8217;: 39.0, &#8216;chest&#8217;: 40.5}, &#8216;7\/8 Ya\u015f (128cm)&#8217;: {&#8216;waist&#8217;: 27.0, &#8216;front_length&#8217;: 50.5, &#8216;sleeve_length&#8217;: 16.0, &#8216;hips&#8217;: 41.0, &#8216;chest&#8217;: 42.5}, &#8216;8\/9 Ya\u015f (134cm)&#8217;: {&#8216;waist&#8217;: 28.0, &#8216;front_length&#8217;: 53.0, &#8216;sleeve_length&#8217;: 16.5, &#8216;hips&#8217;: 42.5, &#8216;chest&#8217;: 44.0}, &#8216;9\/10 Ya\u015f (140cm)&#8217;: {&#8216;waist&#8217;: 29.0, &#8216;front_length&#8217;: 55.0, &#8216;sleeve_length&#8217;: 17.0, &#8216;hips&#8217;: 44.0, &#8216;chest&#8217;: 45.5}, &#8217;11\/12 Ya\u015f (152cm)&#8217;: {&#8216;waist&#8217;: 31.0, &#8216;front_length&#8217;: 58.5, &#8216;sleeve_length&#8217;: 18.0, &#8216;hips&#8217;: 47.0, &#8216;chest&#8217;: 48.5}, &#8217;13\/14 Ya\u015f (164cm)&#8217;: {&#8216;waist&#8217;: 33.0, &#8216;front_length&#8217;: 62.5, &#8216;sleeve_length&#8217;: 19.0, &#8216;hips&#8217;: 50.0, &#8216;chest&#8217;: 51.5}}<\/p>\n","protected":false},"excerpt":{"rendered":"<p>K\u0131z \u00e7ocuk ti\u015f\u00f6rt ve e\u015fofman alt\u0131 2\u2019li tak\u0131m, yumu\u015fak ve esnek kuma\u015f\u0131yla g\u00fcn boyu konfor sa\u011flar. \u2014 Technical Details \u2014 gender: K\u0131z \u00c7ocuk set_content: 2&#8217;li origin: TR sample_size: 7\/8 Ya\u015f (128cm) model_height: 1.36 cm measurements: {&#8216;5\/6 Ya\u015f (116cm)&#8217;: {&#8216;waist&#8217;: 25.0, &#8216;front_length&#8217;: 46.5, &#8216;sleeve_length&#8217;: 15.0, &#8216;hips&#8217;: 39.0, &#8216;chest&#8217;: 40.5}, &#8216;7\/8 Ya\u015f (128cm)&#8217;: {&#8216;waist&#8217;: 27.0, &#8216;front_length&#8217;: 50.5, [&hellip;]<\/p>\n","protected":false},"featured_media":169706,"comment_status":"open","ping_status":"closed","template":"","meta":[],"product_brand":[],"product_cat":[8721,8715,8694],"product_tag":[7150,7651],"class_list":{"0":"post-169711","1":"product","2":"type-product","3":"status-publish","4":"has-post-thumbnail","6":"product_cat-kiz-cocuk-takimlari","7":"product_cat-kiz-cocuklari-2-14-yas","8":"product_cat-cocuklar","9":"product_tag-bordo","10":"product_tag-esofman-alti","11":"pa_brand-defacto","12":"pa_color-bordo","13":"pa_size-11-12-yas-152cm","14":"pa_size-13-14-yas-164cm","15":"pa_size-5-6-yas-116cm","16":"pa_size-7-8-yas-128cm","17":"pa_size-8-9-yas-134cm","18":"pa_size-9-10-yas-140cm","20":"first","21":"instock","22":"sale","23":"shipping-taxable","24":"purchasable","25":"product-type-variable"},"_links":{"self":[{"href":"https:\/\/mod.wisdar.net\/tr\/wp-json\/wp\/v2\/product\/169711","targetHints":{"allow":["GET"]}}],"collection":[{"href":"https:\/\/mod.wisdar.net\/tr\/wp-json\/wp\/v2\/product"}],"about":[{"href":"https:\/\/mod.wisdar.net\/tr\/wp-json\/wp\/v2\/types\/product"}],"replies":[{"embeddable":true,"href":"https:\/\/mod.wisdar.net\/tr\/wp-json\/wp\/v2\/comments?post=169711"}],"wp:featuredmedia":[{"embeddable":true,"href":"https:\/\/mod.wisdar.net\/tr\/wp-json\/wp\/v2\/media\/169706"}],"wp:attachment":[{"href":"https:\/\/mod.wisdar.net\/tr\/wp-json\/wp\/v2\/media?parent=169711"}],"wp:term":[{"taxonomy":"product_brand","embeddable":true,"href":"https:\/\/mod.wisdar.net\/tr\/wp-json\/wp\/v2\/product_brand?post=169711"},{"taxonomy":"product_cat","embeddable":true,"href":"https:\/\/mod.wisdar.net\/tr\/wp-json\/wp\/v2\/product_cat?post=169711"},{"taxonomy":"product_tag","embeddable":true,"href":"https:\/\/mod.wisdar.net\/tr\/wp-json\/wp\/v2\/product_tag?post=169711"}],"curies":[{"name":"wp","href":"https:\/\/api.w.org\/{rel}","templated":true}]}}