{"id":169757,"date":"2026-03-10T17:01:27","date_gmt":"2026-03-10T17:01:27","guid":{"rendered":"https:\/\/modesthanim.com\/product\/desenli-palazzo-genis-bol-paca-pantolon-kiz-cocuk\/"},"modified":"2026-03-10T17:01:55","modified_gmt":"2026-03-10T17:01:55","slug":"desenli-palazzo-genis-bol-paca-pantolon-kiz-cocuk","status":"publish","type":"product","link":"https:\/\/mod.wisdar.net\/tr\/urun\/desenli-palazzo-genis-bol-paca-pantolon-kiz-cocuk\/","title":{"rendered":"Desenli Palazzo Geni\u015f Bol Pa\u00e7a Pantolon K\u0131z \u00c7ocuk"},"content":{"rendered":"<p>K\u0131z \u00c7ocuk Desenli Palazzo Geni\u015f Bol Pa\u00e7a Pantolon, rahatl\u0131k ve \u015f\u0131kl\u0131\u011f\u0131 bir araya getiriyor. Enerjik desenleri ve bol kesimiyle, \u00e7ocuklar\u0131n \u00f6zg\u00fcrce hareket etmesini sa\u011flar, yaz aylar\u0131nda ferah bir kullan\u0131m sunar.<\/p>\n","protected":false},"excerpt":{"rendered":"<p>K\u0131z \u00c7ocuk Desenli Palazzo Geni\u015f Bol Pa\u00e7a Pantolon, rahatl\u0131k ve \u015f\u0131kl\u0131\u011f\u0131 bir araya getiriyor. Enerjik desenleri ve bol kesimiyle, \u00e7ocuklar\u0131n \u00f6zg\u00fcrce hareket etmesini sa\u011flar, yaz aylar\u0131nda ferah bir kullan\u0131m sunar.<\/p>\n","protected":false},"featured_media":169750,"comment_status":"open","ping_status":"closed","template":"","meta":[],"product_brand":[],"product_cat":[8721,8715,8694],"product_tag":[7490,6769,6751],"class_list":{"0":"post-169757","1":"product","2":"type-product","3":"status-publish","4":"has-post-thumbnail","6":"product_cat-kiz-cocuk-takimlari","7":"product_cat-kiz-cocuklari-2-14-yas","8":"product_cat-cocuklar","9":"product_tag-bol-paca-2","10":"product_tag-desenli","11":"product_tag-rahat","12":"pa_brand-defacto","13":"pa_color-yesil","14":"pa_size-11-12-yas-152cm","15":"pa_size-13-14-yas-164cm","16":"pa_size-5-6-yas-116cm","17":"pa_size-7-8-yas-128cm","18":"pa_size-8-9-yas-134cm","19":"pa_size-9-10-yas-140cm","21":"first","22":"instock","23":"sale","24":"shipping-taxable","25":"purchasable","26":"product-type-variable"},"_links":{"self":[{"href":"https:\/\/mod.wisdar.net\/tr\/wp-json\/wp\/v2\/product\/169757","targetHints":{"allow":["GET"]}}],"collection":[{"href":"https:\/\/mod.wisdar.net\/tr\/wp-json\/wp\/v2\/product"}],"about":[{"href":"https:\/\/mod.wisdar.net\/tr\/wp-json\/wp\/v2\/types\/product"}],"replies":[{"embeddable":true,"href":"https:\/\/mod.wisdar.net\/tr\/wp-json\/wp\/v2\/comments?post=169757"}],"wp:featuredmedia":[{"embeddable":true,"href":"https:\/\/mod.wisdar.net\/tr\/wp-json\/wp\/v2\/media\/169750"}],"wp:attachment":[{"href":"https:\/\/mod.wisdar.net\/tr\/wp-json\/wp\/v2\/media?parent=169757"}],"wp:term":[{"taxonomy":"product_brand","embeddable":true,"href":"https:\/\/mod.wisdar.net\/tr\/wp-json\/wp\/v2\/product_brand?post=169757"},{"taxonomy":"product_cat","embeddable":true,"href":"https:\/\/mod.wisdar.net\/tr\/wp-json\/wp\/v2\/product_cat?post=169757"},{"taxonomy":"product_tag","embeddable":true,"href":"https:\/\/mod.wisdar.net\/tr\/wp-json\/wp\/v2\/product_tag?post=169757"}],"curies":[{"name":"wp","href":"https:\/\/api.w.org\/{rel}","templated":true}]}}