{"id":16993,"date":"2025-11-02T12:55:05","date_gmt":"2025-11-02T12:55:05","guid":{"rendered":"https:\/\/modesthanim.com\/product\/bel-anvelop-baglamali-elbise-olive\/"},"modified":"2026-04-03T18:03:34","modified_gmt":"2026-04-03T18:03:34","slug":"bel-anvelop-baglamali-elbise-olive","status":"publish","type":"product","link":"https:\/\/mod.wisdar.net\/tr\/urun\/bel-anvelop-baglamali-elbise-olive\/","title":{"rendered":"Bel Anvelop Ba\u011flamal\u0131 Elbise \u2013 Olive"},"content":{"rendered":"<p>Ak\u0131c\u0131 kuma\u015f\u0131 ve d\u00f6k\u00fcml\u00fc yap\u0131s\u0131yla hem g\u00fcnl\u00fck kullan\u0131ma hem \u00f6zel davetlere uyum sa\u011flayan bu elbise, sade ama etkili bir stil tercih edenlerin favorisi olacak. Dilersen topuklu ayakkab\u0131larla \u015f\u0131k bir g\u00f6r\u00fcn\u00fcm, dilersen spor ayakkab\u0131larla rahat ve \u015fehirli bir tarz yakalayabilirsiniz.<\/p>\n<p>\u2014 Technical Details \u2014<br \/>\nDesen: D\u00fcz<br \/>\nYaka Tipi: S\u0131f\u0131r Yaka<br \/>\nKol Tipi: Uzun Kol<br \/>\nCep: Cepsiz<br \/>\nAstar: Astarl\u0131<br \/>\n\u00dcr\u00fcn Boyu: 140 cm<br \/>\nKal\u0131p Tipi: Normal Kal\u0131p<br \/>\nMankenin Giydi\u011fi Beden: 38<br \/>\nManken \u00d6l\u00e7\u00fcleri: Boy: 176 cm, G\u00f6\u011f\u00fcs: 80 cm, Bel: 60 cm, Basen: 90 cm<\/p>\n","protected":false},"excerpt":{"rendered":"<p>Ak\u0131c\u0131 kuma\u015f\u0131 ve d\u00f6k\u00fcml\u00fc yap\u0131s\u0131yla hem g\u00fcnl\u00fck kullan\u0131ma hem \u00f6zel davetlere uyum sa\u011flayan bu elbise, sade ama etkili bir stil tercih edenlerin favorisi olacak. Dilersen topuklu ayakkab\u0131larla \u015f\u0131k bir g\u00f6r\u00fcn\u00fcm, dilersen spor ayakkab\u0131larla rahat ve \u015fehirli bir tarz yakalayabilirsiniz. \u2014 Technical Details \u2014 Desen: D\u00fcz Yaka Tipi: S\u0131f\u0131r Yaka Kol Tipi: Uzun Kol Cep: Cepsiz [&hellip;]<\/p>\n","protected":false},"featured_media":51914,"comment_status":"open","ping_status":"closed","template":"","meta":[],"product_brand":[],"product_cat":[6249],"product_tag":[6936,5012,7419],"class_list":{"0":"post-16993","1":"product","2":"type-product","3":"status-publish","4":"has-post-thumbnail","6":"product_cat-elbiseler","7":"product_tag-cok-yonlu","8":"product_tag-elegant","9":"product_tag-gunluk","10":"pa_brand-tugba","11":"pa_color-olive","12":"pa_size-4706","13":"pa_size-4711","14":"pa_size-4713","15":"pa_size-4751","17":"first","18":"instock","19":"sale","20":"shipping-taxable","21":"purchasable","22":"product-type-variable"},"_links":{"self":[{"href":"https:\/\/mod.wisdar.net\/tr\/wp-json\/wp\/v2\/product\/16993","targetHints":{"allow":["GET"]}}],"collection":[{"href":"https:\/\/mod.wisdar.net\/tr\/wp-json\/wp\/v2\/product"}],"about":[{"href":"https:\/\/mod.wisdar.net\/tr\/wp-json\/wp\/v2\/types\/product"}],"replies":[{"embeddable":true,"href":"https:\/\/mod.wisdar.net\/tr\/wp-json\/wp\/v2\/comments?post=16993"}],"wp:featuredmedia":[{"embeddable":true,"href":"https:\/\/mod.wisdar.net\/tr\/wp-json\/wp\/v2\/media\/51914"}],"wp:attachment":[{"href":"https:\/\/mod.wisdar.net\/tr\/wp-json\/wp\/v2\/media?parent=16993"}],"wp:term":[{"taxonomy":"product_brand","embeddable":true,"href":"https:\/\/mod.wisdar.net\/tr\/wp-json\/wp\/v2\/product_brand?post=16993"},{"taxonomy":"product_cat","embeddable":true,"href":"https:\/\/mod.wisdar.net\/tr\/wp-json\/wp\/v2\/product_cat?post=16993"},{"taxonomy":"product_tag","embeddable":true,"href":"https:\/\/mod.wisdar.net\/tr\/wp-json\/wp\/v2\/product_tag?post=16993"}],"curies":[{"name":"wp","href":"https:\/\/api.w.org\/{rel}","templated":true}]}}