{"id":170036,"date":"2026-03-10T18:25:16","date_gmt":"2026-03-10T18:25:16","guid":{"rendered":"https:\/\/modesthanim.com\/product\/siyah-polo-yaka-soft-touch-kadin-tisort\/"},"modified":"2026-04-11T17:00:53","modified_gmt":"2026-04-11T17:00:53","slug":"siyah-polo-yaka-soft-touch-kadin-tisort","status":"publish","type":"product","link":"https:\/\/mod.wisdar.net\/tr\/urun\/siyah-polo-yaka-soft-touch-kadin-tisort\/","title":{"rendered":"Siyah Polo Yaka Soft Touch Kad\u0131n Ti\u015f\u00f6rt"},"content":{"rendered":"<p>LCWAIKIKI Classic Siyah Polo Yaka Soft Touch Kad\u0131n Ti\u015f\u00f6rt size \u00f6zel indirim, taksit ve kap\u0131da \u00f6deme avantajlar\u0131yla LCW&#8217;de! Hemen online al\u0131\u015fveri\u015f yap, \u00fcr\u00fcn kap\u0131na gelsin! \u2013 S6N274Z8-CVL<\/p>\n<p>\u2014 Technical Details \u2014<br \/>\nMen\u015fei: Turk\u0131ye<br \/>\nSat\u0131c\u0131: LC Waikiki<br \/>\nMarka: LCWAIKIKI Classic<br \/>\n\u00dcr\u00fcn Tipi: Ti\u015f\u00f6rt<br \/>\nCinsiyet: Kad\u0131n<br \/>\nKal\u0131p: Loose &amp; Bol<br \/>\nYaka: Polo Yaka<br \/>\nDesen: D\u00fcz<br \/>\nKuma\u015f: Dalg\u0131\u00e7 Kuma\u015f\u0131<br \/>\nKal\u0131nl\u0131k: Orta Kal\u0131nl\u0131k<br \/>\nKol Boyu: K\u0131sa Kollu<br \/>\nFonksiyonel \u00d6zellik: Soft Touch<\/p>\n","protected":false},"excerpt":{"rendered":"<p>LCWAIKIKI Classic Siyah Polo Yaka Soft Touch Kad\u0131n Ti\u015f\u00f6rt size \u00f6zel indirim, taksit ve kap\u0131da \u00f6deme avantajlar\u0131yla LCW&#8217;de! Hemen online al\u0131\u015fveri\u015f yap, \u00fcr\u00fcn kap\u0131na gelsin! \u2013 S6N274Z8-CVL \u2014 Technical Details \u2014 Men\u015fei: Turk\u0131ye Sat\u0131c\u0131: LC Waikiki Marka: LCWAIKIKI Classic \u00dcr\u00fcn Tipi: Ti\u015f\u00f6rt Cinsiyet: Kad\u0131n Kal\u0131p: Loose &amp; Bol Yaka: Polo Yaka Desen: D\u00fcz Kuma\u015f: Dalg\u0131\u00e7 [&hellip;]<\/p>\n","protected":false},"featured_media":170026,"comment_status":"open","ping_status":"closed","template":"","meta":[],"product_brand":[],"product_cat":[11020],"product_tag":[7913,7326,7426,6744,7567,7742],"class_list":{"0":"post-170036","1":"product","2":"type-product","3":"status-publish","4":"has-post-thumbnail","6":"product_cat-tisort-ve-sort","7":"product_tag-bogazli","8":"product_tag-bol-kesim","9":"product_tag-gunluk-giyim-3","10":"product_tag-kadin-modasi","11":"product_tag-lcwaikiki","12":"product_tag-yumusak-dokunus","13":"pa_brand-lcwaikiki-classic","14":"pa_color-siyah","15":"pa_size-2xl","16":"pa_size-3xl","17":"pa_size-4xl","18":"pa_size-l","19":"pa_size-m","20":"pa_size-s","21":"pa_size-xl","23":"first","24":"instock","25":"shipping-taxable","26":"purchasable","27":"product-type-variable"},"_links":{"self":[{"href":"https:\/\/mod.wisdar.net\/tr\/wp-json\/wp\/v2\/product\/170036","targetHints":{"allow":["GET"]}}],"collection":[{"href":"https:\/\/mod.wisdar.net\/tr\/wp-json\/wp\/v2\/product"}],"about":[{"href":"https:\/\/mod.wisdar.net\/tr\/wp-json\/wp\/v2\/types\/product"}],"replies":[{"embeddable":true,"href":"https:\/\/mod.wisdar.net\/tr\/wp-json\/wp\/v2\/comments?post=170036"}],"wp:featuredmedia":[{"embeddable":true,"href":"https:\/\/mod.wisdar.net\/tr\/wp-json\/wp\/v2\/media\/170026"}],"wp:attachment":[{"href":"https:\/\/mod.wisdar.net\/tr\/wp-json\/wp\/v2\/media?parent=170036"}],"wp:term":[{"taxonomy":"product_brand","embeddable":true,"href":"https:\/\/mod.wisdar.net\/tr\/wp-json\/wp\/v2\/product_brand?post=170036"},{"taxonomy":"product_cat","embeddable":true,"href":"https:\/\/mod.wisdar.net\/tr\/wp-json\/wp\/v2\/product_cat?post=170036"},{"taxonomy":"product_tag","embeddable":true,"href":"https:\/\/mod.wisdar.net\/tr\/wp-json\/wp\/v2\/product_tag?post=170036"}],"curies":[{"name":"wp","href":"https:\/\/api.w.org\/{rel}","templated":true}]}}