{"id":170111,"date":"2026-03-10T18:25:56","date_gmt":"2026-03-10T18:25:56","guid":{"rendered":"https:\/\/modesthanim.com\/product\/kahverengi-polo-yaka-soft-touch-kadin-tisort-2\/"},"modified":"2026-03-10T18:26:20","modified_gmt":"2026-03-10T18:26:20","slug":"kahverengi-polo-yaka-soft-touch-kadin-tisort-2","status":"publish","type":"product","link":"https:\/\/mod.wisdar.net\/tr\/urun\/kahverengi-polo-yaka-soft-touch-kadin-tisort-2\/","title":{"rendered":"Kahverengi Polo Yaka Soft Touch Kad\u0131n Ti\u015f\u00f6rt"},"content":{"rendered":"<p>LCWAIKIKI Classic Kahverengi Polo Yaka Soft Touch Kad\u0131n Ti\u015f\u00f6rt size \u00f6zel indirim, taksit ve kap\u0131da \u00f6deme avantajlar\u0131yla LCW&#8217;de! Hemen online al\u0131\u015fveri\u015f yap, \u00fcr\u00fcn kap\u0131na gelsin! \u2013 S6N274Z8-GUH<\/p>\n<p>\u2014 Technical Details \u2014<br \/>\nMen\u015fei: Turk\u0131ye<br \/>\nSat\u0131c\u0131: LC Waikiki<br \/>\nMarka: LCWAIKIKI Classic<br \/>\n\u00dcr\u00fcn Tipi: Ti\u015f\u00f6rt<br \/>\nCinsiyet: Kad\u0131n<br \/>\nKal\u0131p: Loose &amp; Bol<br \/>\nYaka: Polo Yaka<br \/>\nDesen: D\u00fcz<br \/>\nKuma\u015f: Dalg\u0131\u00e7 Kuma\u015f\u0131<br \/>\nKal\u0131nl\u0131k: Orta Kal\u0131nl\u0131k<br \/>\nKol Boyu: K\u0131sa Kollu<br \/>\nFonksiyonel \u00d6zellik: Soft Touch<\/p>\n","protected":false},"excerpt":{"rendered":"<p>LCWAIKIKI Classic Kahverengi Polo Yaka Soft Touch Kad\u0131n Ti\u015f\u00f6rt size \u00f6zel indirim, taksit ve kap\u0131da \u00f6deme avantajlar\u0131yla LCW&#8217;de! Hemen online al\u0131\u015fveri\u015f yap, \u00fcr\u00fcn kap\u0131na gelsin! \u2013 S6N274Z8-GUH \u2014 Technical Details \u2014 Men\u015fei: Turk\u0131ye Sat\u0131c\u0131: LC Waikiki Marka: LCWAIKIKI Classic \u00dcr\u00fcn Tipi: Ti\u015f\u00f6rt Cinsiyet: Kad\u0131n Kal\u0131p: Loose &amp; Bol Yaka: Polo Yaka Desen: D\u00fcz Kuma\u015f: Dalg\u0131\u00e7 [&hellip;]<\/p>\n","protected":false},"featured_media":170093,"comment_status":"open","ping_status":"closed","template":"","meta":[],"product_brand":[],"product_cat":[11020],"product_tag":[],"class_list":{"0":"post-170111","1":"product","2":"type-product","3":"status-publish","4":"has-post-thumbnail","6":"product_cat-tisort-ve-sort","7":"pa_brand-lcwaikiki-classic","8":"pa_color-acik-kahverengi","9":"pa_size-2xl","10":"pa_size-3xl","11":"pa_size-4xl","12":"pa_size-l","13":"pa_size-m","14":"pa_size-s","15":"pa_size-xl","17":"first","18":"instock","19":"shipping-taxable","20":"purchasable","21":"product-type-variable"},"_links":{"self":[{"href":"https:\/\/mod.wisdar.net\/tr\/wp-json\/wp\/v2\/product\/170111","targetHints":{"allow":["GET"]}}],"collection":[{"href":"https:\/\/mod.wisdar.net\/tr\/wp-json\/wp\/v2\/product"}],"about":[{"href":"https:\/\/mod.wisdar.net\/tr\/wp-json\/wp\/v2\/types\/product"}],"replies":[{"embeddable":true,"href":"https:\/\/mod.wisdar.net\/tr\/wp-json\/wp\/v2\/comments?post=170111"}],"wp:featuredmedia":[{"embeddable":true,"href":"https:\/\/mod.wisdar.net\/tr\/wp-json\/wp\/v2\/media\/170093"}],"wp:attachment":[{"href":"https:\/\/mod.wisdar.net\/tr\/wp-json\/wp\/v2\/media?parent=170111"}],"wp:term":[{"taxonomy":"product_brand","embeddable":true,"href":"https:\/\/mod.wisdar.net\/tr\/wp-json\/wp\/v2\/product_brand?post=170111"},{"taxonomy":"product_cat","embeddable":true,"href":"https:\/\/mod.wisdar.net\/tr\/wp-json\/wp\/v2\/product_cat?post=170111"},{"taxonomy":"product_tag","embeddable":true,"href":"https:\/\/mod.wisdar.net\/tr\/wp-json\/wp\/v2\/product_tag?post=170111"}],"curies":[{"name":"wp","href":"https:\/\/api.w.org\/{rel}","templated":true}]}}