{"id":170125,"date":"2026-03-10T18:26:09","date_gmt":"2026-03-10T18:26:09","guid":{"rendered":"https:\/\/modesthanim.com\/product\/lacivert-beli-lastikli-kadin-pileli-sort\/"},"modified":"2026-04-15T20:28:03","modified_gmt":"2026-04-15T20:28:03","slug":"lacivert-beli-lastikli-kadin-pileli-sort","status":"publish","type":"product","link":"https:\/\/mod.wisdar.net\/tr\/urun\/lacivert-beli-lastikli-kadin-pileli-sort\/","title":{"rendered":"Lacivert Beli Lastikli Kad\u0131n Pileli \u015eort"},"content":{"rendered":"<p>LCWAIKIKI Classic Lacivert Beli Lastikli Kad\u0131n Pileli \u015eort size \u00f6zel indirim, taksit ve kap\u0131da \u00f6deme avantajlar\u0131yla LCW&#8217;de! Hemen online al\u0131\u015fveri\u015f yap, \u00fcr\u00fcn kap\u0131na gelsin! \u2013 W5KS33Z8-E1J<\/p>\n<p>\u2014 Technical Details \u2014<br \/>\nMen\u015fei: Turk\u0131ye<br \/>\nSat\u0131c\u0131: LC Waikiki<br \/>\nMarka: LCWAIKIKI Classic<br \/>\n\u00dcr\u00fcn Tipi: \u015eort<br \/>\nCinsiyet: Kad\u0131n<br \/>\nKal\u0131p: Loose &amp; Bol<br \/>\nBel Fiti: Beli Lastikli<br \/>\nDesen: D\u00fcz<br \/>\nUzunluk: Midi<br \/>\nSiluet: Pileli<br \/>\nV\u00fccut Tipi: B\u00fcy\u00fck Beden<\/p>\n","protected":false},"excerpt":{"rendered":"<p>LCWAIKIKI Classic Lacivert Beli Lastikli Kad\u0131n Pileli \u015eort size \u00f6zel indirim, taksit ve kap\u0131da \u00f6deme avantajlar\u0131yla LCW&#8217;de! Hemen online al\u0131\u015fveri\u015f yap, \u00fcr\u00fcn kap\u0131na gelsin! \u2013 W5KS33Z8-E1J \u2014 Technical Details \u2014 Men\u015fei: Turk\u0131ye Sat\u0131c\u0131: LC Waikiki Marka: LCWAIKIKI Classic \u00dcr\u00fcn Tipi: \u015eort Cinsiyet: Kad\u0131n Kal\u0131p: Loose &amp; Bol Bel Fiti: Beli Lastikli Desen: D\u00fcz Uzunluk: Midi [&hellip;]<\/p>\n","protected":false},"featured_media":170119,"comment_status":"open","ping_status":"closed","template":"","meta":[],"product_brand":[],"product_cat":[11020],"product_tag":[7700],"class_list":{"0":"post-170125","1":"product","2":"type-product","3":"status-publish","4":"has-post-thumbnail","6":"product_cat-tisort-ve-sort","7":"product_tag-lc-waikiki","8":"pa_brand-lcwaikiki-classic","9":"pa_color-lacivert","10":"pa_size-4701","11":"pa_size-4706","12":"pa_size-4711","13":"pa_size-4713","14":"pa_size-4751","15":"pa_size-4749","17":"first","18":"instock","19":"shipping-taxable","20":"purchasable","21":"product-type-variable"},"_links":{"self":[{"href":"https:\/\/mod.wisdar.net\/tr\/wp-json\/wp\/v2\/product\/170125","targetHints":{"allow":["GET"]}}],"collection":[{"href":"https:\/\/mod.wisdar.net\/tr\/wp-json\/wp\/v2\/product"}],"about":[{"href":"https:\/\/mod.wisdar.net\/tr\/wp-json\/wp\/v2\/types\/product"}],"replies":[{"embeddable":true,"href":"https:\/\/mod.wisdar.net\/tr\/wp-json\/wp\/v2\/comments?post=170125"}],"wp:featuredmedia":[{"embeddable":true,"href":"https:\/\/mod.wisdar.net\/tr\/wp-json\/wp\/v2\/media\/170119"}],"wp:attachment":[{"href":"https:\/\/mod.wisdar.net\/tr\/wp-json\/wp\/v2\/media?parent=170125"}],"wp:term":[{"taxonomy":"product_brand","embeddable":true,"href":"https:\/\/mod.wisdar.net\/tr\/wp-json\/wp\/v2\/product_brand?post=170125"},{"taxonomy":"product_cat","embeddable":true,"href":"https:\/\/mod.wisdar.net\/tr\/wp-json\/wp\/v2\/product_cat?post=170125"},{"taxonomy":"product_tag","embeddable":true,"href":"https:\/\/mod.wisdar.net\/tr\/wp-json\/wp\/v2\/product_tag?post=170125"}],"curies":[{"name":"wp","href":"https:\/\/api.w.org\/{rel}","templated":true}]}}