{"id":170198,"date":"2026-03-10T18:26:57","date_gmt":"2026-03-10T18:26:57","guid":{"rendered":"https:\/\/modesthanim.com\/product\/gri-beli-lastikli-kadin-pileli-sort\/"},"modified":"2026-03-10T18:27:19","modified_gmt":"2026-03-10T18:27:19","slug":"gri-beli-lastikli-kadin-pileli-sort","status":"publish","type":"product","link":"https:\/\/mod.wisdar.net\/tr\/urun\/gri-beli-lastikli-kadin-pileli-sort\/","title":{"rendered":"Gri Beli Lastikli Kad\u0131n Pileli \u015eort"},"content":{"rendered":"<p>LCWAIKIKI Classic Gri Beli Lastikli Kad\u0131n Pileli \u015eort size \u00f6zel indirim, taksit ve kap\u0131da \u00f6deme avantajlar\u0131yla LCW&#8217;de! Hemen online al\u0131\u015fveri\u015f yap, \u00fcr\u00fcn kap\u0131na gelsin! \u2013 W5KS33Z8-FXP<\/p>\n<p>\u2014 Technical Details \u2014<br \/>\nMen\u015fei: Turk\u0131ye<br \/>\nSat\u0131c\u0131: LC Waikiki<br \/>\nMarka: LCWAIKIKI Classic<br \/>\n\u00dcr\u00fcn Tipi: \u015eort<br \/>\nCinsiyet: Kad\u0131n<br \/>\nKal\u0131p: Loose &amp; Bol<br \/>\nBel Fiti: Beli Lastikli<br \/>\nDesen: D\u00fcz<br \/>\nUzunluk: Midi<br \/>\nSiluet: Pileli<br \/>\nV\u00fccut Tipi: B\u00fcy\u00fck Beden<\/p>\n","protected":false},"excerpt":{"rendered":"<p>LCWAIKIKI Classic Gri Beli Lastikli Kad\u0131n Pileli \u015eort size \u00f6zel indirim, taksit ve kap\u0131da \u00f6deme avantajlar\u0131yla LCW&#8217;de! Hemen online al\u0131\u015fveri\u015f yap, \u00fcr\u00fcn kap\u0131na gelsin! \u2013 W5KS33Z8-FXP \u2014 Technical Details \u2014 Men\u015fei: Turk\u0131ye Sat\u0131c\u0131: LC Waikiki Marka: LCWAIKIKI Classic \u00dcr\u00fcn Tipi: \u015eort Cinsiyet: Kad\u0131n Kal\u0131p: Loose &amp; Bol Bel Fiti: Beli Lastikli Desen: D\u00fcz Uzunluk: Midi [&hellip;]<\/p>\n","protected":false},"featured_media":170191,"comment_status":"open","ping_status":"closed","template":"","meta":[],"product_brand":[],"product_cat":[11020],"product_tag":[7593,7426,6765],"class_list":{"0":"post-170198","1":"product","2":"type-product","3":"status-publish","4":"has-post-thumbnail","6":"product_cat-tisort-ve-sort","7":"product_tag-buyuk-beden-moda","8":"product_tag-gunluk-giyim-3","9":"product_tag-lastikli-bel","10":"pa_brand-lcwaikiki-classic","11":"pa_color-acik-gri","12":"pa_size-4701","13":"pa_size-4706","14":"pa_size-4711","15":"pa_size-4713","16":"pa_size-4751","17":"pa_size-4749","19":"first","20":"instock","21":"shipping-taxable","22":"purchasable","23":"product-type-variable"},"_links":{"self":[{"href":"https:\/\/mod.wisdar.net\/tr\/wp-json\/wp\/v2\/product\/170198","targetHints":{"allow":["GET"]}}],"collection":[{"href":"https:\/\/mod.wisdar.net\/tr\/wp-json\/wp\/v2\/product"}],"about":[{"href":"https:\/\/mod.wisdar.net\/tr\/wp-json\/wp\/v2\/types\/product"}],"replies":[{"embeddable":true,"href":"https:\/\/mod.wisdar.net\/tr\/wp-json\/wp\/v2\/comments?post=170198"}],"wp:featuredmedia":[{"embeddable":true,"href":"https:\/\/mod.wisdar.net\/tr\/wp-json\/wp\/v2\/media\/170191"}],"wp:attachment":[{"href":"https:\/\/mod.wisdar.net\/tr\/wp-json\/wp\/v2\/media?parent=170198"}],"wp:term":[{"taxonomy":"product_brand","embeddable":true,"href":"https:\/\/mod.wisdar.net\/tr\/wp-json\/wp\/v2\/product_brand?post=170198"},{"taxonomy":"product_cat","embeddable":true,"href":"https:\/\/mod.wisdar.net\/tr\/wp-json\/wp\/v2\/product_cat?post=170198"},{"taxonomy":"product_tag","embeddable":true,"href":"https:\/\/mod.wisdar.net\/tr\/wp-json\/wp\/v2\/product_tag?post=170198"}],"curies":[{"name":"wp","href":"https:\/\/api.w.org\/{rel}","templated":true}]}}