{"id":170302,"date":"2026-03-10T18:28:03","date_gmt":"2026-03-10T18:28:03","guid":{"rendered":"https:\/\/modesthanim.com\/product\/siyah-beli-lastikli-kadin-sort\/"},"modified":"2026-03-10T18:28:23","modified_gmt":"2026-03-10T18:28:23","slug":"siyah-beli-lastikli-kadin-sort","status":"publish","type":"product","link":"https:\/\/mod.wisdar.net\/tr\/urun\/siyah-beli-lastikli-kadin-sort\/","title":{"rendered":"Siyah Beli Lastikli Kad\u0131n \u015eort"},"content":{"rendered":"<p>LC WAIKIKI Siyah Beli Lastikli Kad\u0131n \u015eort size \u00f6zel indirim, taksit ve kap\u0131da \u00f6deme avantajlar\u0131yla LCW&#8217;de! Hemen online al\u0131\u015fveri\u015f yap, \u00fcr\u00fcn kap\u0131na gelsin! \u2013 S6H871Z8-CVL<\/p>\n<p>\u2014 Technical Details \u2014<br \/>\nMen\u015fei: Turk\u0131ye<br \/>\nSat\u0131c\u0131: LC Waikiki<br \/>\nMarka: LC WAIKIKI<br \/>\n\u00dcr\u00fcn Tipi: \u015eort<br \/>\nCinsiyet: Kad\u0131n<br \/>\nKal\u0131p: Loose &amp; Bol<br \/>\nKuma\u015f: 2 \u0130plik<br \/>\nBel Fiti: Beli Lastikli<br \/>\nDesen: D\u00fcz<br \/>\nKal\u0131nl\u0131k: \u0130nce<br \/>\nMalzeme: Y\u00fcksek Pamuk \u0130\u00e7erir<\/p>\n","protected":false},"excerpt":{"rendered":"<p>LC WAIKIKI Siyah Beli Lastikli Kad\u0131n \u015eort size \u00f6zel indirim, taksit ve kap\u0131da \u00f6deme avantajlar\u0131yla LCW&#8217;de! Hemen online al\u0131\u015fveri\u015f yap, \u00fcr\u00fcn kap\u0131na gelsin! \u2013 S6H871Z8-CVL \u2014 Technical Details \u2014 Men\u015fei: Turk\u0131ye Sat\u0131c\u0131: LC Waikiki Marka: LC WAIKIKI \u00dcr\u00fcn Tipi: \u015eort Cinsiyet: Kad\u0131n Kal\u0131p: Loose &amp; Bol Kuma\u015f: 2 \u0130plik Bel Fiti: Beli Lastikli Desen: D\u00fcz [&hellip;]<\/p>\n","protected":false},"featured_media":170291,"comment_status":"open","ping_status":"closed","template":"","meta":[],"product_brand":[],"product_cat":[11020],"product_tag":[7426,8088,7700],"class_list":{"0":"post-170302","1":"product","2":"type-product","3":"status-publish","4":"has-post-thumbnail","6":"product_cat-tisort-ve-sort","7":"product_tag-gunluk-giyim-3","8":"product_tag-lastikli-bel-2","9":"product_tag-lc-waikiki","10":"pa_color-siyah","11":"pa_size-2xl","12":"pa_size-l","13":"pa_size-m","14":"pa_size-s","15":"pa_size-xl","17":"first","18":"instock","19":"shipping-taxable","20":"purchasable","21":"product-type-variable"},"_links":{"self":[{"href":"https:\/\/mod.wisdar.net\/tr\/wp-json\/wp\/v2\/product\/170302","targetHints":{"allow":["GET"]}}],"collection":[{"href":"https:\/\/mod.wisdar.net\/tr\/wp-json\/wp\/v2\/product"}],"about":[{"href":"https:\/\/mod.wisdar.net\/tr\/wp-json\/wp\/v2\/types\/product"}],"replies":[{"embeddable":true,"href":"https:\/\/mod.wisdar.net\/tr\/wp-json\/wp\/v2\/comments?post=170302"}],"wp:featuredmedia":[{"embeddable":true,"href":"https:\/\/mod.wisdar.net\/tr\/wp-json\/wp\/v2\/media\/170291"}],"wp:attachment":[{"href":"https:\/\/mod.wisdar.net\/tr\/wp-json\/wp\/v2\/media?parent=170302"}],"wp:term":[{"taxonomy":"product_brand","embeddable":true,"href":"https:\/\/mod.wisdar.net\/tr\/wp-json\/wp\/v2\/product_brand?post=170302"},{"taxonomy":"product_cat","embeddable":true,"href":"https:\/\/mod.wisdar.net\/tr\/wp-json\/wp\/v2\/product_cat?post=170302"},{"taxonomy":"product_tag","embeddable":true,"href":"https:\/\/mod.wisdar.net\/tr\/wp-json\/wp\/v2\/product_tag?post=170302"}],"curies":[{"name":"wp","href":"https:\/\/api.w.org\/{rel}","templated":true}]}}