{"id":170309,"date":"2026-03-10T18:27:47","date_gmt":"2026-03-10T18:27:47","guid":{"rendered":"https:\/\/modesthanim.com\/product\/mavi-bermuda-fit-kadin-jean-sortolon\/"},"modified":"2026-04-11T17:11:23","modified_gmt":"2026-04-11T17:11:23","slug":"mavi-bermuda-fit-kadin-jean-sortolon","status":"publish","type":"product","link":"https:\/\/mod.wisdar.net\/tr\/urun\/mavi-bermuda-fit-kadin-jean-sortolon\/","title":{"rendered":"Mavi Bermuda Fit Kad\u0131n Jean \u015eortolon"},"content":{"rendered":"<p>XSIDE Mavi Bermuda Fit Kad\u0131n Jean \u015eortolon size \u00f6zel indirim, taksit ve kap\u0131da \u00f6deme avantajlar\u0131yla LCW&#8217;de! Hemen online al\u0131\u015fveri\u015f yap, \u00fcr\u00fcn kap\u0131na gelsin! \u2013 W5IA97Z8-K9M<\/p>\n<p>\u2014 Technical Details \u2014<br \/>\nMen\u015fei: Turk\u0131ye<br \/>\n\u00dcr\u00fcn Tipi: Jean \u015eort<br \/>\nCinsiyet: Kad\u0131n<br \/>\nKal\u0131p: Bermuda<br \/>\nKuma\u015f: Denim<br \/>\nDesen: D\u00fcz<br \/>\nPa\u00e7a Fiti: D\u00fcz Pa\u00e7a<br \/>\nBel Fiti: Normal Bel<\/p>\n","protected":false},"excerpt":{"rendered":"<p>XSIDE Mavi Bermuda Fit Kad\u0131n Jean \u015eortolon size \u00f6zel indirim, taksit ve kap\u0131da \u00f6deme avantajlar\u0131yla LCW&#8217;de! Hemen online al\u0131\u015fveri\u015f yap, \u00fcr\u00fcn kap\u0131na gelsin! \u2013 W5IA97Z8-K9M \u2014 Technical Details \u2014 Men\u015fei: Turk\u0131ye \u00dcr\u00fcn Tipi: Jean \u015eort Cinsiyet: Kad\u0131n Kal\u0131p: Bermuda Kuma\u015f: Denim Desen: D\u00fcz Pa\u00e7a Fiti: D\u00fcz Pa\u00e7a Bel Fiti: Normal Bel<\/p>\n","protected":false},"featured_media":170289,"comment_status":"open","ping_status":"closed","template":"","meta":[],"product_brand":[],"product_cat":[11020],"product_tag":[],"class_list":{"0":"post-170309","1":"product","2":"type-product","3":"status-publish","4":"has-post-thumbnail","6":"product_cat-tisort-ve-sort","7":"pa_brand-xside","8":"pa_color-acik-mavi","9":"pa_size-7851","10":"pa_size-7843","11":"pa_size-7841","12":"pa_size-7842","13":"pa_size-7846","15":"first","16":"instock","17":"shipping-taxable","18":"purchasable","19":"product-type-variable"},"_links":{"self":[{"href":"https:\/\/mod.wisdar.net\/tr\/wp-json\/wp\/v2\/product\/170309","targetHints":{"allow":["GET"]}}],"collection":[{"href":"https:\/\/mod.wisdar.net\/tr\/wp-json\/wp\/v2\/product"}],"about":[{"href":"https:\/\/mod.wisdar.net\/tr\/wp-json\/wp\/v2\/types\/product"}],"replies":[{"embeddable":true,"href":"https:\/\/mod.wisdar.net\/tr\/wp-json\/wp\/v2\/comments?post=170309"}],"wp:featuredmedia":[{"embeddable":true,"href":"https:\/\/mod.wisdar.net\/tr\/wp-json\/wp\/v2\/media\/170289"}],"wp:attachment":[{"href":"https:\/\/mod.wisdar.net\/tr\/wp-json\/wp\/v2\/media?parent=170309"}],"wp:term":[{"taxonomy":"product_brand","embeddable":true,"href":"https:\/\/mod.wisdar.net\/tr\/wp-json\/wp\/v2\/product_brand?post=170309"},{"taxonomy":"product_cat","embeddable":true,"href":"https:\/\/mod.wisdar.net\/tr\/wp-json\/wp\/v2\/product_cat?post=170309"},{"taxonomy":"product_tag","embeddable":true,"href":"https:\/\/mod.wisdar.net\/tr\/wp-json\/wp\/v2\/product_tag?post=170309"}],"curies":[{"name":"wp","href":"https:\/\/api.w.org\/{rel}","templated":true}]}}