{"id":170387,"date":"2026-03-10T18:29:01","date_gmt":"2026-03-10T18:29:01","guid":{"rendered":"https:\/\/modesthanim.com\/product\/indigo-bermuda-fit-kadin-jean-sort\/"},"modified":"2026-04-04T12:21:28","modified_gmt":"2026-04-04T12:21:28","slug":"indigo-bermuda-fit-kadin-jean-sort","status":"publish","type":"product","link":"https:\/\/mod.wisdar.net\/tr\/urun\/indigo-bermuda-fit-kadin-jean-sort\/","title":{"rendered":"\u0130ndigo Bermuda Fit Kad\u0131n Jean \u015eort"},"content":{"rendered":"<p>LCW Jeans \u0130ndigo Bermuda Fit Kad\u0131n Jean \u015eort size \u00f6zel indirim, taksit ve kap\u0131da \u00f6deme avantajlar\u0131yla LCW&#8217;de! Hemen online al\u0131\u015fveri\u015f yap, \u00fcr\u00fcn kap\u0131na gelsin! \u2013 S5GP88Z8-507<\/p>\n<p>\u2014 Technical Details \u2014<br \/>\nMen\u015fei: M\u0131s\u0131r<br \/>\nSat\u0131c\u0131: LC Waikiki<br \/>\nMarka: LCW Jeans<br \/>\n\u00dcr\u00fcn Tipi: Jean \u015eort<br \/>\nCinsiyet: Kad\u0131n<br \/>\nKal\u0131p: Bermuda<br \/>\nKuma\u015f: Denim<br \/>\nDesen: D\u00fcz<br \/>\nUzunluk: Midi<br \/>\nMalzeme: Y\u00fcksek Pamuk \u0130\u00e7erir<br \/>\nBel Fiti: Normal Bel<\/p>\n","protected":false},"excerpt":{"rendered":"<p>LCW Jeans \u0130ndigo Bermuda Fit Kad\u0131n Jean \u015eort size \u00f6zel indirim, taksit ve kap\u0131da \u00f6deme avantajlar\u0131yla LCW&#8217;de! Hemen online al\u0131\u015fveri\u015f yap, \u00fcr\u00fcn kap\u0131na gelsin! \u2013 S5GP88Z8-507 \u2014 Technical Details \u2014 Men\u015fei: M\u0131s\u0131r Sat\u0131c\u0131: LC Waikiki Marka: LCW Jeans \u00dcr\u00fcn Tipi: Jean \u015eort Cinsiyet: Kad\u0131n Kal\u0131p: Bermuda Kuma\u015f: Denim Desen: D\u00fcz Uzunluk: Midi Malzeme: Y\u00fcksek Pamuk [&hellip;]<\/p>\n","protected":false},"featured_media":170378,"comment_status":"open","ping_status":"closed","template":"","meta":[],"product_brand":[],"product_cat":[11020],"product_tag":[11776,10116,9842,11777,11778,11764],"class_list":{"0":"post-170387","1":"product","2":"type-product","3":"status-publish","4":"has-post-thumbnail","6":"product_cat-tisort-ve-sort","7":"product_tag-bermuda-fit","8":"product_tag-denim-shorts","9":"product_tag-high-cotton","10":"product_tag-indigo-wash","11":"product_tag-lcw-jeans","12":"product_tag-womens-shorts","13":"pa_brand-lcw-jeans","14":"pa_color-indigo","15":"pa_size-7851","16":"pa_size-7843","17":"pa_size-7841","18":"pa_size-7842","19":"pa_size-7846","20":"pa_size-4698","22":"first","23":"outofstock","24":"shipping-taxable","25":"product-type-variable"},"_links":{"self":[{"href":"https:\/\/mod.wisdar.net\/tr\/wp-json\/wp\/v2\/product\/170387","targetHints":{"allow":["GET"]}}],"collection":[{"href":"https:\/\/mod.wisdar.net\/tr\/wp-json\/wp\/v2\/product"}],"about":[{"href":"https:\/\/mod.wisdar.net\/tr\/wp-json\/wp\/v2\/types\/product"}],"replies":[{"embeddable":true,"href":"https:\/\/mod.wisdar.net\/tr\/wp-json\/wp\/v2\/comments?post=170387"}],"wp:featuredmedia":[{"embeddable":true,"href":"https:\/\/mod.wisdar.net\/tr\/wp-json\/wp\/v2\/media\/170378"}],"wp:attachment":[{"href":"https:\/\/mod.wisdar.net\/tr\/wp-json\/wp\/v2\/media?parent=170387"}],"wp:term":[{"taxonomy":"product_brand","embeddable":true,"href":"https:\/\/mod.wisdar.net\/tr\/wp-json\/wp\/v2\/product_brand?post=170387"},{"taxonomy":"product_cat","embeddable":true,"href":"https:\/\/mod.wisdar.net\/tr\/wp-json\/wp\/v2\/product_cat?post=170387"},{"taxonomy":"product_tag","embeddable":true,"href":"https:\/\/mod.wisdar.net\/tr\/wp-json\/wp\/v2\/product_tag?post=170387"}],"curies":[{"name":"wp","href":"https:\/\/api.w.org\/{rel}","templated":true}]}}