{"id":170473,"date":"2026-03-10T18:29:56","date_gmt":"2026-03-10T18:29:56","guid":{"rendered":"https:\/\/modesthanim.com\/product\/siyah-bisiklet-yaka-cizgili-sweat-elbise\/"},"modified":"2026-04-02T21:21:25","modified_gmt":"2026-04-02T21:21:25","slug":"siyah-bisiklet-yaka-cizgili-sweat-elbise","status":"publish","type":"product","link":"https:\/\/mod.wisdar.net\/tr\/urun\/siyah-bisiklet-yaka-cizgili-sweat-elbise\/","title":{"rendered":"Siyah Bisiklet Yaka \u00c7izgili Sweat Elbise"},"content":{"rendered":"<p>LCW Modest Siyah Bisiklet Yaka \u00c7izgili Sweat Elbise size \u00f6zel indirim, taksit ve kap\u0131da \u00f6deme avantajlar\u0131yla LCW&#8217;de! Hemen online al\u0131\u015fveri\u015f yap, \u00fcr\u00fcn kap\u0131na gelsin! \u2013 S6KQ13Z8-CVL<\/p>\n<p>\u2014 Technical Details \u2014<br \/>\nKal\u0131p: Standart &amp; Regular<br \/>\nAstar Detay: Astars\u0131z<br \/>\nUzunluk: Uzun<br \/>\nMalzeme: Y\u00fcksek Pamuk \u0130\u00e7erir<br \/>\nYaka: Bisiklet Yaka<br \/>\nKol Boyu: Uzun Kollu<br \/>\nKoleksiyon: Tesett\u00fcr Giyim<br \/>\nDesen: \u00c7izgili<br \/>\nV\u00fccut Tipi: B\u00fcy\u00fck Beden<\/p>\n","protected":false},"excerpt":{"rendered":"<p>LCW Modest Siyah Bisiklet Yaka \u00c7izgili Sweat Elbise size \u00f6zel indirim, taksit ve kap\u0131da \u00f6deme avantajlar\u0131yla LCW&#8217;de! Hemen online al\u0131\u015fveri\u015f yap, \u00fcr\u00fcn kap\u0131na gelsin! \u2013 S6KQ13Z8-CVL \u2014 Technical Details \u2014 Kal\u0131p: Standart &amp; Regular Astar Detay: Astars\u0131z Uzunluk: Uzun Malzeme: Y\u00fcksek Pamuk \u0130\u00e7erir Yaka: Bisiklet Yaka Kol Boyu: Uzun Kollu Koleksiyon: Tesett\u00fcr Giyim Desen: \u00c7izgili [&hellip;]<\/p>\n","protected":false},"featured_media":170464,"comment_status":"open","ping_status":"closed","template":"","meta":[],"product_brand":[],"product_cat":[],"product_tag":[],"class_list":{"0":"post-170473","1":"product","2":"type-product","3":"status-publish","4":"has-post-thumbnail","7":"first","8":"outofstock","9":"shipping-taxable","10":"purchasable","11":"product-type-variable"},"_links":{"self":[{"href":"https:\/\/mod.wisdar.net\/tr\/wp-json\/wp\/v2\/product\/170473","targetHints":{"allow":["GET"]}}],"collection":[{"href":"https:\/\/mod.wisdar.net\/tr\/wp-json\/wp\/v2\/product"}],"about":[{"href":"https:\/\/mod.wisdar.net\/tr\/wp-json\/wp\/v2\/types\/product"}],"replies":[{"embeddable":true,"href":"https:\/\/mod.wisdar.net\/tr\/wp-json\/wp\/v2\/comments?post=170473"}],"wp:featuredmedia":[{"embeddable":true,"href":"https:\/\/mod.wisdar.net\/tr\/wp-json\/wp\/v2\/media\/170464"}],"wp:attachment":[{"href":"https:\/\/mod.wisdar.net\/tr\/wp-json\/wp\/v2\/media?parent=170473"}],"wp:term":[{"taxonomy":"product_brand","embeddable":true,"href":"https:\/\/mod.wisdar.net\/tr\/wp-json\/wp\/v2\/product_brand?post=170473"},{"taxonomy":"product_cat","embeddable":true,"href":"https:\/\/mod.wisdar.net\/tr\/wp-json\/wp\/v2\/product_cat?post=170473"},{"taxonomy":"product_tag","embeddable":true,"href":"https:\/\/mod.wisdar.net\/tr\/wp-json\/wp\/v2\/product_tag?post=170473"}],"curies":[{"name":"wp","href":"https:\/\/api.w.org\/{rel}","templated":true}]}}