{"id":170597,"date":"2026-03-10T18:31:13","date_gmt":"2026-03-10T18:31:13","guid":{"rendered":"https:\/\/modesthanim.com\/product\/karisik-desenli-pileli-sifon-gomlek-elbise\/"},"modified":"2026-04-11T12:10:54","modified_gmt":"2026-04-11T12:10:54","slug":"karisik-desenli-pileli-sifon-gomlek-elbise","status":"publish","type":"product","link":"https:\/\/mod.wisdar.net\/tr\/urun\/karisik-desenli-pileli-sifon-gomlek-elbise\/","title":{"rendered":"Kar\u0131\u015f\u0131k Desenli Pileli \u015eifon G\u00f6mlek Elbise"},"content":{"rendered":"<p>LCW STUDIO Kar\u0131\u015f\u0131k Desenli Pileli \u015eifon G\u00f6mlek Elbise size \u00f6zel indirim, taksit ve kap\u0131da \u00f6deme avantajlar\u0131yla LCW&#8217;de! Hemen online al\u0131\u015fveri\u015f yap, \u00fcr\u00fcn kap\u0131na gelsin! \u2013 S6M743Z8-F9C<\/p>\n<p>\u2014 Technical Details \u2014<br \/>\ngender: Kad\u0131n<br \/>\nproduct_type: G\u00f6mlek Elbise<br \/>\nlining_detail: Astars\u0131z<br \/>\npattern: Desenli<br \/>\nfit: Standart &amp; Regular<br \/>\nsleeve_length: Uzun Kollu<br \/>\nfabric: \u015eifon<br \/>\nstyle: \u015e\u0131k<br \/>\nlength: Uzun<br \/>\ncollar: G\u00f6mlek Yaka<br \/>\npiece_count: 2 Par\u00e7a<br \/>\naccessory: Ku\u015fak<br \/>\nadditional_feature: D\u00fc\u011fmeli<br \/>\nsilhouette: Pileli<\/p>\n","protected":false},"excerpt":{"rendered":"<p>LCW STUDIO Kar\u0131\u015f\u0131k Desenli Pileli \u015eifon G\u00f6mlek Elbise size \u00f6zel indirim, taksit ve kap\u0131da \u00f6deme avantajlar\u0131yla LCW&#8217;de! Hemen online al\u0131\u015fveri\u015f yap, \u00fcr\u00fcn kap\u0131na gelsin! \u2013 S6M743Z8-F9C \u2014 Technical Details \u2014 gender: Kad\u0131n product_type: G\u00f6mlek Elbise lining_detail: Astars\u0131z pattern: Desenli fit: Standart &amp; Regular sleeve_length: Uzun Kollu fabric: \u015eifon style: \u015e\u0131k length: Uzun collar: G\u00f6mlek Yaka [&hellip;]<\/p>\n","protected":false},"featured_media":170592,"comment_status":"open","ping_status":"closed","template":"","meta":[],"product_brand":[],"product_cat":[6249,1933],"product_tag":[6769,5012,6771,6747,6924,8244,5016,6768],"class_list":{"0":"post-170597","1":"product","2":"type-product","3":"status-publish","4":"has-post-thumbnail","6":"product_cat-elbiseler","7":"product_cat-gunluk-ve-gunduz-elbiseleri","8":"product_tag-desenli","9":"product_tag-elegant","10":"product_tag-gomlek-yaka","11":"product_tag-pile-detayli","12":"product_tag-sifon","13":"product_tag-standart-normal","14":"product_tag-unlined","15":"product_tag-uzun-kol","16":"pa_brand-lcw-studio","17":"pa_color-karisik","18":"pa_size-4701","19":"pa_size-4706","20":"pa_size-4711","21":"pa_size-4713","22":"pa_size-4751","23":"pa_size-4749","24":"pa_size-4747","26":"first","27":"instock","28":"shipping-taxable","29":"purchasable","30":"product-type-variable"},"_links":{"self":[{"href":"https:\/\/mod.wisdar.net\/tr\/wp-json\/wp\/v2\/product\/170597","targetHints":{"allow":["GET"]}}],"collection":[{"href":"https:\/\/mod.wisdar.net\/tr\/wp-json\/wp\/v2\/product"}],"about":[{"href":"https:\/\/mod.wisdar.net\/tr\/wp-json\/wp\/v2\/types\/product"}],"replies":[{"embeddable":true,"href":"https:\/\/mod.wisdar.net\/tr\/wp-json\/wp\/v2\/comments?post=170597"}],"wp:featuredmedia":[{"embeddable":true,"href":"https:\/\/mod.wisdar.net\/tr\/wp-json\/wp\/v2\/media\/170592"}],"wp:attachment":[{"href":"https:\/\/mod.wisdar.net\/tr\/wp-json\/wp\/v2\/media?parent=170597"}],"wp:term":[{"taxonomy":"product_brand","embeddable":true,"href":"https:\/\/mod.wisdar.net\/tr\/wp-json\/wp\/v2\/product_brand?post=170597"},{"taxonomy":"product_cat","embeddable":true,"href":"https:\/\/mod.wisdar.net\/tr\/wp-json\/wp\/v2\/product_cat?post=170597"},{"taxonomy":"product_tag","embeddable":true,"href":"https:\/\/mod.wisdar.net\/tr\/wp-json\/wp\/v2\/product_tag?post=170597"}],"curies":[{"name":"wp","href":"https:\/\/api.w.org\/{rel}","templated":true}]}}