{"id":170796,"date":"2026-03-10T18:33:34","date_gmt":"2026-03-10T18:33:34","guid":{"rendered":"https:\/\/modesthanim.com\/product\/indigo-karin-panelli-mom-fit-hamile-jean-pantolon\/"},"modified":"2026-04-11T17:42:47","modified_gmt":"2026-04-11T17:42:47","slug":"indigo-karin-panelli-mom-fit-hamile-jean-pantolon","status":"publish","type":"product","link":"https:\/\/mod.wisdar.net\/tr\/urun\/indigo-karin-panelli-mom-fit-hamile-jean-pantolon\/","title":{"rendered":"\u0130ndigo Kar\u0131n Panelli Mom Fit Hamile Jean Pantolon"},"content":{"rendered":"<p>LCW Comfort \u0130ndigo Kar\u0131n Panelli Mom Fit Hamile Jean Pantolon size \u00f6zel indirim, taksit ve kap\u0131da \u00f6deme avantajlar\u0131yla LCW&#8217;de! Hemen online al\u0131\u015fveri\u015f yap, \u00fcr\u00fcn kap\u0131na gelsin! \u2013 S6KL13Z8-309<\/p>\n<p>\u2014 Technical Details \u2014<br \/>\nMen\u015fei: Turk\u0131ye<br \/>\nSat\u0131c\u0131: LC Waikiki<br \/>\nMarka: LCW Comfort<br \/>\n\u00dcr\u00fcn Tipi: Jean Pantolon<br \/>\nCinsiyet: Kad\u0131n<br \/>\nKal\u0131p: Mom Fit<br \/>\nKuma\u015f: Denim<br \/>\nBel Fiti: Kar\u0131n Panelli<br \/>\nDesen: D\u00fcz<br \/>\nStil: Hamilelik D\u00f6nemi ve Sonras\u0131<br \/>\nPa\u00e7a Fiti: Daralan Pa\u00e7a<br \/>\nMalzeme: Y\u00fcksek Pamuk \u0130\u00e7erir<br \/>\nKoleksiyon: Bayram Koleksiyonu<\/p>\n","protected":false},"excerpt":{"rendered":"<p>LCW Comfort \u0130ndigo Kar\u0131n Panelli Mom Fit Hamile Jean Pantolon size \u00f6zel indirim, taksit ve kap\u0131da \u00f6deme avantajlar\u0131yla LCW&#8217;de! Hemen online al\u0131\u015fveri\u015f yap, \u00fcr\u00fcn kap\u0131na gelsin! \u2013 S6KL13Z8-309 \u2014 Technical Details \u2014 Men\u015fei: Turk\u0131ye Sat\u0131c\u0131: LC Waikiki Marka: LCW Comfort \u00dcr\u00fcn Tipi: Jean Pantolon Cinsiyet: Kad\u0131n Kal\u0131p: Mom Fit Kuma\u015f: Denim Bel Fiti: Kar\u0131n Panelli [&hellip;]<\/p>\n","protected":false},"featured_media":170790,"comment_status":"open","ping_status":"closed","template":"","meta":[],"product_brand":[],"product_cat":[8769,8763],"product_tag":[7876],"class_list":{"0":"post-170796","1":"product","2":"type-product","3":"status-publish","4":"has-post-thumbnail","6":"product_cat-hamile-pantolonlari-ve-taytlari","7":"product_cat-hamilelik-urunleri","8":"product_tag-daralan-paca","9":"pa_brand-lcw-comfort","10":"pa_color-indigo","11":"pa_size-4701","12":"pa_size-4706","13":"pa_size-4711","14":"pa_size-4713","15":"pa_size-4751","16":"pa_size-4749","17":"pa_size-4747","18":"pa_size-4746","20":"first","21":"instock","22":"shipping-taxable","23":"purchasable","24":"product-type-variable"},"_links":{"self":[{"href":"https:\/\/mod.wisdar.net\/tr\/wp-json\/wp\/v2\/product\/170796","targetHints":{"allow":["GET"]}}],"collection":[{"href":"https:\/\/mod.wisdar.net\/tr\/wp-json\/wp\/v2\/product"}],"about":[{"href":"https:\/\/mod.wisdar.net\/tr\/wp-json\/wp\/v2\/types\/product"}],"replies":[{"embeddable":true,"href":"https:\/\/mod.wisdar.net\/tr\/wp-json\/wp\/v2\/comments?post=170796"}],"wp:featuredmedia":[{"embeddable":true,"href":"https:\/\/mod.wisdar.net\/tr\/wp-json\/wp\/v2\/media\/170790"}],"wp:attachment":[{"href":"https:\/\/mod.wisdar.net\/tr\/wp-json\/wp\/v2\/media?parent=170796"}],"wp:term":[{"taxonomy":"product_brand","embeddable":true,"href":"https:\/\/mod.wisdar.net\/tr\/wp-json\/wp\/v2\/product_brand?post=170796"},{"taxonomy":"product_cat","embeddable":true,"href":"https:\/\/mod.wisdar.net\/tr\/wp-json\/wp\/v2\/product_cat?post=170796"},{"taxonomy":"product_tag","embeddable":true,"href":"https:\/\/mod.wisdar.net\/tr\/wp-json\/wp\/v2\/product_tag?post=170796"}],"curies":[{"name":"wp","href":"https:\/\/api.w.org\/{rel}","templated":true}]}}