{"id":170925,"date":"2026-03-11T20:57:09","date_gmt":"2026-03-11T20:57:09","guid":{"rendered":"https:\/\/modesthanim.com\/product\/crush-dokulu-haki-gomlek\/"},"modified":"2026-03-11T20:57:32","modified_gmt":"2026-03-11T20:57:32","slug":"crush-dokulu-haki-gomlek","status":"publish","type":"product","link":"https:\/\/mod.wisdar.net\/tr\/urun\/crush-dokulu-haki-gomlek\/","title":{"rendered":"Crush Dokulu Haki G\u00f6mlek"},"content":{"rendered":"<p>CRUSH DOKULU HAK\u0130 G\u00d6MLEK \u00d6ZELL\u0130KLER\u0130<br \/>\nG\u00f6mlek yaka, \u00f6nden d\u00fc\u011fmeli, kendi kuma\u015f\u0131ndan biye kemerli, normal kal\u0131p, crush dokulu g\u00f6mlek.<br \/>\n\u0130\u00c7ER\u0130\u011e\u0130 VE YIKANMASI<br \/>\n%100 Pes<br \/>\nKuru temizleme \u00f6nerilir.<br \/>\nEl ile \u00f6l\u00e7\u00fcmlerde 2-3 cm farkl\u0131l\u0131k g\u00f6sterebilir.<br \/>\nManken Bedeni: S -M<br \/>\nManken \u00d6l\u00e7\u00fcs\u00fc: Boy: 1.74 cm, G\u00f6\u011f\u00fcs: 82 cm, Bel: 61 cm, Basen: 92 cm<\/p>\n","protected":false},"excerpt":{"rendered":"<p>CRUSH DOKULU HAK\u0130 G\u00d6MLEK \u00d6ZELL\u0130KLER\u0130 G\u00f6mlek yaka, \u00f6nden d\u00fc\u011fmeli, kendi kuma\u015f\u0131ndan biye kemerli, normal kal\u0131p, crush dokulu g\u00f6mlek. \u0130\u00c7ER\u0130\u011e\u0130 VE YIKANMASI %100 Pes Kuru temizleme \u00f6nerilir. El ile \u00f6l\u00e7\u00fcmlerde 2-3 cm farkl\u0131l\u0131k g\u00f6sterebilir. Manken Bedeni: S -M Manken \u00d6l\u00e7\u00fcs\u00fc: Boy: 1.74 cm, G\u00f6\u011f\u00fcs: 82 cm, Bel: 61 cm, Basen: 92 cm<\/p>\n","protected":false},"featured_media":170907,"comment_status":"open","ping_status":"closed","template":"","meta":[],"product_brand":[],"product_cat":[1909],"product_tag":[7426,6744],"class_list":{"0":"post-170925","1":"product","2":"type-product","3":"status-publish","4":"has-post-thumbnail","6":"product_cat-bluzlar-ve-gomlekler","7":"product_tag-gunluk-giyim-3","8":"product_tag-kadin-modasi","9":"pa_brand-hooopstore","10":"pa_color-haki","11":"pa_size-l-xl-2","12":"pa_size-s-m","14":"first","15":"instock","16":"sale","17":"shipping-taxable","18":"purchasable","19":"product-type-variable"},"_links":{"self":[{"href":"https:\/\/mod.wisdar.net\/tr\/wp-json\/wp\/v2\/product\/170925","targetHints":{"allow":["GET"]}}],"collection":[{"href":"https:\/\/mod.wisdar.net\/tr\/wp-json\/wp\/v2\/product"}],"about":[{"href":"https:\/\/mod.wisdar.net\/tr\/wp-json\/wp\/v2\/types\/product"}],"replies":[{"embeddable":true,"href":"https:\/\/mod.wisdar.net\/tr\/wp-json\/wp\/v2\/comments?post=170925"}],"wp:featuredmedia":[{"embeddable":true,"href":"https:\/\/mod.wisdar.net\/tr\/wp-json\/wp\/v2\/media\/170907"}],"wp:attachment":[{"href":"https:\/\/mod.wisdar.net\/tr\/wp-json\/wp\/v2\/media?parent=170925"}],"wp:term":[{"taxonomy":"product_brand","embeddable":true,"href":"https:\/\/mod.wisdar.net\/tr\/wp-json\/wp\/v2\/product_brand?post=170925"},{"taxonomy":"product_cat","embeddable":true,"href":"https:\/\/mod.wisdar.net\/tr\/wp-json\/wp\/v2\/product_cat?post=170925"},{"taxonomy":"product_tag","embeddable":true,"href":"https:\/\/mod.wisdar.net\/tr\/wp-json\/wp\/v2\/product_tag?post=170925"}],"curies":[{"name":"wp","href":"https:\/\/api.w.org\/{rel}","templated":true}]}}