{"id":17103,"date":"2025-11-02T12:57:50","date_gmt":"2025-11-02T12:57:50","guid":{"rendered":"https:\/\/modesthanim.com\/product\/indigo-kemerli-tunel-bagcikli-elbise\/"},"modified":"2026-04-03T18:04:30","modified_gmt":"2026-04-03T18:04:30","slug":"indigo-kemerli-tunel-bagcikli-elbise","status":"publish","type":"product","link":"https:\/\/mod.wisdar.net\/tr\/urun\/indigo-kemerli-tunel-bagcikli-elbise\/","title":{"rendered":"\u0130ndigo Kemerli Tunel Ba\u011fc\u0131kl\u0131 Elbise"},"content":{"rendered":"<p>Beldeki tunel ba\u011fc\u0131k detay\u0131 ayarlanabilir bir uyum sa\u011flar, konfor ve zarafeti bir arada sunar. Ak\u0131c\u0131 d\u00f6k\u00fcm\u00fc ve sade tasar\u0131m\u0131 ile g\u00fcnl\u00fck kullan\u0131m ve \u00f6zel g\u00fcnler i\u00e7in uygundur.<\/p>\n<p>Kuma\u015f \u0130\u00e7eri\u011fi: %100 Lyocell<br \/>\nDesen: D\u00fcz<br \/>\nYaka Tipi: G\u00f6mlek Yakas\u0131<br \/>\nKol Tipi: Raglan Kollar<br \/>\nCep: Gizli Cep<br \/>\nAstar: Astars\u0131z<br \/>\n\u00dcr\u00fcn Uzunlu\u011fu: 140 cm<br \/>\nKal\u0131p: Normal Kal\u0131p<br \/>\nModelin Giydi\u011fi Beden: 38<br \/>\nModel \u00d6l\u00e7\u00fcleri: Boy: 177 cm, G\u00f6\u011f\u00fcs: 88 cm, Bel: 58 cm, Kal\u00e7a: 93 cm<\/p>\n","protected":false},"excerpt":{"rendered":"<p>Beldeki tunel ba\u011fc\u0131k detay\u0131 ayarlanabilir bir uyum sa\u011flar, konfor ve zarafeti bir arada sunar. Ak\u0131c\u0131 d\u00f6k\u00fcm\u00fc ve sade tasar\u0131m\u0131 ile g\u00fcnl\u00fck kullan\u0131m ve \u00f6zel g\u00fcnler i\u00e7in uygundur. Kuma\u015f \u0130\u00e7eri\u011fi: %100 Lyocell Desen: D\u00fcz Yaka Tipi: G\u00f6mlek Yakas\u0131 Kol Tipi: Raglan Kollar Cep: Gizli Cep Astar: Astars\u0131z \u00dcr\u00fcn Uzunlu\u011fu: 140 cm Kal\u0131p: Normal Kal\u0131p Modelin Giydi\u011fi [&hellip;]<\/p>\n","protected":false},"featured_media":51910,"comment_status":"open","ping_status":"closed","template":"","meta":[],"product_brand":[],"product_cat":[6249,1933],"product_tag":[5012,7419,4998,6759],"class_list":{"0":"post-17103","1":"product","2":"type-product","3":"status-publish","4":"has-post-thumbnail","6":"product_cat-elbiseler","7":"product_cat-gunluk-ve-gunduz-elbiseleri","8":"product_tag-elegant","9":"product_tag-gunluk","10":"product_tag-indigo","11":"product_tag-konfor","12":"pa_brand-tugba","13":"pa_color-indigo","14":"pa_size-4706","15":"pa_size-4711","16":"pa_size-4713","17":"pa_size-4751","18":"pa_size-4749","19":"pa_size-4747","21":"first","22":"outofstock","23":"shipping-taxable","24":"product-type-variable"},"_links":{"self":[{"href":"https:\/\/mod.wisdar.net\/tr\/wp-json\/wp\/v2\/product\/17103","targetHints":{"allow":["GET"]}}],"collection":[{"href":"https:\/\/mod.wisdar.net\/tr\/wp-json\/wp\/v2\/product"}],"about":[{"href":"https:\/\/mod.wisdar.net\/tr\/wp-json\/wp\/v2\/types\/product"}],"replies":[{"embeddable":true,"href":"https:\/\/mod.wisdar.net\/tr\/wp-json\/wp\/v2\/comments?post=17103"}],"wp:featuredmedia":[{"embeddable":true,"href":"https:\/\/mod.wisdar.net\/tr\/wp-json\/wp\/v2\/media\/51910"}],"wp:attachment":[{"href":"https:\/\/mod.wisdar.net\/tr\/wp-json\/wp\/v2\/media?parent=17103"}],"wp:term":[{"taxonomy":"product_brand","embeddable":true,"href":"https:\/\/mod.wisdar.net\/tr\/wp-json\/wp\/v2\/product_brand?post=17103"},{"taxonomy":"product_cat","embeddable":true,"href":"https:\/\/mod.wisdar.net\/tr\/wp-json\/wp\/v2\/product_cat?post=17103"},{"taxonomy":"product_tag","embeddable":true,"href":"https:\/\/mod.wisdar.net\/tr\/wp-json\/wp\/v2\/product_tag?post=17103"}],"curies":[{"name":"wp","href":"https:\/\/api.w.org\/{rel}","templated":true}]}}