{"id":171084,"date":"2026-03-11T20:59:05","date_gmt":"2026-03-11T20:59:05","guid":{"rendered":"https:\/\/modesthanim.com\/product\/pile-detayli-tarcin-gomlek-elbise\/"},"modified":"2026-03-11T20:59:30","modified_gmt":"2026-03-11T20:59:30","slug":"pile-detayli-tarcin-gomlek-elbise","status":"publish","type":"product","link":"https:\/\/mod.wisdar.net\/tr\/urun\/pile-detayli-tarcin-gomlek-elbise\/","title":{"rendered":"Pile Detayl\u0131 Tar\u00e7\u0131n G\u00f6mlek Elbise"},"content":{"rendered":"<p>P\u0130LE DETAYLI  TAR\u00c7IN G\u00d6MLEK ELB\u0130SE \u00d6ZELL\u0130KLER\u0130<br \/>\nG\u00f6mlek yaka, belden pensli, kendi kuma\u015f\u0131ndan biye kemerli, kemer k\u00f6pr\u00fcl\u00fc, d\u00fc\u011fme kapamal\u0131, normal kal\u0131p, astars\u0131z pile detayl\u0131 g\u00f6mlek elbise.<br \/>\n\u0130\u00c7ER\u0130\u011e\u0130 VE YIKANMASI<br \/>\n%100 Pamuk<br \/>\n30 derecede k\u0131sa programda makinede y\u0131kay\u0131n\u0131z, hassas y\u0131kama yap\u0131n\u0131z. Tersten y\u0131kay\u0131n\u0131z. A\u011fart\u0131c\u0131 kullanmay\u0131n\u0131z. D\u00fc\u015f\u00fck \u0131s\u0131da \u00fct\u00fcleyiniz.<br \/>\nEl ile \u00f6l\u00e7\u00fcmlerde 2-3 cm farkl\u0131l\u0131k g\u00f6sterebilir.<br \/>\nManken Bedeni: S<br \/>\nManken \u00d6l\u00e7\u00fcs\u00fc:  Boy: 1.74 cm, G\u00f6\u011f\u00fcs: 82 cm, Bel: 61 cm, Basen: 92 cm<\/p>\n","protected":false},"excerpt":{"rendered":"<p>P\u0130LE DETAYLI TAR\u00c7IN G\u00d6MLEK ELB\u0130SE \u00d6ZELL\u0130KLER\u0130 G\u00f6mlek yaka, belden pensli, kendi kuma\u015f\u0131ndan biye kemerli, kemer k\u00f6pr\u00fcl\u00fc, d\u00fc\u011fme kapamal\u0131, normal kal\u0131p, astars\u0131z pile detayl\u0131 g\u00f6mlek elbise. \u0130\u00c7ER\u0130\u011e\u0130 VE YIKANMASI %100 Pamuk 30 derecede k\u0131sa programda makinede y\u0131kay\u0131n\u0131z, hassas y\u0131kama yap\u0131n\u0131z. Tersten y\u0131kay\u0131n\u0131z. A\u011fart\u0131c\u0131 kullanmay\u0131n\u0131z. D\u00fc\u015f\u00fck \u0131s\u0131da \u00fct\u00fcleyiniz. El ile \u00f6l\u00e7\u00fcmlerde 2-3 cm farkl\u0131l\u0131k g\u00f6sterebilir. Manken Bedeni: [&hellip;]<\/p>\n","protected":false},"featured_media":171069,"comment_status":"open","ping_status":"closed","template":"","meta":[],"product_brand":[],"product_cat":[6249,1933],"product_tag":[7564,7488,8465],"class_list":{"0":"post-171084","1":"product","2":"type-product","3":"status-publish","4":"has-post-thumbnail","6":"product_cat-elbiseler","7":"product_cat-gunluk-ve-gunduz-elbiseleri","8":"product_tag-gomlek-elbise","9":"product_tag-pamuk","10":"product_tag-tarcin","11":"pa_brand-hooopstore","12":"pa_color-tarcin","13":"pa_size-large","14":"pa_size-medium","15":"pa_size-small","17":"first","18":"instock","19":"sale","20":"shipping-taxable","21":"purchasable","22":"product-type-variable"},"_links":{"self":[{"href":"https:\/\/mod.wisdar.net\/tr\/wp-json\/wp\/v2\/product\/171084","targetHints":{"allow":["GET"]}}],"collection":[{"href":"https:\/\/mod.wisdar.net\/tr\/wp-json\/wp\/v2\/product"}],"about":[{"href":"https:\/\/mod.wisdar.net\/tr\/wp-json\/wp\/v2\/types\/product"}],"replies":[{"embeddable":true,"href":"https:\/\/mod.wisdar.net\/tr\/wp-json\/wp\/v2\/comments?post=171084"}],"wp:featuredmedia":[{"embeddable":true,"href":"https:\/\/mod.wisdar.net\/tr\/wp-json\/wp\/v2\/media\/171069"}],"wp:attachment":[{"href":"https:\/\/mod.wisdar.net\/tr\/wp-json\/wp\/v2\/media?parent=171084"}],"wp:term":[{"taxonomy":"product_brand","embeddable":true,"href":"https:\/\/mod.wisdar.net\/tr\/wp-json\/wp\/v2\/product_brand?post=171084"},{"taxonomy":"product_cat","embeddable":true,"href":"https:\/\/mod.wisdar.net\/tr\/wp-json\/wp\/v2\/product_cat?post=171084"},{"taxonomy":"product_tag","embeddable":true,"href":"https:\/\/mod.wisdar.net\/tr\/wp-json\/wp\/v2\/product_tag?post=171084"}],"curies":[{"name":"wp","href":"https:\/\/api.w.org\/{rel}","templated":true}]}}