{"id":171124,"date":"2026-03-11T20:59:34","date_gmt":"2026-03-11T20:59:34","guid":{"rendered":"https:\/\/modesthanim.com\/product\/pile-detayli-soft-mavi-gomlek-elbise\/"},"modified":"2026-04-04T18:04:11","modified_gmt":"2026-04-04T18:04:11","slug":"pile-detayli-soft-mavi-gomlek-elbise","status":"publish","type":"product","link":"https:\/\/mod.wisdar.net\/tr\/urun\/pile-detayli-soft-mavi-gomlek-elbise\/","title":{"rendered":"Pile Detayl\u0131 Soft Mavi G\u00f6mlek Elbise"},"content":{"rendered":"<p>P\u0130LE DETAYLI  SOFT MAV\u0130 G\u00d6MLEK ELB\u0130SE \u00d6ZELL\u0130KLER\u0130<br \/>\nG\u00f6mlek yaka, belden pensli, kendi kuma\u015f\u0131ndan biye kemerli, kemer k\u00f6pr\u00fcl\u00fc, d\u00fc\u011fme kapamal\u0131, normal kal\u0131p, astars\u0131z pile detayl\u0131 g\u00f6mlek elbise.<br \/>\n\u0130\u00c7ER\u0130\u011e\u0130 VE YIKANMASI<br \/>\n%100 Pamuk<br \/>\n30 derecede k\u0131sa programda makinede y\u0131kay\u0131n\u0131z, hassas y\u0131kama yap\u0131n\u0131z. Tersten y\u0131kay\u0131n\u0131z. A\u011fart\u0131c\u0131 kullanmay\u0131n\u0131z. D\u00fc\u015f\u00fck \u0131s\u0131da \u00fct\u00fcleyiniz.<br \/>\nEl ile \u00f6l\u00e7\u00fcmlerde 2-3 cm farkl\u0131l\u0131k g\u00f6sterebilir.<br \/>\nManken Bedeni: S<br \/>\nManken \u00d6l\u00e7\u00fcs\u00fc: Boy: 1.74 cm, G\u00f6\u011f\u00fcs: 82 cm, Bel: 61 cm, Basen: 92 cm<\/p>\n","protected":false},"excerpt":{"rendered":"<p>P\u0130LE DETAYLI SOFT MAV\u0130 G\u00d6MLEK ELB\u0130SE \u00d6ZELL\u0130KLER\u0130 G\u00f6mlek yaka, belden pensli, kendi kuma\u015f\u0131ndan biye kemerli, kemer k\u00f6pr\u00fcl\u00fc, d\u00fc\u011fme kapamal\u0131, normal kal\u0131p, astars\u0131z pile detayl\u0131 g\u00f6mlek elbise. \u0130\u00c7ER\u0130\u011e\u0130 VE YIKANMASI %100 Pamuk 30 derecede k\u0131sa programda makinede y\u0131kay\u0131n\u0131z, hassas y\u0131kama yap\u0131n\u0131z. Tersten y\u0131kay\u0131n\u0131z. A\u011fart\u0131c\u0131 kullanmay\u0131n\u0131z. D\u00fc\u015f\u00fck \u0131s\u0131da \u00fct\u00fcleyiniz. El ile \u00f6l\u00e7\u00fcmlerde 2-3 cm farkl\u0131l\u0131k g\u00f6sterebilir. Manken [&hellip;]<\/p>\n","protected":false},"featured_media":171114,"comment_status":"open","ping_status":"closed","template":"","meta":[],"product_brand":[],"product_cat":[6249,1933],"product_tag":[4905,7564,7419,6754,7488,6747],"class_list":{"0":"post-171124","1":"product","2":"type-product","3":"status-publish","4":"has-post-thumbnail","6":"product_cat-elbiseler","7":"product_cat-gunluk-ve-gunduz-elbiseleri","8":"product_tag-blue","9":"product_tag-gomlek-elbise","10":"product_tag-gunluk","11":"product_tag-ofis-kiyafeti","12":"product_tag-pamuk","13":"product_tag-pile-detayli","14":"pa_brand-hooopstore","15":"pa_color-soft-mavi","16":"pa_size-large","17":"pa_size-medium","18":"pa_size-small","20":"first","21":"instock","22":"sale","23":"shipping-taxable","24":"purchasable","25":"product-type-variable"},"_links":{"self":[{"href":"https:\/\/mod.wisdar.net\/tr\/wp-json\/wp\/v2\/product\/171124","targetHints":{"allow":["GET"]}}],"collection":[{"href":"https:\/\/mod.wisdar.net\/tr\/wp-json\/wp\/v2\/product"}],"about":[{"href":"https:\/\/mod.wisdar.net\/tr\/wp-json\/wp\/v2\/types\/product"}],"replies":[{"embeddable":true,"href":"https:\/\/mod.wisdar.net\/tr\/wp-json\/wp\/v2\/comments?post=171124"}],"wp:featuredmedia":[{"embeddable":true,"href":"https:\/\/mod.wisdar.net\/tr\/wp-json\/wp\/v2\/media\/171114"}],"wp:attachment":[{"href":"https:\/\/mod.wisdar.net\/tr\/wp-json\/wp\/v2\/media?parent=171124"}],"wp:term":[{"taxonomy":"product_brand","embeddable":true,"href":"https:\/\/mod.wisdar.net\/tr\/wp-json\/wp\/v2\/product_brand?post=171124"},{"taxonomy":"product_cat","embeddable":true,"href":"https:\/\/mod.wisdar.net\/tr\/wp-json\/wp\/v2\/product_cat?post=171124"},{"taxonomy":"product_tag","embeddable":true,"href":"https:\/\/mod.wisdar.net\/tr\/wp-json\/wp\/v2\/product_tag?post=171124"}],"curies":[{"name":"wp","href":"https:\/\/api.w.org\/{rel}","templated":true}]}}