{"id":171205,"date":"2026-03-11T21:00:35","date_gmt":"2026-03-11T21:00:35","guid":{"rendered":"https:\/\/modesthanim.com\/product\/kalin-mansetli-soft-mavi-gomlek\/"},"modified":"2026-04-04T21:24:28","modified_gmt":"2026-04-04T21:24:28","slug":"kalin-mansetli-soft-mavi-gomlek","status":"publish","type":"product","link":"https:\/\/mod.wisdar.net\/tr\/urun\/kalin-mansetli-soft-mavi-gomlek\/","title":{"rendered":"Kal\u0131n Man\u015fetli Soft Mavi G\u00f6mlek"},"content":{"rendered":"<p>KALIN MAN\u015eETL\u0130 SOFT MAV\u0130 G\u00d6MLEK \u00d6ZELL\u0130KLER\u0130 G\u00f6mlek yakal\u0131, d\u00fc\u011fmeli, kal\u0131n man\u015fetli, kendi kuma\u015f\u0131ndan biye kemerli, rahat kal\u0131p kal\u0131n man\u015fetli g\u00f6mlek. \u0130\u00c7ER\u0130\u011e\u0130 VE YIKANMASI %100 Pamuk 30 derecede k\u0131sa programda makinede y\u0131kay\u0131n\u0131z, hassas y\u0131kama yap\u0131n\u0131z. Tersten y\u0131kay\u0131n\u0131z. A\u011fart\u0131c\u0131 kullanmay\u0131n\u0131z. D\u00fc\u015f\u00fck \u0131s\u0131da \u00fct\u00fcleyiniz. El ile \u00f6l\u00e7\u00fcmlerde 2-3 cm farkl\u0131l\u0131k g\u00f6sterebilir. Manken Bedeni: S-M Manken \u00d6l\u00e7\u00fcs\u00fc: Boy: 1.74 cm, G\u00f6\u011f\u00fcs: 82 cm, Bel: 61 cm, Basen: 92 cm<\/p>\n","protected":false},"excerpt":{"rendered":"<p>KALIN MAN\u015eETL\u0130 SOFT MAV\u0130 G\u00d6MLEK \u00d6ZELL\u0130KLER\u0130 G\u00f6mlek yakal\u0131, d\u00fc\u011fmeli, kal\u0131n man\u015fetli, kendi kuma\u015f\u0131ndan biye kemerli, rahat kal\u0131p kal\u0131n man\u015fetli g\u00f6mlek. \u0130\u00c7ER\u0130\u011e\u0130 VE YIKANMASI %100 Pamuk 30 derecede k\u0131sa programda makinede y\u0131kay\u0131n\u0131z, hassas y\u0131kama yap\u0131n\u0131z. Tersten y\u0131kay\u0131n\u0131z. A\u011fart\u0131c\u0131 kullanmay\u0131n\u0131z. D\u00fc\u015f\u00fck \u0131s\u0131da \u00fct\u00fcleyiniz. El ile \u00f6l\u00e7\u00fcmlerde 2-3 cm farkl\u0131l\u0131k g\u00f6sterebilir. Manken Bedeni: S-M Manken \u00d6l\u00e7\u00fcs\u00fc: Boy: 1.74 [&hellip;]<\/p>\n","protected":false},"featured_media":171190,"comment_status":"open","ping_status":"closed","template":"","meta":[],"product_brand":[],"product_cat":[1909],"product_tag":[6876],"class_list":{"0":"post-171205","1":"product","2":"type-product","3":"status-publish","4":"has-post-thumbnail","6":"product_cat-bluzlar-ve-gomlekler","7":"product_tag-rahat-kesim","8":"pa_brand-hooopstore","9":"pa_color-soft-mavi","10":"pa_size-l-xl-2","11":"pa_size-s-m","13":"first","14":"outofstock","15":"shipping-taxable","16":"product-type-variable"},"_links":{"self":[{"href":"https:\/\/mod.wisdar.net\/tr\/wp-json\/wp\/v2\/product\/171205","targetHints":{"allow":["GET"]}}],"collection":[{"href":"https:\/\/mod.wisdar.net\/tr\/wp-json\/wp\/v2\/product"}],"about":[{"href":"https:\/\/mod.wisdar.net\/tr\/wp-json\/wp\/v2\/types\/product"}],"replies":[{"embeddable":true,"href":"https:\/\/mod.wisdar.net\/tr\/wp-json\/wp\/v2\/comments?post=171205"}],"wp:featuredmedia":[{"embeddable":true,"href":"https:\/\/mod.wisdar.net\/tr\/wp-json\/wp\/v2\/media\/171190"}],"wp:attachment":[{"href":"https:\/\/mod.wisdar.net\/tr\/wp-json\/wp\/v2\/media?parent=171205"}],"wp:term":[{"taxonomy":"product_brand","embeddable":true,"href":"https:\/\/mod.wisdar.net\/tr\/wp-json\/wp\/v2\/product_brand?post=171205"},{"taxonomy":"product_cat","embeddable":true,"href":"https:\/\/mod.wisdar.net\/tr\/wp-json\/wp\/v2\/product_cat?post=171205"},{"taxonomy":"product_tag","embeddable":true,"href":"https:\/\/mod.wisdar.net\/tr\/wp-json\/wp\/v2\/product_tag?post=171205"}],"curies":[{"name":"wp","href":"https:\/\/api.w.org\/{rel}","templated":true}]}}