{"id":171297,"date":"2026-03-11T21:01:34","date_gmt":"2026-03-11T21:01:34","guid":{"rendered":"https:\/\/modesthanim.com\/product\/denim-gorunumlu-kemerli-lacivert-elbise\/"},"modified":"2026-03-11T21:21:09","modified_gmt":"2026-03-11T21:21:09","slug":"denim-gorunumlu-kemerli-lacivert-elbise","status":"publish","type":"product","link":"https:\/\/mod.wisdar.net\/tr\/urun\/denim-gorunumlu-kemerli-lacivert-elbise\/","title":{"rendered":"Denim G\u00f6r\u00fcn\u00fcml\u00fc Kemerli Lacivert Elbise"},"content":{"rendered":"<p>DEN\u0130M G\u00d6R\u00dcN\u00dcML\u00dc KEMERL\u0130 LAC\u0130VERT ELB\u0130SE \u00d6ZELL\u0130KLER\u0130<br \/>\nG\u00f6mlek yaka, \u00f6nden yar\u0131m d\u00fc\u011fme ve fermuar kapamal\u0131, kemer aksesuarl\u0131, kemer k\u00f6pr\u00fcl\u00fc, \u00f6nden cep detayl\u0131, tam kal\u0131p, denim g\u00f6r\u00fcn\u00fcml\u00fc kemerli elbise.<br \/>\n\u0130\u00c7ER\u0130\u011e\u0130 VE YIKANMASI<br \/>\n%100 Pamuk<br \/>\n30 derecede k\u0131sa programda makinede y\u0131kay\u0131n\u0131z, hassas y\u0131kama yap\u0131n\u0131z. Tersten y\u0131kay\u0131n\u0131z. A\u011fart\u0131c\u0131 kullanmay\u0131n\u0131z. D\u00fc\u015f\u00fck \u0131s\u0131da \u00fct\u00fcleyiniz.<br \/>\nEl ile \u00f6l\u00e7\u00fcmlerde 2-3 cm farkl\u0131l\u0131k g\u00f6sterebilir.<br \/>\nManken Bedeni: S<br \/>\nManken \u00d6l\u00e7\u00fcs\u00fc:  Boy: 1.74 cm, G\u00f6\u011f\u00fcs: 82 cm, Bel: 61 cm, Basen: 92 cm<\/p>\n","protected":false},"excerpt":{"rendered":"<p>DEN\u0130M G\u00d6R\u00dcN\u00dcML\u00dc KEMERL\u0130 LAC\u0130VERT ELB\u0130SE \u00d6ZELL\u0130KLER\u0130 G\u00f6mlek yaka, \u00f6nden yar\u0131m d\u00fc\u011fme ve fermuar kapamal\u0131, kemer aksesuarl\u0131, kemer k\u00f6pr\u00fcl\u00fc, \u00f6nden cep detayl\u0131, tam kal\u0131p, denim g\u00f6r\u00fcn\u00fcml\u00fc kemerli elbise. \u0130\u00c7ER\u0130\u011e\u0130 VE YIKANMASI %100 Pamuk 30 derecede k\u0131sa programda makinede y\u0131kay\u0131n\u0131z, hassas y\u0131kama yap\u0131n\u0131z. Tersten y\u0131kay\u0131n\u0131z. A\u011fart\u0131c\u0131 kullanmay\u0131n\u0131z. D\u00fc\u015f\u00fck \u0131s\u0131da \u00fct\u00fcleyiniz. El ile \u00f6l\u00e7\u00fcmlerde 2-3 cm farkl\u0131l\u0131k g\u00f6sterebilir. [&hellip;]<\/p>\n","protected":false},"featured_media":171284,"comment_status":"open","ping_status":"closed","template":"","meta":[],"product_brand":[],"product_cat":[6249,4077],"product_tag":[7810,7426,6744,8299,7238],"class_list":{"0":"post-171297","1":"product","2":"type-product","3":"status-publish","4":"has-post-thumbnail","6":"product_cat-elbiseler","7":"product_cat-kot-elbiseler","8":"product_tag-denim-gorunum","9":"product_tag-gunluk-giyim-3","10":"product_tag-kadin-modasi","11":"product_tag-kemerli-elbise","12":"product_tag-lacivert","13":"pa_brand-hooopstore","14":"pa_color-lacivert","15":"pa_size-large","16":"pa_size-medium","17":"pa_size-small","19":"first","20":"instock","21":"sale","22":"shipping-taxable","23":"purchasable","24":"product-type-variable"},"_links":{"self":[{"href":"https:\/\/mod.wisdar.net\/tr\/wp-json\/wp\/v2\/product\/171297","targetHints":{"allow":["GET"]}}],"collection":[{"href":"https:\/\/mod.wisdar.net\/tr\/wp-json\/wp\/v2\/product"}],"about":[{"href":"https:\/\/mod.wisdar.net\/tr\/wp-json\/wp\/v2\/types\/product"}],"replies":[{"embeddable":true,"href":"https:\/\/mod.wisdar.net\/tr\/wp-json\/wp\/v2\/comments?post=171297"}],"wp:featuredmedia":[{"embeddable":true,"href":"https:\/\/mod.wisdar.net\/tr\/wp-json\/wp\/v2\/media\/171284"}],"wp:attachment":[{"href":"https:\/\/mod.wisdar.net\/tr\/wp-json\/wp\/v2\/media?parent=171297"}],"wp:term":[{"taxonomy":"product_brand","embeddable":true,"href":"https:\/\/mod.wisdar.net\/tr\/wp-json\/wp\/v2\/product_brand?post=171297"},{"taxonomy":"product_cat","embeddable":true,"href":"https:\/\/mod.wisdar.net\/tr\/wp-json\/wp\/v2\/product_cat?post=171297"},{"taxonomy":"product_tag","embeddable":true,"href":"https:\/\/mod.wisdar.net\/tr\/wp-json\/wp\/v2\/product_tag?post=171297"}],"curies":[{"name":"wp","href":"https:\/\/api.w.org\/{rel}","templated":true}]}}