{"id":171503,"date":"2026-03-11T21:03:51","date_gmt":"2026-03-11T21:03:51","guid":{"rendered":"https:\/\/modesthanim.com\/product\/dikis-detayli-rahat-tas-pantolon-takim-2\/"},"modified":"2026-04-11T21:50:35","modified_gmt":"2026-04-11T21:50:35","slug":"dikis-detayli-rahat-tas-pantolon-takim-2","status":"publish","type":"product","link":"https:\/\/mod.wisdar.net\/tr\/urun\/dikis-detayli-rahat-tas-pantolon-takim-2\/","title":{"rendered":"Diki\u015f Detayl\u0131 Rahat Ta\u015f Pantolon Tak\u0131m"},"content":{"rendered":"<p>D\u0130K\u0130\u015e DETAYLI RAHAT TA\u015e PANTOLON TAKIM \u00d6ZELL\u0130KLER\u0130 G\u00f6mlek yaka, d\u00fc\u011fmeli, cep detayl\u0131, ispanyol kol formunda, kendi kuma\u015f\u0131ndan biye kemerli, rahat kesim g\u00f6mlek, pantolon beli lastikli, cepli, beli ip ba\u011flamal\u0131 ayarlanabilir, geni\u015f pa\u00e7a ucuna sahip, normal kal\u0131p, diki\u015f detayl\u0131 pantolon tak\u0131m. \u0130\u00c7ER\u0130\u011e\u0130 VE YIKANMASI %91 Liyosel %9 Pes 30 derecede k\u0131sa programda makinede y\u0131kay\u0131n\u0131z, hassas y\u0131kama yap\u0131n\u0131z. Tersten y\u0131kay\u0131n\u0131z. A\u011fart\u0131c\u0131 kullanmay\u0131n\u0131z. D\u00fc\u015f\u00fck \u0131s\u0131da \u00fct\u00fcleyiniz. El ile \u00f6l\u00e7\u00fcmlerde 2-3 cm farkl\u0131l\u0131k g\u00f6sterebilir. Manken Bedeni: S-M Manken \u00d6l\u00e7\u00fcs\u00fc: Boy: 1.74 cm, G\u00f6\u011f\u00fcs: 82 cm, Bel: 61 cm, Basen: 92 cm<\/p>\n","protected":false},"excerpt":{"rendered":"<p>D\u0130K\u0130\u015e DETAYLI RAHAT TA\u015e PANTOLON TAKIM \u00d6ZELL\u0130KLER\u0130 G\u00f6mlek yaka, d\u00fc\u011fmeli, cep detayl\u0131, ispanyol kol formunda, kendi kuma\u015f\u0131ndan biye kemerli, rahat kesim g\u00f6mlek, pantolon beli lastikli, cepli, beli ip ba\u011flamal\u0131 ayarlanabilir, geni\u015f pa\u00e7a ucuna sahip, normal kal\u0131p, diki\u015f detayl\u0131 pantolon tak\u0131m. \u0130\u00c7ER\u0130\u011e\u0130 VE YIKANMASI %91 Liyosel %9 Pes 30 derecede k\u0131sa programda makinede y\u0131kay\u0131n\u0131z, hassas y\u0131kama [&hellip;]<\/p>\n","protected":false},"featured_media":171486,"comment_status":"open","ping_status":"closed","template":"","meta":[],"product_brand":[],"product_cat":[1900],"product_tag":[6761,6751,6882,8396],"class_list":{"0":"post-171503","1":"product","2":"type-product","3":"status-publish","4":"has-post-thumbnail","6":"product_cat-koordinatlar-setler","7":"product_tag-bol-paca","8":"product_tag-rahat","9":"product_tag-rahat-kesim-2","10":"product_tag-tas-rengi","11":"pa_brand-hooopstore","12":"pa_color-tas-rengi","13":"pa_size-l-xl-2","14":"pa_size-s-m","16":"first","17":"instock","18":"sale","19":"shipping-taxable","20":"purchasable","21":"product-type-variable"},"_links":{"self":[{"href":"https:\/\/mod.wisdar.net\/tr\/wp-json\/wp\/v2\/product\/171503","targetHints":{"allow":["GET"]}}],"collection":[{"href":"https:\/\/mod.wisdar.net\/tr\/wp-json\/wp\/v2\/product"}],"about":[{"href":"https:\/\/mod.wisdar.net\/tr\/wp-json\/wp\/v2\/types\/product"}],"replies":[{"embeddable":true,"href":"https:\/\/mod.wisdar.net\/tr\/wp-json\/wp\/v2\/comments?post=171503"}],"wp:featuredmedia":[{"embeddable":true,"href":"https:\/\/mod.wisdar.net\/tr\/wp-json\/wp\/v2\/media\/171486"}],"wp:attachment":[{"href":"https:\/\/mod.wisdar.net\/tr\/wp-json\/wp\/v2\/media?parent=171503"}],"wp:term":[{"taxonomy":"product_brand","embeddable":true,"href":"https:\/\/mod.wisdar.net\/tr\/wp-json\/wp\/v2\/product_brand?post=171503"},{"taxonomy":"product_cat","embeddable":true,"href":"https:\/\/mod.wisdar.net\/tr\/wp-json\/wp\/v2\/product_cat?post=171503"},{"taxonomy":"product_tag","embeddable":true,"href":"https:\/\/mod.wisdar.net\/tr\/wp-json\/wp\/v2\/product_tag?post=171503"}],"curies":[{"name":"wp","href":"https:\/\/api.w.org\/{rel}","templated":true}]}}