{"id":17152,"date":"2025-11-02T12:58:34","date_gmt":"2025-11-02T12:58:34","guid":{"rendered":"https:\/\/modesthanim.com\/product\/kusakli-ve-firfirli-elbise-toz-pembe\/"},"modified":"2025-12-25T23:30:10","modified_gmt":"2025-12-25T23:30:10","slug":"kusakli-ve-firfirli-elbise-toz-pembe","status":"publish","type":"product","link":"https:\/\/mod.wisdar.net\/tr\/urun\/kusakli-ve-firfirli-elbise-toz-pembe\/","title":{"rendered":"Ku\u015fakl\u0131 ve F\u0131rf\u0131rl\u0131 Elbise \u2013 Toz Pembe"},"content":{"rendered":"<p>Ak\u0131c\u0131 kuma\u015f\u0131 ve rahat kal\u0131b\u0131 ile bu elbise, \u015f\u0131k g\u00f6r\u00fcn\u00fcm\u00fcyle her ortama uyum sa\u011flarken g\u00fcn boyu konfor sunar. G\u00fcnl\u00fck kullan\u0131m veya \u00f6zel bir g\u00fcn i\u00e7in ideal bir se\u00e7imdir.<\/p>\n<p>Kuma\u015f Kompozisyonu: %58 Lyocell, %42 Viskon<br \/>\nDesen: D\u00fcz<br \/>\nYaka Tipi: G\u00f6mlek Yakas\u0131<br \/>\nKol Tipi: Uzun Kol<br \/>\nCep: Cepsiz<br \/>\nAstar: Astars\u0131z<br \/>\n\u00dcr\u00fcn Uzunlu\u011fu: 140 cm<br \/>\nKal\u0131p: Normal Kal\u0131p<br \/>\nModelin Giydi\u011fi Beden: 38<br \/>\nModel \u00d6l\u00e7\u00fcleri: Boy: 177 cm, G\u00f6\u011f\u00fcs: 88 cm, Bel: 58 cm, Kal\u00e7a: 93 cm<\/p>\n","protected":false},"excerpt":{"rendered":"<p>Ak\u0131c\u0131 kuma\u015f\u0131 ve rahat kal\u0131b\u0131 ile bu elbise, \u015f\u0131k g\u00f6r\u00fcn\u00fcm\u00fcyle her ortama uyum sa\u011flarken g\u00fcn boyu konfor sunar. G\u00fcnl\u00fck kullan\u0131m veya \u00f6zel bir g\u00fcn i\u00e7in ideal bir se\u00e7imdir. Kuma\u015f Kompozisyonu: %58 Lyocell, %42 Viskon Desen: D\u00fcz Yaka Tipi: G\u00f6mlek Yakas\u0131 Kol Tipi: Uzun Kol Cep: Cepsiz Astar: Astars\u0131z \u00dcr\u00fcn Uzunlu\u011fu: 140 cm Kal\u0131p: Normal Kal\u0131p [&hellip;]<\/p>\n","protected":false},"featured_media":51907,"comment_status":"open","ping_status":"closed","template":"","meta":[],"product_brand":[],"product_cat":[1853],"product_tag":[],"class_list":{"0":"post-17152","1":"product","2":"type-product","3":"status-publish","4":"has-post-thumbnail","6":"product_cat-womens-fashion-ar","8":"first","9":"instock","10":"sale","11":"shipping-taxable","12":"purchasable","13":"product-type-variable"},"_links":{"self":[{"href":"https:\/\/mod.wisdar.net\/tr\/wp-json\/wp\/v2\/product\/17152","targetHints":{"allow":["GET"]}}],"collection":[{"href":"https:\/\/mod.wisdar.net\/tr\/wp-json\/wp\/v2\/product"}],"about":[{"href":"https:\/\/mod.wisdar.net\/tr\/wp-json\/wp\/v2\/types\/product"}],"replies":[{"embeddable":true,"href":"https:\/\/mod.wisdar.net\/tr\/wp-json\/wp\/v2\/comments?post=17152"}],"wp:featuredmedia":[{"embeddable":true,"href":"https:\/\/mod.wisdar.net\/tr\/wp-json\/wp\/v2\/media\/51907"}],"wp:attachment":[{"href":"https:\/\/mod.wisdar.net\/tr\/wp-json\/wp\/v2\/media?parent=17152"}],"wp:term":[{"taxonomy":"product_brand","embeddable":true,"href":"https:\/\/mod.wisdar.net\/tr\/wp-json\/wp\/v2\/product_brand?post=17152"},{"taxonomy":"product_cat","embeddable":true,"href":"https:\/\/mod.wisdar.net\/tr\/wp-json\/wp\/v2\/product_cat?post=17152"},{"taxonomy":"product_tag","embeddable":true,"href":"https:\/\/mod.wisdar.net\/tr\/wp-json\/wp\/v2\/product_tag?post=17152"}],"curies":[{"name":"wp","href":"https:\/\/api.w.org\/{rel}","templated":true}]}}